{"id":10167,"date":"2025-12-18T09:26:34","date_gmt":"2025-12-18T09:26:34","guid":{"rendered":"https:\/\/sabanadelamartours.com\/?post_type=product&#038;p=10167"},"modified":"2026-01-09T14:40:43","modified_gmt":"2026-01-09T14:40:43","slug":"-2","status":"publish","type":"product","link":"https:\/\/sabanadelamartours.com\/cs\/prohlidka\/-2\/","title":{"rendered":"Bayahibe: Celodenn\u00ed v\u00fdlet na ostrov Saona"},"content":{"rendered":"<p>Bayahibe: Celodenn\u00ed v\u00fdlet na ostrov Saona<\/p>\n<p>Vydejte se na nezapomenuteln\u00e9 dobrodru\u017estv\u00ed na \u00fachvatn\u00fd ostrov Saona, skryt\u00fd klenot proslul\u00fd nedot\u010den\u00fdmi pl\u00e1\u017eemi s b\u00edl\u00fdm p\u00edskem, oslnivou tyrkysovou vodou a pohupuj\u00edc\u00edmi se palmami, kter\u00e9 vytv\u00e1\u0159ej\u00ed malebn\u00fd tropick\u00fd r\u00e1j. Tento v\u00fdlet je navr\u017een tak, aby poskytl idylickou atmosf\u00e9ru, kde odpo\u010dinek a z\u00e1bava jsou v pop\u0159ed\u00ed va\u0161ich z\u00e1\u017eitk\u016f.<\/p>\n<p>V\u00e1\u0161 den za\u010d\u00edn\u00e1 pohodln\u00fdm vyzvednut\u00edm z hotelu, kde v\u00e1s p\u0159iv\u00edt\u00e1 p\u0159\u00e1telsk\u00fd person\u00e1l, kter\u00fd v\u00e1s doprovod\u00ed do Bayahibe. Po p\u0159\u00edjezdu do p\u016fvabn\u00e9 pob\u0159e\u017en\u00ed vesnice nastoup\u00edte na motorov\u00fd \u010dlun a budete p\u0159ipraveni plout Karibsk\u00fdm mo\u0159em na cestu na ostrov Saona.<\/p>\n<p>Po cest\u011b se zastav\u00edte u n\u00e1dhern\u00e9ho p\u0159\u00edrodn\u00edho koupali\u0161t\u011b, o\u00e1zy klidu s k\u0159i\u0161\u0165\u00e1lov\u011b \u010distou vodou, kter\u00e1 p\u0159\u00edmo vyb\u00edz\u00ed k osv\u011b\u017een\u00ed. Ne\u017e budete pokra\u010dovat ve v\u00fdprav\u011b na ostrov Saona, dop\u0159ejte si zde chvilku odpo\u010dinku a vychutnejte si kr\u00e1su okol\u00ed.<\/p>\n<p>Po p\u0159\u00edjezdu budete m\u00edt p\u0159ibli\u017en\u011b 3,5 hodiny na slun\u011bn\u00ed, proch\u00e1zky po m\u011bkk\u00e9m p\u00edse\u010dn\u00e9m pob\u0159e\u017e\u00ed nebo vodn\u00ed aktivity, jako je \u0161norchlov\u00e1n\u00ed v \u017eiv\u00fdch kor\u00e1lov\u00fdch \u00fatesech. Atmosf\u00e9ra je ide\u00e1ln\u00ed pro nas\u00e1v\u00e1n\u00ed tropick\u00e9ho kouzla a p\u0159ij\u00edm\u00e1n\u00ed pohodov\u00e9 ostrovn\u00ed atmosf\u00e9ry.<\/p>\n<p>Ve 14:35 je \u010das vydat se na zp\u00e1te\u010dn\u00ed cestu. Nastoup\u00edte na \u017eiv\u00fd katamar\u00e1n a pojedete zp\u011bt do Bayahibe, kde se atmosf\u00e9ra prom\u011bn\u00ed v radostnou oslavu. Zatan\u010dete si na optimistickou hudbu a spojte se se spolucestuj\u00edc\u00edmi, aby se 1,5hodinov\u00e1 plavba zp\u011bt stala vzru\u0161uj\u00edc\u00edm z\u00e1\u017eitkem.<\/p>\n<p>Po dni pln\u00e9m sluncem zalit\u00e9 z\u00e1bavy a nezapomenuteln\u00fdch okam\u017eik\u016f v\u00e1s vysad\u00edme zp\u011bt v m\u00edst\u011b ubytov\u00e1n\u00ed a odvezeme si s sebou cenn\u00e9 vzpom\u00ednky na n\u00e1dhern\u00fd den na ostrov\u011b Saona.<\/p>","protected":false},"excerpt":{"rendered":"<p>Prozkoumejte n\u00e1dhern\u00fd ostrov Saona. Poznejte malebn\u00e1 p\u0159\u00edrodn\u00ed jez\u00edrka a b\u00edl\u00e9 p\u00edse\u010dn\u00e9 pl\u00e1\u017ee Karibiku a pot\u00e9 oslavte zp\u00e1te\u010dn\u00ed cestu ve\u010d\u00edrkem na katamar\u00e1nu.<\/p>","protected":false},"featured_media":10202,"template":"","meta":[],"product_brand":[],"product_cat":[97,98],"product_tag":[99,100],"class_list":{"0":"post-10167","1":"product","2":"type-product","3":"status-publish","4":"has-post-thumbnail","6":"product_cat-dominican-republic","7":"product_cat-saona-island","8":"product_tag-isla-saona","9":"product_tag-saona-island","11":"first","12":"instock","13":"sale","14":"shipping-taxable","15":"product-type-external"},"_links":{"self":[{"href":"https:\/\/sabanadelamartours.com\/cs\/wp-json\/wp\/v2\/product\/10167","targetHints":{"allow":["GET"]}}],"collection":[{"href":"https:\/\/sabanadelamartours.com\/cs\/wp-json\/wp\/v2\/product"}],"about":[{"href":"https:\/\/sabanadelamartours.com\/cs\/wp-json\/wp\/v2\/types\/product"}],"version-history":[{"count":1,"href":"https:\/\/sabanadelamartours.com\/cs\/wp-json\/wp\/v2\/product\/10167\/revisions"}],"predecessor-version":[{"id":18778,"href":"https:\/\/sabanadelamartours.com\/cs\/wp-json\/wp\/v2\/product\/10167\/revisions\/18778"}],"wp:featuredmedia":[{"embeddable":true,"href":"https:\/\/sabanadelamartours.com\/cs\/wp-json\/wp\/v2\/media\/10202"}],"wp:attachment":[{"href":"https:\/\/sabanadelamartours.com\/cs\/wp-json\/wp\/v2\/media?parent=10167"}],"wp:term":[{"taxonomy":"product_brand","embeddable":true,"href":"https:\/\/sabanadelamartours.com\/cs\/wp-json\/wp\/v2\/product_brand?post=10167"},{"taxonomy":"product_cat","embeddable":true,"href":"https:\/\/sabanadelamartours.com\/cs\/wp-json\/wp\/v2\/product_cat?post=10167"},{"taxonomy":"product_tag","embeddable":true,"href":"https:\/\/sabanadelamartours.com\/cs\/wp-json\/wp\/v2\/product_tag?post=10167"}],"curies":[{"name":"wp","href":"https:\/\/api.w.org\/{rel}","templated":true}]}}