{"id":10169,"date":"2025-12-18T09:26:34","date_gmt":"2025-12-18T09:26:34","guid":{"rendered":"https:\/\/sabanadelamartours.com\/?post_type=product&#038;p=10169"},"modified":"2026-01-04T15:58:17","modified_gmt":"2026-01-04T15:58:17","slug":"-3","status":"publish","type":"product","link":"https:\/\/sabanadelamartours.com\/cs\/prohlidka\/-3\/","title":{"rendered":"Saman\u00e1: N\u00e1rodn\u00ed park Los Haitises a ostrov Cayo Levantado"},"content":{"rendered":"<p>Na tomto kr\u00e1sn\u00e9m v\u00fdlet\u011b se m\u016f\u017eete vydat do n\u00e1dhern\u00fdch tropick\u00fdch vod a pochutnat si na lahodn\u00fdch dominik\u00e1nsk\u00fdch specialit\u00e1ch. Prohl\u00e9dn\u011bte si historick\u00e1 um\u011bleck\u00e1 d\u00edla domorod\u00e9ho lidu Ta\u00edno, kter\u00e1 se nach\u00e1zej\u00ed v jeskyn\u00edch v p\u0159ekr\u00e1sn\u00e9m n\u00e1rodn\u00edm parku Los Haitises.<\/p>\n<p>Za\u010dn\u011bte v p\u0159\u00edstavu Samana, odkud se katamar\u00e1nem nebo lod\u00ed vyd\u00e1te na cestu kolem z\u00e1toky Samana. P\u0159ijedete do n\u00e1rodn\u00edho parku Los Haitises a nav\u0161t\u00edv\u00edte n\u00e1dhern\u00e9 skaln\u00ed ostrovy a sezn\u00e1m\u00edte se s interpretac\u00ed domorod\u00fdch maleb Ta\u00edno v jeskyni Linea.<\/p>\n<p>Po opu\u0161t\u011bn\u00ed starobyl\u00e9 jeskyn\u011b se vydejte lod\u00ed p\u0159es kr\u00e1sn\u00e9 vody na p\u016fvabnou pl\u00e1\u017e a do jeskyn\u011b Cueva de la Larena. Prohl\u00eddku jeskyn\u011b zakon\u010dete p\u0159\u00edpitkem a vra\u0165te se lod\u00ed na Cayo Levantado.<\/p>\n<p>Po n\u00e1vratu si vychutnejte tradi\u010dn\u00ed dominik\u00e1nsk\u00fd bufet a odpo\u010di\u0148te si na pl\u00e1\u017ei Cayo Levantado.<\/p>","protected":false},"excerpt":{"rendered":"<p>Nav\u0161tivte n\u00e1dhern\u00e9 skaln\u00ed ostrovy a domorod\u00e9 jeskynn\u00ed malby v n\u00e1rodn\u00edm parku Los Haitises. Vychutnejte si autentickou dominik\u00e1nskou hostinu, zat\u00edmco budete obdivovat \u00fachvatn\u00e9 vody, sk\u00e1ly a fl\u00f3ru t\u00e9to oblasti.<\/p>","protected":false},"featured_media":10228,"template":"","meta":[],"product_brand":[],"product_cat":[97],"product_tag":[101,102],"class_list":{"0":"post-10169","1":"product","2":"type-product","3":"status-publish","4":"has-post-thumbnail","6":"product_cat-dominican-republic","7":"product_tag-excursion","8":"product_tag-tour","10":"first","11":"instock","12":"shipping-taxable","13":"product-type-external"},"_links":{"self":[{"href":"https:\/\/sabanadelamartours.com\/cs\/wp-json\/wp\/v2\/product\/10169","targetHints":{"allow":["GET"]}}],"collection":[{"href":"https:\/\/sabanadelamartours.com\/cs\/wp-json\/wp\/v2\/product"}],"about":[{"href":"https:\/\/sabanadelamartours.com\/cs\/wp-json\/wp\/v2\/types\/product"}],"version-history":[{"count":1,"href":"https:\/\/sabanadelamartours.com\/cs\/wp-json\/wp\/v2\/product\/10169\/revisions"}],"predecessor-version":[{"id":18383,"href":"https:\/\/sabanadelamartours.com\/cs\/wp-json\/wp\/v2\/product\/10169\/revisions\/18383"}],"wp:featuredmedia":[{"embeddable":true,"href":"https:\/\/sabanadelamartours.com\/cs\/wp-json\/wp\/v2\/media\/10228"}],"wp:attachment":[{"href":"https:\/\/sabanadelamartours.com\/cs\/wp-json\/wp\/v2\/media?parent=10169"}],"wp:term":[{"taxonomy":"product_brand","embeddable":true,"href":"https:\/\/sabanadelamartours.com\/cs\/wp-json\/wp\/v2\/product_brand?post=10169"},{"taxonomy":"product_cat","embeddable":true,"href":"https:\/\/sabanadelamartours.com\/cs\/wp-json\/wp\/v2\/product_cat?post=10169"},{"taxonomy":"product_tag","embeddable":true,"href":"https:\/\/sabanadelamartours.com\/cs\/wp-json\/wp\/v2\/product_tag?post=10169"}],"curies":[{"name":"wp","href":"https:\/\/api.w.org\/{rel}","templated":true}]}}