{"id":10170,"date":"2025-12-18T09:26:34","date_gmt":"2025-12-18T09:26:34","guid":{"rendered":"https:\/\/sabanadelamartours.com\/?post_type=product&#038;p=10170"},"modified":"2026-02-09T04:07:41","modified_gmt":"2026-02-09T04:07:41","slug":"punta-cana-off-road-buggy-adventure-s-koupanim-v-jeskyni-cenote-a-na-plazi","status":"publish","type":"product","link":"https:\/\/sabanadelamartours.com\/cs\/prohlidka\/punta-cana-off-road-buggy-adventure-s-koupanim-v-jeskyni-cenote-a-na-plazi\/","title":{"rendered":"Punta cana : Dobrodru\u017estv\u00ed s ter\u00e9nn\u00edmi buginami, koup\u00e1n\u00ed v jeskyni cenote a na pl\u00e1\u017ei"},"content":{"rendered":"<p><strong>Punta Cana: Ter\u00e9nn\u00ed buginy s koup\u00e1n\u00edm v jeskyni cenote a na pl\u00e1\u017ei<\/strong><\/p>\n<p>Vydejte se na vzru\u0161uj\u00edc\u00ed dobrodru\u017estv\u00ed na bugin\u00e1ch, kter\u00e9 v\u00e1s provede po \u00fa\u017easn\u00e9 pl\u00e1\u017ei Macao a fascinuj\u00edc\u00edmi jeskyn\u011bmi s k\u0159i\u0161\u0165\u00e1lov\u011b \u010distou vodou v Punta Can\u011b. Poci\u0165te adrenalin, kdy\u017e budete \u0159\u00eddit buginu po klikat\u00fdch stezk\u00e1ch d\u017eungl\u00ed, m\u00edjet vo\u0148av\u00e9 k\u00e1vov\u00e9 a kakaov\u00e9 plant\u00e1\u017ee a pono\u0159it se do p\u0159\u00edrodn\u00edch kr\u00e1s okol\u00ed. Po p\u0159\u00edjezdu na pl\u00e1\u017e Macao si dop\u0159ejte \u010das na odpo\u010dinek a relaxaci v nedot\u010den\u00e9 tyrkysov\u00e9 vod\u011b a nechte se un\u00e1\u0161et klidem pl\u00e1\u017ee.<\/p>\n<p>Pot\u00e9 se vydejte do kouzeln\u00fdch jeskyn\u00ed, kde objev\u00edte k\u0159i\u0161\u0165\u00e1lov\u011b \u010dist\u00e9 vodn\u00ed t\u016fn\u011b, kter\u00e9 jsou dokonalou o\u00e1zou pro omlazuj\u00edc\u00ed koupel. Tento poutav\u00fd v\u00fdlet v sob\u011b plynule spojuje dobrodru\u017estv\u00ed, p\u0159\u00edrodu a m\u00edstn\u00ed kulturu, tak\u017ee si z Punta Cany odvezete nezapomenuteln\u00e9 vzpom\u00ednky.<\/p>","protected":false},"excerpt":{"rendered":"<p>Pono\u0159te se do jedine\u010dn\u00e9ho dobrodru\u017estv\u00ed p\u0159i prohl\u00eddce \u00fa\u017easn\u00e9 pl\u00e1\u017ee Macao a objevov\u00e1n\u00ed tajemn\u00fdch jeskyn\u00ed s k\u0159i\u0161\u0165\u00e1lov\u011b \u010distou vodou v Punta Can\u011b. Vychutnejte si vzru\u0161uj\u00edc\u00ed j\u00edzdu buginou v bahn\u011b.<\/p>","protected":false},"featured_media":10234,"template":"","meta":[],"product_brand":[],"product_cat":[97],"product_tag":[101,102],"class_list":{"0":"post-10170","1":"product","2":"type-product","3":"status-publish","4":"has-post-thumbnail","6":"product_cat-dominican-republic","7":"product_tag-excursion","8":"product_tag-tour","10":"first","11":"instock","12":"sale","13":"shipping-taxable","14":"product-type-external"},"_links":{"self":[{"href":"https:\/\/sabanadelamartours.com\/cs\/wp-json\/wp\/v2\/product\/10170","targetHints":{"allow":["GET"]}}],"collection":[{"href":"https:\/\/sabanadelamartours.com\/cs\/wp-json\/wp\/v2\/product"}],"about":[{"href":"https:\/\/sabanadelamartours.com\/cs\/wp-json\/wp\/v2\/types\/product"}],"version-history":[{"count":1,"href":"https:\/\/sabanadelamartours.com\/cs\/wp-json\/wp\/v2\/product\/10170\/revisions"}],"predecessor-version":[{"id":18818,"href":"https:\/\/sabanadelamartours.com\/cs\/wp-json\/wp\/v2\/product\/10170\/revisions\/18818"}],"wp:featuredmedia":[{"embeddable":true,"href":"https:\/\/sabanadelamartours.com\/cs\/wp-json\/wp\/v2\/media\/10234"}],"wp:attachment":[{"href":"https:\/\/sabanadelamartours.com\/cs\/wp-json\/wp\/v2\/media?parent=10170"}],"wp:term":[{"taxonomy":"product_brand","embeddable":true,"href":"https:\/\/sabanadelamartours.com\/cs\/wp-json\/wp\/v2\/product_brand?post=10170"},{"taxonomy":"product_cat","embeddable":true,"href":"https:\/\/sabanadelamartours.com\/cs\/wp-json\/wp\/v2\/product_cat?post=10170"},{"taxonomy":"product_tag","embeddable":true,"href":"https:\/\/sabanadelamartours.com\/cs\/wp-json\/wp\/v2\/product_tag?post=10170"}],"curies":[{"name":"wp","href":"https:\/\/api.w.org\/{rel}","templated":true}]}}