{"id":10171,"date":"2025-12-18T09:26:34","date_gmt":"2025-12-18T09:26:34","guid":{"rendered":"https:\/\/sabanadelamartours.com\/?post_type=product&#038;p=10171"},"modified":"2026-02-09T04:09:30","modified_gmt":"2026-02-09T04:09:30","slug":"prohlidka-punta-cana-higuey-s-ochutnavkou-kavy-a-kakaa-a-obedem","status":"publish","type":"product","link":"https:\/\/sabanadelamartours.com\/cs\/prohlidka\/prohlidka-punta-cana-higuey-s-ochutnavkou-kavy-a-kakaa-a-obedem\/","title":{"rendered":"Punta Cana: Ochutn\u00e1vka k\u00e1vy a kakaa s ob\u011bdem"},"content":{"rendered":"<p><strong>Punta Cana: Ochutn\u00e1vka k\u00e1vy a kakaa s ob\u011bdem<\/strong><\/p>\n<p>Vzru\u0161uj\u00edc\u00ed kulturn\u00ed v\u00fdlet do Hig\u00fcey, kter\u00fd spojuje dobrodru\u017estv\u00ed, historii a p\u0159\u00edrodn\u00ed kr\u00e1sy v jednom nezapomenuteln\u00e9m dni.<\/p>\n<p>Za\u010dneme vzru\u0161uj\u00edc\u00ed proj\u00ed\u017e\u010fkou na kon\u00edch do d\u017eungle, kde si u\u017eijete bujnou vegetaci a vzru\u0161en\u00ed z objevov\u00e1n\u00ed. Pot\u00e9 se vyd\u00e1me k majest\u00e1tn\u00ed bazilice Hig\u00fcey, ikonick\u00e9mu poutn\u00edmu m\u00edstu.<\/p>\n<p>Pot\u00e9 nav\u0161t\u00edv\u00edme m\u00edstn\u00ed \u017eiv\u00fd trh, abychom se pono\u0159ili do kultury a tradic regionu. Pokra\u010dujeme do \u0159emesln\u00e9ho obchodu, kde si m\u016f\u017eete zakoupit jedine\u010dn\u00e9 suven\u00fdry a ocenit m\u00edstn\u00ed talent.<\/p>\n<p>Na\u0161\u00ed dal\u0161\u00ed zast\u00e1vkou bude impozantn\u00ed poho\u0159\u00ed Anamuya, kde si u\u017eijeme osv\u011b\u017euj\u00edc\u00ed koup\u00e1n\u00ed v \u0159ece a vynikaj\u00edc\u00ed dominik\u00e1nsk\u00fd ob\u011bd formou bufetu. Pot\u00e9 vstoup\u00edme do typick\u00e9ho domu, kde ochutn\u00e1me m\u00edstn\u00ed k\u00e1vu a kakao a z\u00e1rove\u0148 se sezn\u00e1m\u00edme s rozmanitou fl\u00f3rou t\u00e9to oblasti.<\/p>\n<p>Na z\u00e1v\u011br tohoto obohacuj\u00edc\u00edho z\u00e1\u017eitku se vyd\u00e1me do tov\u00e1rny na doutn\u00edky, kde si m\u016f\u017eete vyrobit vlastn\u00ed doutn\u00edky a odn\u00e9st si je jako suven\u00fdr z tohoto nezapomenuteln\u00e9ho dne. Nakonec si odpo\u010dineme na rajsk\u00e9 pl\u00e1\u017ei v Macau a budeme si u\u017e\u00edvat slunce a p\u00edsku, ne\u017e n\u00e1\u0161 v\u00fdlet ukon\u010d\u00edme.<\/p>\n<p>Na t\u00e9to prohl\u00eddce m\u011bsta Hig\u00fcey v\u00e1s \u010dek\u00e1 den pln\u00fd dobrodru\u017estv\u00ed, kultury a objev\u016f! P\u0159ipravte se pro\u017e\u00edt nezapomenuteln\u00e9 chv\u00edle!<\/p>","protected":false},"excerpt":{"rendered":"<p>Vychutnejte si den mimo s\u00e9rii na\u0161ich kulturn\u00edch a gastronomick\u00fdch v\u00fdlet\u016f po m\u011bst\u011b a hor\u00e1ch, kter\u00e9 jsou skute\u010dn\u00fdm kontaktem s dominik\u00e1nskou kulturou. 99% spokojenost zaru\u010dena.<\/p>","protected":false},"featured_media":10247,"template":"","meta":[],"product_brand":[],"product_cat":[97],"product_tag":[101,102],"class_list":{"0":"post-10171","1":"product","2":"type-product","3":"status-publish","4":"has-post-thumbnail","6":"product_cat-dominican-republic","7":"product_tag-excursion","8":"product_tag-tour","10":"first","11":"instock","12":"sale","13":"shipping-taxable","14":"product-type-external"},"_links":{"self":[{"href":"https:\/\/sabanadelamartours.com\/cs\/wp-json\/wp\/v2\/product\/10171","targetHints":{"allow":["GET"]}}],"collection":[{"href":"https:\/\/sabanadelamartours.com\/cs\/wp-json\/wp\/v2\/product"}],"about":[{"href":"https:\/\/sabanadelamartours.com\/cs\/wp-json\/wp\/v2\/types\/product"}],"version-history":[{"count":1,"href":"https:\/\/sabanadelamartours.com\/cs\/wp-json\/wp\/v2\/product\/10171\/revisions"}],"predecessor-version":[{"id":18819,"href":"https:\/\/sabanadelamartours.com\/cs\/wp-json\/wp\/v2\/product\/10171\/revisions\/18819"}],"wp:featuredmedia":[{"embeddable":true,"href":"https:\/\/sabanadelamartours.com\/cs\/wp-json\/wp\/v2\/media\/10247"}],"wp:attachment":[{"href":"https:\/\/sabanadelamartours.com\/cs\/wp-json\/wp\/v2\/media?parent=10171"}],"wp:term":[{"taxonomy":"product_brand","embeddable":true,"href":"https:\/\/sabanadelamartours.com\/cs\/wp-json\/wp\/v2\/product_brand?post=10171"},{"taxonomy":"product_cat","embeddable":true,"href":"https:\/\/sabanadelamartours.com\/cs\/wp-json\/wp\/v2\/product_cat?post=10171"},{"taxonomy":"product_tag","embeddable":true,"href":"https:\/\/sabanadelamartours.com\/cs\/wp-json\/wp\/v2\/product_tag?post=10171"}],"curies":[{"name":"wp","href":"https:\/\/api.w.org\/{rel}","templated":true}]}}