{"id":10174,"date":"2025-12-18T09:26:35","date_gmt":"2025-12-18T09:26:35","guid":{"rendered":"https:\/\/sabanadelamartours.com\/?post_type=product&#038;p=10174"},"modified":"2026-01-05T15:52:17","modified_gmt":"2026-01-05T15:52:17","slug":"amber-cove-taino-bay-7-vodopadu-s-obedem-v-bazenu","status":"publish","type":"product","link":"https:\/\/sabanadelamartours.com\/cs\/prohlidka\/amber-cove-taino-bay-7-vodopadu-s-obedem-v-bazenu\/","title":{"rendered":"Amber Cove\/Taino Bay: 7 vodop\u00e1d\u016f s koup\u00e1n\u00edm a ob\u011bdem"},"content":{"rendered":"<h4 class=\"activity__title js-title\" data-track=\"activity-title\" data-test-id=\"activity-title\">Amber Cove\/Taino Bay: 7 vodop\u00e1d\u016f s koup\u00e1n\u00edm a ob\u011bdem<\/h4>\n<p>Pono\u0159te se do dobrodru\u017estv\u00ed p\u0159i v\u00fdletu do Puerto Plata, r\u00e1je pro milovn\u00edky p\u0159\u00edrody. Objevte skryt\u00fd klenot 7 vodop\u00e1d\u016f Damajagua (Charcos), zasazen\u00fdch do malebn\u00fdch kopc\u016f severn\u00edho poho\u0159\u00ed.<\/p>\n<p>Tyto n\u00e1dhern\u00e9 p\u0159\u00edrodn\u00ed \u00fakazy, kter\u00e9 jsou sou\u010d\u00e1st\u00ed chr\u00e1n\u011bn\u00fdch oblast\u00ed Dominik\u00e1nsk\u00e9 republiky, nab\u00edzej\u00ed vzru\u0161uj\u00edc\u00ed z\u00e1\u017eitek p\u0159i proplouv\u00e1n\u00ed tropick\u00fdm ka\u0148onem. Obdivujte \u0159adu kask\u00e1dovit\u00fdch vodop\u00e1d\u016f, kde se m\u016f\u017eete proch\u00e1zet, klouzat, plavat a dokonce podnikat odv\u00e1\u017en\u00e9 skoky. Sou\u010d\u00e1st\u00ed v\u00fdletu je chutn\u00fd ob\u011bd formou bufetu a osv\u011b\u017e\u00edte se bezplatnou vodou a kolou.<\/p>\n<p>Krom\u011b toho m\u016f\u017eete vyu\u017e\u00edt pohodlnou zp\u00e1te\u010dn\u00ed dopravu z termin\u00e1lu v\u00fdletn\u00ed lodi, p\u0159i\u010dem\u017e vyzvednut\u00ed je mo\u017en\u00e9 p\u0159ed p\u0159\u00edstavem Taino Bay a Amber Cove. P\u0159ipravte se na nezapomenuteln\u00e9 dobrodru\u017estv\u00ed v Puerto Plata!<\/p>","protected":false},"excerpt":{"rendered":"<div data-track=\"overview\" data-v-56a1a938=\"\">\n<section id=\"activity-overview\" class=\"activity-overview\" data-component=\"overview\" data-v-56a1a938=\"\" data-v-f3236c42=\"\">\n<p class=\"activity-overview__content\" data-test-id=\"activity-overview-content\" data-v-f3236c42=\"\">U\u017eijte si s n\u00e1mi v\u00fdlet k vodop\u00e1du, kter\u00fd si zamilujete. Sk\u00e1kejte z vodop\u00e1du, plavte, klouzejte se a sk\u00e1kejte do velmi vz\u00e1cn\u00fdch a p\u0159\u00edrodn\u00edch vodop\u00e1d\u016f. Anglick\u00fd\/\u0161pan\u011blsk\u00fd pr\u016fvodce, kter\u00fd se v\u00e1m bude v\u011bnovat.<\/p>\n<\/section>\n<\/div>\n<div data-track=\"key-details\" data-v-56a1a938=\"\"><\/div>","protected":false},"featured_media":10294,"template":"","meta":[],"product_brand":[],"product_cat":[97],"product_tag":[101,102],"class_list":{"0":"post-10174","1":"product","2":"type-product","3":"status-publish","4":"has-post-thumbnail","6":"product_cat-dominican-republic","7":"product_tag-excursion","8":"product_tag-tour","10":"first","11":"instock","12":"sale","13":"shipping-taxable","14":"product-type-external"},"_links":{"self":[{"href":"https:\/\/sabanadelamartours.com\/cs\/wp-json\/wp\/v2\/product\/10174","targetHints":{"allow":["GET"]}}],"collection":[{"href":"https:\/\/sabanadelamartours.com\/cs\/wp-json\/wp\/v2\/product"}],"about":[{"href":"https:\/\/sabanadelamartours.com\/cs\/wp-json\/wp\/v2\/types\/product"}],"version-history":[{"count":2,"href":"https:\/\/sabanadelamartours.com\/cs\/wp-json\/wp\/v2\/product\/10174\/revisions"}],"predecessor-version":[{"id":18385,"href":"https:\/\/sabanadelamartours.com\/cs\/wp-json\/wp\/v2\/product\/10174\/revisions\/18385"}],"wp:featuredmedia":[{"embeddable":true,"href":"https:\/\/sabanadelamartours.com\/cs\/wp-json\/wp\/v2\/media\/10294"}],"wp:attachment":[{"href":"https:\/\/sabanadelamartours.com\/cs\/wp-json\/wp\/v2\/media?parent=10174"}],"wp:term":[{"taxonomy":"product_brand","embeddable":true,"href":"https:\/\/sabanadelamartours.com\/cs\/wp-json\/wp\/v2\/product_brand?post=10174"},{"taxonomy":"product_cat","embeddable":true,"href":"https:\/\/sabanadelamartours.com\/cs\/wp-json\/wp\/v2\/product_cat?post=10174"},{"taxonomy":"product_tag","embeddable":true,"href":"https:\/\/sabanadelamartours.com\/cs\/wp-json\/wp\/v2\/product_tag?post=10174"}],"curies":[{"name":"wp","href":"https:\/\/api.w.org\/{rel}","templated":true}]}}