{"id":10175,"date":"2025-12-18T09:26:35","date_gmt":"2025-12-18T09:26:35","guid":{"rendered":"https:\/\/sabanadelamartours.com\/?post_type=product&#038;p=10175"},"modified":"2025-12-18T09:31:01","modified_gmt":"2025-12-18T09:31:01","slug":"punta-cana-buggy-nebo-atv-tour-na-plazi-a-navsteva-cenote","status":"publish","type":"product","link":"https:\/\/sabanadelamartours.com\/cs\/prohlidka\/punta-cana-buggy-nebo-atv-tour-na-plazi-a-navsteva-cenote\/","title":{"rendered":"Punta Cana: Prohl\u00eddka pl\u00e1\u017ee na bugin\u00e1ch nebo \u010dty\u0159kolk\u00e1ch a n\u00e1v\u0161t\u011bva cenot\u016f"},"content":{"rendered":"<div class=\"woocommerce-product-details__short-description\">\n<div data-track=\"overview\" data-v-56a1a938=\"\">\n<section id=\"activity-overview\" class=\"activity-overview\" data-component=\"overview\" data-v-56a1a938=\"\" data-v-f3236c42=\"\">\n<p data-test-id=\"activity-overview-content\" data-v-f3236c42=\"\"><strong>Punta Cana: Prohl\u00eddka pl\u00e1\u017ee na bugin\u00e1ch nebo \u010dty\u0159kolk\u00e1ch a n\u00e1v\u0161t\u011bva cenot\u016f<\/strong><\/p>\n<p class=\"activity-overview__content\" data-test-id=\"activity-overview-content\" data-v-f3236c42=\"\">Proje\u010fte se buginou nebo \u010dty\u0159kolkou po malebn\u00fdch pl\u00e1\u017e\u00edch Punta Cany. Odpo\u010di\u0148te si na pl\u00e1\u017ei Macao, zaplavte si v nedot\u010den\u00fdch karibsk\u00fdch vod\u00e1ch a nav\u0161tivte idylick\u00fd cenot.<\/p>\n<\/section>\n<\/div>\n<\/div>\n<p>Vyzvedn\u011bte se v hotelu a vydejte se do vnitrozem\u00ed Punta Cany. Pono\u0159te se do p\u0159\u00edrodn\u00edch kr\u00e1s krajiny poset\u00e9 k\u00e1vov\u00fdmi a kakaov\u00fdmi plant\u00e1\u017eemi. Seznamte se s trasou a zjist\u011bte, jak bezpe\u010dn\u011b ovl\u00e1dat buginu nebo \u010dty\u0159kolku.<\/p>\n<p>Pak nastartujte motor a vydejte se na cestu po \u010dlenit\u00e9, bl\u00e1tiv\u00e9 stezce. Zastavte se na pl\u00e1\u017ei Macao, daleko od dav\u016f kolem velk\u00fdch hotel\u016f. Odpo\u010di\u0148te si na \u010dist\u00e9m p\u00edsku a zaplavte si v k\u0159i\u0161\u0165\u00e1lov\u00fdch karibsk\u00fdch vod\u00e1ch. Pokra\u010dujte po trase pro buggy sm\u011brem k domorod\u00fdm pramen\u016fm. Objevte tento idylick\u00fd cenote, kdy\u017e vystoup\u00edte a prozkoum\u00e1te podzemn\u00ed baz\u00e9n. Ne\u017e se vyd\u00e1te d\u00e1l, vykoupejte se v jeho tyrkysov\u00fdch vod\u00e1ch. Prohl\u00eddku zakon\u010dete odvozem zp\u011bt do hotelu v Punta Can\u011b.<\/p>","protected":false},"excerpt":{"rendered":"<div data-track=\"overview\" data-v-56a1a938=\"\">\n<section id=\"activity-overview\" class=\"activity-overview\" data-component=\"overview\" data-v-56a1a938=\"\" data-v-f3236c42=\"\">\n<p class=\"activity-overview__content\" data-test-id=\"activity-overview-content\" data-v-f3236c42=\"\">Proje\u010fte se buginou nebo \u010dty\u0159kolkou po malebn\u00fdch pl\u00e1\u017e\u00edch Punta Cany. Odpo\u010di\u0148te si na pl\u00e1\u017ei Macao, zaplavte si v nedot\u010den\u00fdch karibsk\u00fdch vod\u00e1ch a nav\u0161tivte idylick\u00fd cenot.<\/p>\n<\/section>\n<\/div>\n<div data-track=\"key-details\" data-v-56a1a938=\"\"><\/div>","protected":false},"featured_media":10301,"template":"","meta":[],"product_brand":[],"product_cat":[97],"product_tag":[101,102],"class_list":{"0":"post-10175","1":"product","2":"type-product","3":"status-publish","4":"has-post-thumbnail","6":"product_cat-dominican-republic","7":"product_tag-excursion","8":"product_tag-tour","10":"first","11":"instock","12":"sale","13":"shipping-taxable","14":"product-type-external"},"_links":{"self":[{"href":"https:\/\/sabanadelamartours.com\/cs\/wp-json\/wp\/v2\/product\/10175","targetHints":{"allow":["GET"]}}],"collection":[{"href":"https:\/\/sabanadelamartours.com\/cs\/wp-json\/wp\/v2\/product"}],"about":[{"href":"https:\/\/sabanadelamartours.com\/cs\/wp-json\/wp\/v2\/types\/product"}],"version-history":[{"count":0,"href":"https:\/\/sabanadelamartours.com\/cs\/wp-json\/wp\/v2\/product\/10175\/revisions"}],"wp:featuredmedia":[{"embeddable":true,"href":"https:\/\/sabanadelamartours.com\/cs\/wp-json\/wp\/v2\/media\/10301"}],"wp:attachment":[{"href":"https:\/\/sabanadelamartours.com\/cs\/wp-json\/wp\/v2\/media?parent=10175"}],"wp:term":[{"taxonomy":"product_brand","embeddable":true,"href":"https:\/\/sabanadelamartours.com\/cs\/wp-json\/wp\/v2\/product_brand?post=10175"},{"taxonomy":"product_cat","embeddable":true,"href":"https:\/\/sabanadelamartours.com\/cs\/wp-json\/wp\/v2\/product_cat?post=10175"},{"taxonomy":"product_tag","embeddable":true,"href":"https:\/\/sabanadelamartours.com\/cs\/wp-json\/wp\/v2\/product_tag?post=10175"}],"curies":[{"name":"wp","href":"https:\/\/api.w.org\/{rel}","templated":true}]}}