{"id":10177,"date":"2025-12-18T09:26:35","date_gmt":"2025-12-18T09:26:35","guid":{"rendered":"https:\/\/sabanadelamartours.com\/?post_type=product&#038;p=10177"},"modified":"2026-01-05T03:37:20","modified_gmt":"2026-01-05T03:37:20","slug":"-4","status":"publish","type":"product","link":"https:\/\/sabanadelamartours.com\/cs\/prohlidka\/-4\/","title":{"rendered":"Puerto Plata: Prohl\u00eddka m\u011bsta s tov\u00e1rnami na v\u00fdrobu rumu a \u010dokol\u00e1dy"},"content":{"rendered":"<p><strong>Puerto Plata: Prohl\u00eddka m\u011bsta s tov\u00e1rnami na v\u00fdrobu rumu a \u010dokol\u00e1dy<\/strong><\/p>\n<p>Prozkoumejte pulzuj\u00edc\u00ed m\u011bsto Puerto Plata b\u011bhem t\u00e9to komplexn\u00ed prohl\u00eddky, kter\u00e1 je ide\u00e1ln\u00ed pro ty, kdo sem zav\u00edtaj\u00ed poprv\u00e9. Cestujte pohodln\u011b v klimatizovan\u00e9m vozidle mezi nejzn\u00e1m\u011bj\u0161\u00edmi m\u00edsty m\u011bsta. Sv\u00e9 dobrodru\u017estv\u00ed za\u010dn\u011bte v Dom\u011b rumu Macorix, kde se sezn\u00e1m\u00edte s bohatou histori\u00ed v\u00fdroby rumu na ostrov\u011b a ochutn\u00e1te osm r\u016fzn\u00fdch druh\u016f. Pot\u00e9 se projd\u011bte Parkem nez\u00e1vislosti, kr\u00e1sn\u00fdm a historick\u00fdm m\u00edstem setk\u00e1v\u00e1n\u00ed v centru m\u011bsta.<\/p>\n<p>Pokra\u010dujte k historick\u00e9 pevnosti Fortaleza San Felipe, \u0161pan\u011blsk\u00e9 pevnosti, kter\u00e1 kdysi chr\u00e1nila m\u011bsto p\u0159ed pir\u00e1ty. Vychutnejte si kr\u00e1tkou zast\u00e1vku v pestrobarevn\u00e9 De\u0161tn\u00edkov\u00e9 ulici, kter\u00e1 je ide\u00e1ln\u00ed pro z\u00e1bavn\u00e9 fotografie a p\u0159est\u00e1vku na k\u00e1vu. Projd\u011bte se po Paseo de Do\u00f1a Blanca, okouzluj\u00edc\u00ed r\u016f\u017eov\u00e9 ulici s viktori\u00e1nsk\u00fdmi prvky, a pot\u00e9 nav\u0161tivte Fifi Jewelry and Cigar Store, kde se nach\u00e1z\u00ed jedna z nejv\u011bt\u0161\u00edch v\u00fdstav jantaru v Dominik\u00e1nsk\u00e9 republice.<\/p>\n<p>Pot\u011b\u0161te sv\u00e9 mlsn\u00e9 jaz\u00fd\u010dky v \u010dokol\u00e1dovn\u011b Del Oro, kde se sezn\u00e1m\u00edte s procesem v\u00fdroby \u010dokol\u00e1dy a ochutn\u00e1te r\u016fzn\u00e9 druhy bio \u010dokol\u00e1dy. Nakonec nav\u0161tivte \u00fachvatnou katedr\u00e1lu Catedral San Felipe, kde si m\u016f\u017eete po\u0159\u00eddit nezapomenuteln\u00e9 fotografie. Prohl\u00eddku zakon\u010d\u00edte vysazen\u00edm ve sv\u00e9m hotelu nebo na centr\u00e1ln\u00edm m\u00edst\u011b, kter\u00e9 je ide\u00e1ln\u00ed pro dal\u0161\u00ed pr\u016fzkum Puerto Plata.<\/p>","protected":false},"excerpt":{"rendered":"<div data-track=\"overview\" data-v-56a1a938=\"\">\n<section id=\"activity-overview\" class=\"activity-overview\" data-component=\"overview\" data-v-56a1a938=\"\" data-v-f3236c42=\"\">\n<p class=\"activity-overview__content\" data-test-id=\"activity-overview-content\" data-v-f3236c42=\"\">Objevte historii a kulturu Puerto Plata. Nav\u0161tivte tov\u00e1rnu na v\u00fdrobu rumu a \u010dokol\u00e1dy a u\u017eijte si v\u00fdhled na oce\u00e1n v pevnosti San Felipe.<\/p>\n<\/section>\n<\/div>\n<div data-track=\"key-details\" data-v-56a1a938=\"\"><\/div>","protected":false},"featured_media":10324,"template":"","meta":[],"product_brand":[],"product_cat":[97],"product_tag":[101,102],"class_list":{"0":"post-10177","1":"product","2":"type-product","3":"status-publish","4":"has-post-thumbnail","6":"product_cat-dominican-republic","7":"product_tag-excursion","8":"product_tag-tour","10":"first","11":"instock","12":"shipping-taxable","13":"product-type-external"},"_links":{"self":[{"href":"https:\/\/sabanadelamartours.com\/cs\/wp-json\/wp\/v2\/product\/10177","targetHints":{"allow":["GET"]}}],"collection":[{"href":"https:\/\/sabanadelamartours.com\/cs\/wp-json\/wp\/v2\/product"}],"about":[{"href":"https:\/\/sabanadelamartours.com\/cs\/wp-json\/wp\/v2\/types\/product"}],"version-history":[{"count":1,"href":"https:\/\/sabanadelamartours.com\/cs\/wp-json\/wp\/v2\/product\/10177\/revisions"}],"predecessor-version":[{"id":18403,"href":"https:\/\/sabanadelamartours.com\/cs\/wp-json\/wp\/v2\/product\/10177\/revisions\/18403"}],"wp:featuredmedia":[{"embeddable":true,"href":"https:\/\/sabanadelamartours.com\/cs\/wp-json\/wp\/v2\/media\/10324"}],"wp:attachment":[{"href":"https:\/\/sabanadelamartours.com\/cs\/wp-json\/wp\/v2\/media?parent=10177"}],"wp:term":[{"taxonomy":"product_brand","embeddable":true,"href":"https:\/\/sabanadelamartours.com\/cs\/wp-json\/wp\/v2\/product_brand?post=10177"},{"taxonomy":"product_cat","embeddable":true,"href":"https:\/\/sabanadelamartours.com\/cs\/wp-json\/wp\/v2\/product_cat?post=10177"},{"taxonomy":"product_tag","embeddable":true,"href":"https:\/\/sabanadelamartours.com\/cs\/wp-json\/wp\/v2\/product_tag?post=10177"}],"curies":[{"name":"wp","href":"https:\/\/api.w.org\/{rel}","templated":true}]}}