{"id":10178,"date":"2025-12-18T09:26:35","date_gmt":"2025-12-18T09:26:35","guid":{"rendered":"https:\/\/sabanadelamartours.com\/?post_type=product&#038;p=10178"},"modified":"2026-01-05T03:38:26","modified_gmt":"2026-01-05T03:38:26","slug":"vstup-do-parku-punta-cana-scape-pro-jeskyne-cenote-zip-lines","status":"publish","type":"product","link":"https:\/\/sabanadelamartours.com\/cs\/prohlidka\/vstup-do-parku-punta-cana-scape-pro-jeskyne-cenote-zip-lines\/","title":{"rendered":"Punta Cana: Vstup do parku Scape pro cenote, zipov\u00e9 lanovky a jeskyn\u011b"},"content":{"rendered":"<p><strong>Punta Cana: Vstup do parku Scape pro cenote, zipov\u00e9 lanovky a jeskyn\u011b<\/strong><\/p>\n<p>Za\u010dn\u011bte vyzvednut\u00edm z ubytov\u00e1n\u00ed v Punta Can\u011b a odpo\u010di\u0148te si p\u0159i vyhl\u00eddkov\u00e9m p\u0159ejezdu do parku Scape, kter\u00fd se nach\u00e1z\u00ed v bujn\u00e9 d\u017eungli.<\/p>\n<p>Vstupte do parku se vstupenkou, kter\u00e1 je sou\u010d\u00e1st\u00ed vstupenky. Vstupte do sv\u011bta pln\u00e9ho z\u00e1\u017eitk\u016f, kter\u00fd nab\u00edz\u00ed v\u0161e od vzru\u0161uj\u00edc\u00edch a adrenalinov\u00fdch dobrodru\u017estv\u00ed a\u017e po hladk\u00e9 a kulturn\u00ed z\u00e1\u017eitky. Poci\u0165te vzru\u0161en\u00ed z letu korunami strom\u016f p\u0159i pr\u016fletu okruhem osmi lanov\u00fdch drah pod\u00e9l impozantn\u00edho \u00fatesu. Pono\u0159te se do azurov\u00fdch vod v podzemn\u00edm prameni p\u0159i koup\u00e1n\u00ed v cenote.<\/p>\n<p>Poznejte pestrobarevn\u00e9 papou\u0161ky, setkejte se s legu\u00e1ny nosoro\u017e\u010d\u00edmi a hledejte hrav\u00e9 opice veverky a kapuc\u00edny, kter\u00e9 jsou v t\u00e9to oblasti doma. Pozorujte hospod\u00e1\u0159sk\u00e1 zv\u00ed\u0159ata, jako jsou kon\u011b, kozy a pon\u00edci, a komunikujte s nimi.<\/p>\n<p>Prozkoumejte rozs\u00e1hlou podzemn\u00ed s\u00ed\u0165 komor a tunel\u016f a prohl\u00e9dn\u011bte si p\u016fsobiv\u00e9 geologick\u00e9 \u00fatvary v jeskyni Iguabonita. Vydejte se na kulturn\u00ed proch\u00e1zku a prohl\u00e9dn\u011bte si repliky dom\u016f star\u00fdch indi\u00e1n\u016f Taino, \u0161pan\u011blsk\u00fdch conquistador\u016f, africk\u00fdch otrok\u016f a tradi\u010dn\u00edch dominik\u00e1nsk\u00fdch dom\u016f.<\/p>\n<p>Zakoupen\u00edm plavby, kter\u00e1 zahrnuje i \u0161norchlov\u00e1n\u00ed, m\u016f\u017eete sv\u016fj z\u00e1\u017eitek je\u0161t\u011b umocnit. Na konci dne pln\u00e9ho vzru\u0161en\u00ed se vra\u0165te na m\u00edsto vyzvednut\u00ed.<\/p>","protected":false},"excerpt":{"rendered":"<div data-track=\"overview\" data-v-56a1a938=\"\">\n<section id=\"activity-overview\" class=\"activity-overview\" data-component=\"overview\" data-v-56a1a938=\"\" data-v-f3236c42=\"\">\n<p class=\"activity-overview__content\" data-test-id=\"activity-overview-content\" data-v-f3236c42=\"\">U\u017eijte si z\u00e1bavu s touto vstupenkou a transferem do hotelu Scape Park v Punta Can\u011b. U\u017eijte si okruh osmi ziplin\u016f, setkejte se s exotick\u00fdmi zv\u00ed\u0159aty, zaplavte si v cenotu a nav\u0161tivte jeskyni Iguabonita.<\/p>\n<\/section>\n<\/div>\n<div data-track=\"key-details\" data-v-56a1a938=\"\"><\/div>","protected":false},"featured_media":10353,"template":"","meta":[],"product_brand":[],"product_cat":[97],"product_tag":[101,102],"class_list":{"0":"post-10178","1":"product","2":"type-product","3":"status-publish","4":"has-post-thumbnail","6":"product_cat-dominican-republic","7":"product_tag-excursion","8":"product_tag-tour","10":"first","11":"instock","12":"sale","13":"shipping-taxable","14":"product-type-external"},"_links":{"self":[{"href":"https:\/\/sabanadelamartours.com\/cs\/wp-json\/wp\/v2\/product\/10178","targetHints":{"allow":["GET"]}}],"collection":[{"href":"https:\/\/sabanadelamartours.com\/cs\/wp-json\/wp\/v2\/product"}],"about":[{"href":"https:\/\/sabanadelamartours.com\/cs\/wp-json\/wp\/v2\/types\/product"}],"version-history":[{"count":1,"href":"https:\/\/sabanadelamartours.com\/cs\/wp-json\/wp\/v2\/product\/10178\/revisions"}],"predecessor-version":[{"id":18404,"href":"https:\/\/sabanadelamartours.com\/cs\/wp-json\/wp\/v2\/product\/10178\/revisions\/18404"}],"wp:featuredmedia":[{"embeddable":true,"href":"https:\/\/sabanadelamartours.com\/cs\/wp-json\/wp\/v2\/media\/10353"}],"wp:attachment":[{"href":"https:\/\/sabanadelamartours.com\/cs\/wp-json\/wp\/v2\/media?parent=10178"}],"wp:term":[{"taxonomy":"product_brand","embeddable":true,"href":"https:\/\/sabanadelamartours.com\/cs\/wp-json\/wp\/v2\/product_brand?post=10178"},{"taxonomy":"product_cat","embeddable":true,"href":"https:\/\/sabanadelamartours.com\/cs\/wp-json\/wp\/v2\/product_cat?post=10178"},{"taxonomy":"product_tag","embeddable":true,"href":"https:\/\/sabanadelamartours.com\/cs\/wp-json\/wp\/v2\/product_tag?post=10178"}],"curies":[{"name":"wp","href":"https:\/\/api.w.org\/{rel}","templated":true}]}}