{"id":10186,"date":"2025-12-18T09:26:35","date_gmt":"2025-12-18T09:26:35","guid":{"rendered":"https:\/\/sabanadelamartours.com\/?post_type=product&#038;p=10186"},"modified":"2026-01-05T03:54:47","modified_gmt":"2026-01-05T03:54:47","slug":"vstupenka-do-punta-cana-blue-hole-a-scape-parku-cap-cana","status":"publish","type":"product","link":"https:\/\/sabanadelamartours.com\/cs\/prohlidka\/vstupenka-do-punta-cana-blue-hole-a-scape-parku-cap-cana\/","title":{"rendered":"Punta Cana: Vstupenka do Blue Hole a Scape Parku Cap Cana"},"content":{"rendered":"<p><strong>Punta Cana: Vstupenka do Blue Hole a Scape Parku Cap Cana<\/strong><\/p>\n<p>Za\u010dn\u011bte den klimatizovan\u00fdm autobusem, kter\u00fd v\u00e1s odveze z hotelu do Scape Parku, ekologick\u00e9ho dobrodru\u017en\u00e9ho parku v letovisku Cap Cana, kter\u00fd se rozkl\u00e1d\u00e1 na plo\u0161e v\u00edce ne\u017e 100 hektar\u016f na v\u00fdchodn\u00edm pob\u0159e\u017e\u00ed Dominik\u00e1nsk\u00e9 republiky.<\/p>\n<p>Tato celodenn\u00ed vstupenka zahrnuje v\u0161ech 10 kvalitn\u00edch atrakc\u00ed v parku Scape. M\u016f\u017eete se rozhodnout za\u010d\u00edt sv\u00e9 dobrodru\u017estv\u00ed ve Scape Parku na Zip Line Eco Tour a pak se zchladit v Blue Hole . Je to jen na v\u00e1s.<\/p>\n<p>Atrakce dostupn\u00e9 v parku:<\/p>\n<p><strong>Modr\u00e1 d\u00edra | Stezka Cenote:<\/strong> Vydejte se na podmaniv\u00e9 dobrodru\u017estv\u00ed po stezce Blue Hole Cenote Trail, rozmanit\u00e9 a malebn\u00e9 trase, kter\u00e1 slibuje bohatou sm\u011bsici p\u0159\u00edrodn\u00edch \u00fakaz\u016f. Tato stezka nab\u00edz\u00ed poutav\u00fd z\u00e1\u017eitek v rozmanit\u00fdch ekosyst\u00e9mech, v\u010detn\u011b bujn\u00fdch mok\u0159ad\u016f, vzru\u0161uj\u00edc\u00edho visut\u00e9ho mostu, okouzluj\u00edc\u00edch vodop\u00e1d\u016f a klidn\u00e9ho cenotu.<\/p>\n<p><strong>Expedice do jeskyn\u00ed:<\/strong> Vydejte se na Farallon Cliff a projd\u011bte se d\u017eungl\u00ed. Sestupte po schodi\u0161ti do jeskyn\u011b a prozkoumejte jej\u00ed rozs\u00e1hlou podzemn\u00ed s\u00ed\u0165 komnat a tunel\u016f.<\/p>\n<p><strong>Kulturn\u00ed trasa: <\/strong> B\u011bhem proch\u00e1zky p\u0159\u00edrodou si prohl\u00e9dn\u011bte zna\u010dky Tainos, p\u016fvodn\u00edch obyvatel ostrova.<\/p>\n<p><strong>Saltos Azules:<\/strong> Sk\u00e1kejte z na\u0161eho lana Mabo, vzn\u00e1\u0161ejte se v oblac\u00edch na na\u0161\u00ed houpa\u010dce Macuya Swing, sk\u00e1kejte na opi\u010d\u00ed dr\u00e1ze a vzru\u0161ujte se! A jezd\u011bte na na\u0161ich vodn\u00edch houpac\u00edch s\u00edt\u00edch, kter\u00e9 v\u00e1s vezmou do osv\u011b\u017euj\u00edc\u00edch vod obklopen\u00fdch starobyl\u00fdmi jeskyn\u011bmi a p\u016fsobiv\u00fdmi vodop\u00e1dy. J\u00edzda na cel\u00fd \u017eivot!<\/p>\n<p><strong>Zip Line Eco Splash:<\/strong> Jste p\u0159ipraveni na nov\u00e9 dobrodru\u017estv\u00ed? Zchla\u010fte se stylov\u011b na na\u0161\u00ed Eco-Splash Zipline, kter\u00e1 je dokonal\u00fdm spojen\u00edm vzru\u0161en\u00ed a osv\u011b\u017euj\u00edc\u00ed vodn\u00ed z\u00e1bavy! Za\u017eijte exotickou kr\u00e1su okol\u00ed z jedine\u010dn\u00e9 perspektivy, kdy\u017e se vznesete do vzduchu a bez n\u00e1mahy proplujete vodn\u00edmi font\u00e1nami, kask\u00e1dami a vodn\u00edmi d\u011bly. Dokonal\u00fd zp\u016fsob, jak si zintenzivnit dobrodru\u017estv\u00ed!<\/p>\n<p><strong>Iguanaland:<\/strong>B\u011bhem t\u00e9to divok\u00e9 cesty se zbl\u00edzka setk\u00e1te s na\u0161imi legu\u00e1ny nosoro\u017e\u010d\u00edmi. Jedn\u00e1 se o druh plaza, kter\u00fd se vyskytuje pouze na tomto tropick\u00e9m ostrov\u011b.<\/p>\n<p>Lanov\u00e9 b\u011b\u017ece: Vydejte se na vzru\u0161uj\u00edc\u00ed cestu po na\u0161\u00ed lanov\u00e9 v\u00fdzv\u011b - houpejte se, kym\u00e1cejte a vzn\u00e1\u0161ejte se v korun\u00e1ch strom\u016f jako neboj\u00e1cn\u00fd dobrodruh,<\/p>\n<p>SUPER J\u00cdZDA NA ZIP-LINE. P\u0159ipravte se na sv\u00e9ho vnit\u0159n\u00edho superhrdinu v na\u0161em Supermanovi na zip-line! Poci\u0165te adrenalin, kdy\u017e budete postupovat oblohou zav\u011b\u0161eni jako superhrdina na misi, jej\u00edm\u017e c\u00edlem je p\u0159ekonat gravitaci. Proto\u017ee tady je ka\u017ed\u00fd superhrdina!<\/p>\n<p>POBYT NA PL\u00c1\u017dI: Vychutnejte si \u00fat\u011bk na jednu z nejlep\u0161\u00edch pl\u00e1\u017e\u00ed v cel\u00e9 zemi s jemn\u00fdm b\u00edl\u00fdm p\u00edskem, tyrkysov\u011b modrou vodou a sv\u011b\u017e\u00edm tropick\u00fdm v\u00e1nkem v pl\u00e1\u017eov\u00e9m klubu Juanillo. Tato aktivita z\u00e1vis\u00ed na pov\u011btrnostn\u00edch podm\u00ednk\u00e1ch a p\u0159\u00edtomnosti sargassum na pob\u0159e\u017e\u00ed.<\/p>","protected":false},"excerpt":{"rendered":"<div data-track=\"overview\" data-v-f00c0656=\"\">\n<section id=\"activity-overview\" class=\"activity-overview\" data-component=\"overview\" data-v-f00c0656=\"\" data-v-f3236c42=\"\">\n<p class=\"activity-overview__content\" data-test-id=\"activity-overview-content\" data-v-f3236c42=\"\">U\u017eijte si cel\u00fd den dobrodru\u017estv\u00ed ve Scape Parku! S touto exkluzivn\u00ed nab\u00eddkou si m\u016f\u017eete vytvo\u0159it t\u00e9m\u011b\u0159 nekone\u010dn\u00e9 mno\u017estv\u00ed kombinac\u00ed aktivit. Sestavte si z \u00fa\u017easn\u00fdch atrakc\u00ed parku sv\u016fj vlastn\u00ed celodenn\u00ed program.<\/p>\n<\/section>\n<\/div>\n<div data-track=\"key-details\" data-v-f00c0656=\"\"><\/div>","protected":false},"featured_media":10470,"template":"","meta":[],"product_brand":[],"product_cat":[97],"product_tag":[101,102],"class_list":{"0":"post-10186","1":"product","2":"type-product","3":"status-publish","4":"has-post-thumbnail","6":"product_cat-dominican-republic","7":"product_tag-excursion","8":"product_tag-tour","10":"first","11":"instock","12":"sale","13":"shipping-taxable","14":"product-type-external"},"_links":{"self":[{"href":"https:\/\/sabanadelamartours.com\/cs\/wp-json\/wp\/v2\/product\/10186","targetHints":{"allow":["GET"]}}],"collection":[{"href":"https:\/\/sabanadelamartours.com\/cs\/wp-json\/wp\/v2\/product"}],"about":[{"href":"https:\/\/sabanadelamartours.com\/cs\/wp-json\/wp\/v2\/types\/product"}],"version-history":[{"count":1,"href":"https:\/\/sabanadelamartours.com\/cs\/wp-json\/wp\/v2\/product\/10186\/revisions"}],"predecessor-version":[{"id":18414,"href":"https:\/\/sabanadelamartours.com\/cs\/wp-json\/wp\/v2\/product\/10186\/revisions\/18414"}],"wp:featuredmedia":[{"embeddable":true,"href":"https:\/\/sabanadelamartours.com\/cs\/wp-json\/wp\/v2\/media\/10470"}],"wp:attachment":[{"href":"https:\/\/sabanadelamartours.com\/cs\/wp-json\/wp\/v2\/media?parent=10186"}],"wp:term":[{"taxonomy":"product_brand","embeddable":true,"href":"https:\/\/sabanadelamartours.com\/cs\/wp-json\/wp\/v2\/product_brand?post=10186"},{"taxonomy":"product_cat","embeddable":true,"href":"https:\/\/sabanadelamartours.com\/cs\/wp-json\/wp\/v2\/product_cat?post=10186"},{"taxonomy":"product_tag","embeddable":true,"href":"https:\/\/sabanadelamartours.com\/cs\/wp-json\/wp\/v2\/product_tag?post=10186"}],"curies":[{"name":"wp","href":"https:\/\/api.w.org\/{rel}","templated":true}]}}