{"id":10188,"date":"2025-12-18T09:26:35","date_gmt":"2025-12-18T09:26:35","guid":{"rendered":"https:\/\/sabanadelamartours.com\/?post_type=product&#038;p=10188"},"modified":"2026-01-10T16:06:06","modified_gmt":"2026-01-10T16:06:06","slug":"-7","status":"publish","type":"product","link":"https:\/\/sabanadelamartours.com\/cs\/prohlidka\/-7\/","title":{"rendered":"Punta Cana: Z\u00e1\u017eitek z no\u010dn\u00edho klubu Coco Bongo s transferem"},"content":{"rendered":"<p>Pono\u0159te se do noci pln\u00e9 hudby, konfet, speci\u00e1ln\u00edch efekt\u016f, sv\u011bteln\u00fdch show a nep\u0159etr\u017eit\u00e9 akce v Coco Bongo. Vyberte si z nab\u00eddky Open Bar nebo Gold Member. V z\u00e1vislosti na zvolen\u00e9 variant\u011b si budete moci po celou noc u\u017e\u00edvat r\u016fzn\u00fdch v\u00fdhod, jako jsou n\u00e1rodn\u00ed n\u00e1poje, pr\u00e9miov\u00e9 n\u00e1poje a mnoho dal\u0161\u00edch.<\/p>\n<p>Coco Bongo je zn\u00e1m\u00e9 sv\u00fdmi bly\u0161tiv\u00fdmi vystoupen\u00edmi a hudbou, kter\u00e1 v\u00e1s jist\u011b udr\u017e\u00ed na tane\u010dn\u00edm parketu. Jakmile se ztlum\u00ed sv\u011btla, show se skute\u010dn\u011b rozjede, z nebe za\u010dnou padat t\u0159pytiv\u00e9 konfety a na p\u00f3dium nastoup\u00ed tribute vystoupen\u00ed, kter\u00e1 p\u0159inesou to nejlep\u0161\u00ed z Madonny, Michaela Jacksona a Beyonc\u00e9.<\/p>\n<p>Pokud milujete no\u010dn\u00ed \u017eivot, tanec a tropick\u00e9 koktejly, pak Coco Bongo Punta Cana je n\u011bco, co prost\u011b mus\u00edte za\u017e\u00edt.<\/p>","protected":false},"excerpt":{"rendered":"<div data-track=\"overview\" data-v-83a2b402=\"\">\n<section id=\"activity-overview\" class=\"activity-overview\" data-component=\"overview\" data-v-83a2b402=\"\" data-v-f3236c42=\"\">\n<p class=\"activity-overview__content\" data-test-id=\"activity-overview-content\" data-v-f3236c42=\"\">U\u017eijte si pod\u00edvanou v jednom z nejslavn\u011bj\u0161\u00edch no\u010dn\u00edch klub\u016f v Latinsk\u00e9 Americe. Noci v Coco Bongo jsou kouzeln\u00e9, s rozmanitou p\u0159ehl\u00eddkou a velk\u00fdm mno\u017estv\u00edm m\u011bn\u00edc\u00edch se sc\u00e9n.<\/p>\n<\/section>\n<\/div>\n<div data-track=\"key-details\" data-v-83a2b402=\"\"><\/div>","protected":false},"featured_media":10482,"template":"","meta":[],"product_brand":[],"product_cat":[97],"product_tag":[101,102],"class_list":{"0":"post-10188","1":"product","2":"type-product","3":"status-publish","4":"has-post-thumbnail","6":"product_cat-dominican-republic","7":"product_tag-excursion","8":"product_tag-tour","10":"first","11":"instock","12":"shipping-taxable","13":"product-type-external"},"_links":{"self":[{"href":"https:\/\/sabanadelamartours.com\/cs\/wp-json\/wp\/v2\/product\/10188","targetHints":{"allow":["GET"]}}],"collection":[{"href":"https:\/\/sabanadelamartours.com\/cs\/wp-json\/wp\/v2\/product"}],"about":[{"href":"https:\/\/sabanadelamartours.com\/cs\/wp-json\/wp\/v2\/types\/product"}],"version-history":[{"count":1,"href":"https:\/\/sabanadelamartours.com\/cs\/wp-json\/wp\/v2\/product\/10188\/revisions"}],"predecessor-version":[{"id":18415,"href":"https:\/\/sabanadelamartours.com\/cs\/wp-json\/wp\/v2\/product\/10188\/revisions\/18415"}],"wp:featuredmedia":[{"embeddable":true,"href":"https:\/\/sabanadelamartours.com\/cs\/wp-json\/wp\/v2\/media\/10482"}],"wp:attachment":[{"href":"https:\/\/sabanadelamartours.com\/cs\/wp-json\/wp\/v2\/media?parent=10188"}],"wp:term":[{"taxonomy":"product_brand","embeddable":true,"href":"https:\/\/sabanadelamartours.com\/cs\/wp-json\/wp\/v2\/product_brand?post=10188"},{"taxonomy":"product_cat","embeddable":true,"href":"https:\/\/sabanadelamartours.com\/cs\/wp-json\/wp\/v2\/product_cat?post=10188"},{"taxonomy":"product_tag","embeddable":true,"href":"https:\/\/sabanadelamartours.com\/cs\/wp-json\/wp\/v2\/product_tag?post=10188"}],"curies":[{"name":"wp","href":"https:\/\/api.w.org\/{rel}","templated":true}]}}