{"id":10189,"date":"2025-12-18T09:26:35","date_gmt":"2025-12-18T09:26:35","guid":{"rendered":"https:\/\/sabanadelamartours.com\/?post_type=product&#038;p=10189"},"modified":"2026-01-05T03:58:05","modified_gmt":"2026-01-05T03:58:05","slug":"saona-ostrov-plaz-prirodni-koupaliste-prohlidka-male-skupiny-s-obedem","status":"publish","type":"product","link":"https:\/\/sabanadelamartours.com\/cs\/prohlidka\/saona-ostrov-plaz-prirodni-koupaliste-prohlidka-male-skupiny-s-obedem\/","title":{"rendered":"Ostrov Saona: Pl\u00e1\u017e a p\u0159\u00edrodn\u00ed koupali\u0161t\u011b Prohl\u00eddka v mal\u00e9 skupin\u011b s ob\u011bdem"},"content":{"rendered":"<p><strong>Ostrov Saona: Pl\u00e1\u017e a p\u0159\u00edrodn\u00ed koupali\u0161t\u011b Prohl\u00eddka v mal\u00e9 skupin\u011b s ob\u011bdem<\/strong><\/p>\n<p>P\u0159ipravte se na neoby\u010dejnou cestu, kter\u00e1 za\u010d\u00edn\u00e1 sc\u00e9nick\u00fdm vyzvednut\u00edm a poklidnou j\u00edzdou do Bayahibe, vstupn\u00ed br\u00e1ny va\u0161eho dobrodru\u017estv\u00ed. Po p\u0159\u00edjezdu do Bayahibe se nalod\u00edte na elegantn\u00ed motorov\u00fd \u010dlun, kter\u00fd v\u00e1s odveze do \u00fachvatn\u00e9ho n\u00e1rodn\u00edho parku Cotubanama. Cestou budete m\u00edt mo\u017enost z\u00fa\u010dastnit se n\u011bkolika poutav\u00fdch a zaj\u00edmav\u00fdch zast\u00e1vek, kter\u00e9 dodaj\u00ed va\u0161emu z\u00e1\u017eitku hloubku a vzru\u0161en\u00ed.<\/p>\n<p>Ostrov je sou\u010d\u00e1st\u00ed n\u00e1rodn\u00edho parku Cotubanama a dostanete se na n\u011bj lod\u00ed z Bayahibe. Je obl\u00edbenou volbou pro jednodenn\u00ed v\u00fdlety a nab\u00edz\u00ed mo\u017enost odpo\u010dinku na pl\u00e1\u017ei, koup\u00e1n\u00ed v k\u0159i\u0161\u0165\u00e1lov\u011b \u010dist\u00e9 vod\u011b a obdivov\u00e1n\u00ed p\u0159\u00edrodn\u00edch kr\u00e1s t\u00e9to oblasti. Pokud hled\u00e1te nezapomenuteln\u00fd v\u00fdlet s malebn\u00fdmi v\u00fdhledy a jedine\u010dn\u00fdmi z\u00e1\u017eitky, stoj\u00ed ostrov Saona za zv\u00e1\u017een\u00ed.<\/p>","protected":false},"excerpt":{"rendered":"<div data-track=\"overview\" data-v-83a2b402=\"\">\n<section id=\"activity-overview\" class=\"activity-overview\" data-component=\"overview\" data-v-83a2b402=\"\" data-v-f3236c42=\"\">\n<p class=\"activity-overview__content\" data-test-id=\"activity-overview-content\" data-v-f3236c42=\"\">Prozkoumejte kr\u00e1sy ostrova Saona a vydejte se na dobrodru\u017enou plavbu. U\u017eijte si p\u0159est\u00e1vku na \u0161norchlov\u00e1n\u00ed, ob\u011bd na idylick\u00e9 pl\u00e1\u017ei s b\u00edl\u00fdm p\u00edskem a osv\u011b\u017euj\u00edc\u00ed koupel v nedot\u010den\u00e9m p\u0159\u00edrodn\u00edm baz\u00e9nu.<\/p>\n<\/section>\n<\/div>\n<div data-track=\"key-details\" data-v-83a2b402=\"\"><\/div>","protected":false},"featured_media":10489,"template":"","meta":[],"product_brand":[],"product_cat":[97],"product_tag":[101,102],"class_list":{"0":"post-10189","1":"product","2":"type-product","3":"status-publish","4":"has-post-thumbnail","6":"product_cat-dominican-republic","7":"product_tag-excursion","8":"product_tag-tour","10":"first","11":"instock","12":"sale","13":"shipping-taxable","14":"product-type-external"},"_links":{"self":[{"href":"https:\/\/sabanadelamartours.com\/cs\/wp-json\/wp\/v2\/product\/10189","targetHints":{"allow":["GET"]}}],"collection":[{"href":"https:\/\/sabanadelamartours.com\/cs\/wp-json\/wp\/v2\/product"}],"about":[{"href":"https:\/\/sabanadelamartours.com\/cs\/wp-json\/wp\/v2\/types\/product"}],"version-history":[{"count":1,"href":"https:\/\/sabanadelamartours.com\/cs\/wp-json\/wp\/v2\/product\/10189\/revisions"}],"predecessor-version":[{"id":18416,"href":"https:\/\/sabanadelamartours.com\/cs\/wp-json\/wp\/v2\/product\/10189\/revisions\/18416"}],"wp:featuredmedia":[{"embeddable":true,"href":"https:\/\/sabanadelamartours.com\/cs\/wp-json\/wp\/v2\/media\/10489"}],"wp:attachment":[{"href":"https:\/\/sabanadelamartours.com\/cs\/wp-json\/wp\/v2\/media?parent=10189"}],"wp:term":[{"taxonomy":"product_brand","embeddable":true,"href":"https:\/\/sabanadelamartours.com\/cs\/wp-json\/wp\/v2\/product_brand?post=10189"},{"taxonomy":"product_cat","embeddable":true,"href":"https:\/\/sabanadelamartours.com\/cs\/wp-json\/wp\/v2\/product_cat?post=10189"},{"taxonomy":"product_tag","embeddable":true,"href":"https:\/\/sabanadelamartours.com\/cs\/wp-json\/wp\/v2\/product_tag?post=10189"}],"curies":[{"name":"wp","href":"https:\/\/api.w.org\/{rel}","templated":true}]}}