{"id":10193,"date":"2025-12-18T09:26:35","date_gmt":"2025-12-18T09:26:35","guid":{"rendered":"https:\/\/sabanadelamartours.com\/?post_type=product&#038;p=10193"},"modified":"2026-01-05T04:30:45","modified_gmt":"2026-01-05T04:30:45","slug":"punta-cana-zipline-lanovka-buggy-jizda-na-koni-dobrodruzstvi","status":"publish","type":"product","link":"https:\/\/sabanadelamartours.com\/cs\/prohlidka\/punta-cana-zipline-lanovka-buggy-jizda-na-koni-dobrodruzstvi\/","title":{"rendered":"Punta Cana: Dobrodru\u017estv\u00ed na zipline, lanovce, buggy a j\u00edzd\u011b na koni"},"content":{"rendered":"<h1 class=\"activity__title js-title\" data-track=\"activity-title\" data-test-id=\"activity-title\" data-v-c050e4d7=\"\"><span style=\"font-size: 12pt\">Punta Cana: Dobrodru\u017estv\u00ed na zipline, lanovce, buggy a j\u00edzd\u011b na koni<\/span><\/h1>\n<p>Nav\u0161tivte park La Hacienda a nechte se vyzvednout v hotelu. Vzn\u00e1\u0161ejte se nad d\u017eungl\u00ed na rychl\u00fdch ziplinech, u\u017eijte si safari po Punta Can\u011b a za\u017eijte vzru\u0161en\u00ed z rychl\u00e9ho skoku.<\/p>\n<p>Sklouzn\u011bte se d\u017eungl\u00ed na 2 km dlouh\u00fdch ziplinech, kter\u00e9 dosahuj\u00ed rychlosti a\u017e 70 km\/h a v\u00fd\u0161ky a\u017e 160 m, u\u017eijte si divokou d\u017eungli ve vysok\u00e9 rychlosti od zipline, se skokem voln\u00fdm p\u00e1dem ve v\u00fd\u0161ce 20 metr\u016f.<\/p>\n<p>Jezd\u011bte s buginami na extr\u00e9mn\u00edch silnic\u00edch soukrom\u00e9ho okruhu, kter\u00fd zaru\u010duje nejvy\u0161\u0161\u00ed bezpe\u010dnost a extr\u00e9mn\u00ed z\u00e1\u017eitek, tak\u017ee si ho mohou naplno u\u017e\u00edt jak d\u011bti, tak dosp\u011bl\u00ed.<\/p>\n<p>Vykoupejte se v \u0159ece s k\u0159i\u0161\u0165\u00e1lov\u011b \u010distou vodou a proje\u010fte se uprost\u0159ed d\u017eungle na klidn\u00fdch a mr\u0161tn\u00fdch kon\u00edch, abyste si mohli vychutnat divokou p\u0159\u00edrodu.<\/p>\n<p>Proje\u010fte se jedinou lanovkou v Dominik\u00e1nsk\u00e9 republice, kter\u00e1 v\u00e1m umo\u017en\u00ed vychutnat si nejlep\u0161\u00ed v\u00fdhled na park, a nakonec poznejte kulturu zem\u011b p\u0159i safari. Poznejte dominik\u00e1nskou a m\u00edstn\u00ed kulturu. Ochutnejte mamajuanu a \u010derstv\u011b uva\u0159enou k\u00e1vu a vydatn\u00fd tradi\u010dn\u00ed bufet.<\/p>\n<p>Park La Hacienda je vhodn\u00fd pro rodiny s d\u011btmi. D\u011bti si mohou u\u017e\u00edt \u010das v d\u011btsk\u00e9m klubu, kde na n\u011b dohl\u00ed\u017e\u00ed skv\u011bl\u00fd t\u00fdm a kde maj\u00ed spoustu z\u00e1bavn\u00fdch aktivit, zat\u00edmco \u010dekaj\u00ed, a\u017e star\u0161\u00ed d\u011bti dokon\u010d\u00ed sv\u00e9 aktivity.<\/p>\n<p>Vyberte si mo\u017enost Private VIP a u\u017eijte si soukrom\u00fd transfer z hotelu, vstup do La Haciendy, slu\u017eby pr\u016fvodce a fotografa, n\u00e1poje a ob\u010derstven\u00ed, ob\u011bd formou bufetu a digit\u00e1ln\u00ed fotografie z pobytu v La Haciend\u011b. Standardn\u00ed varianta zahrnuje skupinov\u00fd transfer, ob\u011bd formou bufetu a vstup do La Haciendy.<\/p>","protected":false},"excerpt":{"rendered":"<div data-track=\"overview\" data-v-83a2b402=\"\">\n<section id=\"activity-overview\" class=\"activity-overview\" data-component=\"overview\" data-v-83a2b402=\"\" data-v-f3236c42=\"\">\n<p class=\"activity-overview__content\" data-test-id=\"activity-overview-content\" data-v-f3236c42=\"\">Objevte vzru\u0161uj\u00edc\u00ed park La Hacienda v Punta Can\u011b s p\u0159edem rezervovanou vstupenkou. Proje\u010fte se v bugin\u011b po extr\u00e9mn\u00edch silnic\u00edch, pono\u0159te se do p\u0159\u00edrodn\u00ed \u0159eky, proje\u010fte se na koni d\u017eungl\u00ed a sje\u010fte po zip line.<\/p>\n<\/section>\n<\/div>\n<div data-track=\"key-details\" data-v-83a2b402=\"\"><\/div>","protected":false},"featured_media":10576,"template":"","meta":[],"product_brand":[],"product_cat":[97],"product_tag":[101,102],"class_list":{"0":"post-10193","1":"product","2":"type-product","3":"status-publish","4":"has-post-thumbnail","6":"product_cat-dominican-republic","7":"product_tag-excursion","8":"product_tag-tour","10":"first","11":"instock","12":"sale","13":"shipping-taxable","14":"product-type-external"},"_links":{"self":[{"href":"https:\/\/sabanadelamartours.com\/cs\/wp-json\/wp\/v2\/product\/10193","targetHints":{"allow":["GET"]}}],"collection":[{"href":"https:\/\/sabanadelamartours.com\/cs\/wp-json\/wp\/v2\/product"}],"about":[{"href":"https:\/\/sabanadelamartours.com\/cs\/wp-json\/wp\/v2\/types\/product"}],"version-history":[{"count":1,"href":"https:\/\/sabanadelamartours.com\/cs\/wp-json\/wp\/v2\/product\/10193\/revisions"}],"predecessor-version":[{"id":18419,"href":"https:\/\/sabanadelamartours.com\/cs\/wp-json\/wp\/v2\/product\/10193\/revisions\/18419"}],"wp:featuredmedia":[{"embeddable":true,"href":"https:\/\/sabanadelamartours.com\/cs\/wp-json\/wp\/v2\/media\/10576"}],"wp:attachment":[{"href":"https:\/\/sabanadelamartours.com\/cs\/wp-json\/wp\/v2\/media?parent=10193"}],"wp:term":[{"taxonomy":"product_brand","embeddable":true,"href":"https:\/\/sabanadelamartours.com\/cs\/wp-json\/wp\/v2\/product_brand?post=10193"},{"taxonomy":"product_cat","embeddable":true,"href":"https:\/\/sabanadelamartours.com\/cs\/wp-json\/wp\/v2\/product_cat?post=10193"},{"taxonomy":"product_tag","embeddable":true,"href":"https:\/\/sabanadelamartours.com\/cs\/wp-json\/wp\/v2\/product_tag?post=10193"}],"curies":[{"name":"wp","href":"https:\/\/api.w.org\/{rel}","templated":true}]}}