{"id":10215,"date":"2025-12-18T09:27:15","date_gmt":"2025-12-18T09:27:15","guid":{"rendered":"https:\/\/sabanadelamartours.com\/?post_type=product&#038;p=10215"},"modified":"2025-12-18T09:41:06","modified_gmt":"2025-12-18T09:41:06","slug":"celodenni-vylet-na-samanu-s-pozorovanim-velryb-a-na-cayo-levantado","status":"publish","type":"product","link":"https:\/\/sabanadelamartours.com\/cs\/prohlidka\/celodenni-vylet-na-samanu-s-pozorovanim-velryb-a-na-cayo-levantado\/","title":{"rendered":"Samana: Celodenn\u00ed v\u00fdlet za velrybami a na Cayo Levantado"},"content":{"rendered":"<div class=\"wpb-content-wrapper\"><div class=\"vc_row wpb_row st bg-holder\"><div class='container'><div class='row'>\n\t<div class=\"wpb_column column_container col-md-12\"><div class=\"vc_column-inner wpb_wrapper\">\n\t\t\t\n\t<div class=\"wpb_text_column wpb_content_element\" >\n\t\t<div class=\"wpb_wrapper\">\n\t\t\t<p><strong>Samana: Celodenn\u00ed v\u00fdlet za velrybami a na Cayo Levantado<\/strong><\/p>\n<p>Proje\u010fte se katamar\u00e1nem a prozkoumejte Samansk\u00fd z\u00e1liv, kter\u00fd v zimn\u00edm obdob\u00ed p\u00e1\u0159en\u00ed host\u00ed tis\u00edce keporkak\u016f. Pot\u00e9 si vychutnejte malebn\u00fd v\u00fdhled na Cayo Levantado, zn\u00e1m\u00fd tak\u00e9 jako ostrov Bacardi. Ne\u017e se vr\u00e1t\u00edte zp\u011bt, zaplavte si v klidn\u00fdch vod\u00e1ch a opalujte se na pl\u00e1\u017e\u00edch s b\u00edl\u00fdm p\u00edskem.<\/p>\n<p>Vyrazte ze Samany sm\u011brem k Samansk\u00e9mu z\u00e1livu a pozorujte majest\u00e1tn\u00ed keporkaky v obdob\u00ed p\u00e1\u0159en\u00ed. U\u017eijte si pobyt na vod\u011b a pohodl\u00ed s ob\u010derstven\u00edm a n\u00e1poji na palub\u011b. Po\u0159i\u010fte si fotografie t\u011bchto velk\u00fdch zv\u00ed\u0159at a od pr\u016fvodce se dozv\u00edte d\u016fle\u017eit\u00e1 fakta.<\/p>\n<p>D\u00e1le se vydejte sm\u011brem k ostrovu Bacardi nebo Cayo Levantado. Obdivujte tyrkysov\u00e9 vody a b\u00edl\u00fd p\u00edsek, kter\u00fd ostrov obklopuje. Posa\u010fte se a odpo\u010d\u00edvejte na tepl\u00fdch pl\u00e1\u017e\u00edch a koupejte se na slunci. Vyu\u017eijte p\u0159\u00edle\u017eitosti pono\u0159it se do klidn\u00fdch vod a u\u017eijte si zbytek dne, ne\u017e se vr\u00e1t\u00edte do p\u0159\u00edstavu.<\/p>\n\n\t\t<\/div>\n\t<\/div>\n<div class=\"vc_empty_space\"   style=\"height: 32px\"><span class=\"vc_empty_space_inner\"><\/span><\/div>\n\t<div class=\"wpb_text_column wpb_content_element\" >\n\t\t<div class=\"wpb_wrapper\">\n\t\t\t<h2 class=\"collection-header_title\" data-test-id=\"collection-title\" data-v-9c8cb860=\"\">Na z\u00e1klad\u011b va\u0161eho vyhled\u00e1v\u00e1n\u00ed v sekci Pozorov\u00e1n\u00ed velryb Samana :<\/h2>\n\n\t\t<\/div>\n\t<\/div>\n<div class=\"vc_empty_space\"   style=\"height: 32px\"><span class=\"vc_empty_space_inner\"><\/span><\/div><div class=\"woocommerce columns-4\"><ul class=\"products columns-4\">\n<li class=\"product type-product post-18154 status-publish first instock product_cat-dominican-republic product_tag-excursion product_tag-tour has-post-thumbnail shipping-taxable product-type-external\">\r\n\t<a href=\"https:\/\/sabanadelamartours.com\/cs\/prohlidka\/-685\/\" class=\"woocommerce-LoopProduct-link woocommerce-loop-product__link\"><img fetchpriority=\"high\" decoding=\"async\" width=\"300\" height=\"300\" src=\"https:\/\/sabanadelamartours.com\/wp-content\/uploads\/2025\/12\/99-53-300x300.png\" class=\"attachment-woocommerce_thumbnail size-woocommerce_thumbnail\" alt=\"Las Terrenas: Soukrom\u00e9 p\u016fldenn\u00ed pozorov\u00e1n\u00ed velryb\" srcset=\"https:\/\/sabanadelamartours.com\/wp-content\/uploads\/2025\/12\/99-53-300x300.png 300w, https:\/\/sabanadelamartours.com\/wp-content\/uploads\/2025\/12\/99-53-1536x1536.png 1536w, https:\/\/sabanadelamartours.com\/wp-content\/uploads\/2025\/12\/99-53-2048x2048.png 2048w, https:\/\/sabanadelamartours.com\/wp-content\/uploads\/2025\/12\/99-53-100x100.png 100w, https:\/\/sabanadelamartours.com\/wp-content\/uploads\/2025\/12\/99-53-266x266.png 266w\" sizes=\"(max-width: 300px) 100vw, 300px\" \/><h2 class=\"woocommerce-loop-product__title\">Las Terrenas: Soukrom\u00e9 p\u016fldenn\u00ed pozorov\u00e1n\u00ed velryb<\/h2>\n\t<span class=\"price\"><span class=\"woocs_price_code\" data-currency=\"\" data-redraw-id=\"69ecf27fdd77a\"  data-product-id=\"18154\"><span class=\"woocommerce-Price-amount amount\"><bdi>450.00<span class=\"woocommerce-Price-currencySymbol\">&#36;<\/span><\/bdi><\/span><\/span><\/span>\n<\/a><a href=\"https:\/\/tourreservationlink.com\/en\/booking\/las-terrenas-private-whale-watching-half-day\" aria-describedby=\"woocommerce_loop_add_to_cart_link_describedby_18154\" data-quantity=\"1\" class=\"button product_type_external\" data-product_id=\"18154\" data-product_sku=\"\" aria-label=\"KOUPIT VSTUPENKU\" rel=\"nofollow noopener\" target=\"_blank\">KOUPIT VSTUPENKU<\/a>\t<span id=\"woocommerce_loop_add_to_cart_link_describedby_18154\" class=\"screen-reader-text\">\n\t\t\t<\/span>\n<\/li>\r\n<\/ul>\n<\/div><div class=\"vc_empty_space\"   style=\"height: 32px\"><span class=\"vc_empty_space_inner\"><\/span><\/div><\/div>\n\t<\/div> \n<\/div><!--End .row--><\/div><!--End .container--><\/div>\n<\/div>","protected":false},"excerpt":{"rendered":"<div data-track=\"overview\" data-v-83a2b402=\"\">\n<section id=\"activity-overview\" class=\"activity-overview\" data-component=\"overview\" data-v-83a2b402=\"\" data-v-f3236c42=\"\">\n<p class=\"activity-overview__content\" data-test-id=\"activity-overview-content\" data-v-f3236c42=\"\">Pro\u017eijte nezapomenuteln\u00fd z\u00e1\u017eitek z pozorov\u00e1n\u00ed velryb a u\u017eijte si rajsk\u00fd ostrov Cayo Levantado. V\u011bnujte cel\u00fd den pr\u016fzkumu ostrova Bacardi s tyrkysov\u00fdmi vodami a pl\u00e1\u017eemi s b\u00edl\u00fdm p\u00edskem.<\/p>\n<\/section>\n<\/div>\n<div data-track=\"key-details\" data-v-83a2b402=\"\"><\/div>","protected":false},"featured_media":10615,"template":"","meta":[],"product_brand":[],"product_cat":[97],"product_tag":[101,102],"class_list":{"0":"post-10215","1":"product","2":"type-product","3":"status-publish","4":"has-post-thumbnail","6":"product_cat-dominican-republic","7":"product_tag-excursion","8":"product_tag-tour","10":"first","11":"instock","12":"sale","13":"shipping-taxable","14":"product-type-external"},"_links":{"self":[{"href":"https:\/\/sabanadelamartours.com\/cs\/wp-json\/wp\/v2\/product\/10215","targetHints":{"allow":["GET"]}}],"collection":[{"href":"https:\/\/sabanadelamartours.com\/cs\/wp-json\/wp\/v2\/product"}],"about":[{"href":"https:\/\/sabanadelamartours.com\/cs\/wp-json\/wp\/v2\/types\/product"}],"version-history":[{"count":0,"href":"https:\/\/sabanadelamartours.com\/cs\/wp-json\/wp\/v2\/product\/10215\/revisions"}],"wp:featuredmedia":[{"embeddable":true,"href":"https:\/\/sabanadelamartours.com\/cs\/wp-json\/wp\/v2\/media\/10615"}],"wp:attachment":[{"href":"https:\/\/sabanadelamartours.com\/cs\/wp-json\/wp\/v2\/media?parent=10215"}],"wp:term":[{"taxonomy":"product_brand","embeddable":true,"href":"https:\/\/sabanadelamartours.com\/cs\/wp-json\/wp\/v2\/product_brand?post=10215"},{"taxonomy":"product_cat","embeddable":true,"href":"https:\/\/sabanadelamartours.com\/cs\/wp-json\/wp\/v2\/product_cat?post=10215"},{"taxonomy":"product_tag","embeddable":true,"href":"https:\/\/sabanadelamartours.com\/cs\/wp-json\/wp\/v2\/product_tag?post=10215"}],"curies":[{"name":"wp","href":"https:\/\/api.w.org\/{rel}","templated":true}]}}