{"id":10299,"date":"2025-12-18T09:29:59","date_gmt":"2025-12-18T09:29:59","guid":{"rendered":"https:\/\/sabanadelamartours.com\/?post_type=product&#038;p=10299"},"modified":"2026-02-09T06:02:30","modified_gmt":"2026-02-09T06:02:30","slug":"z-prohlidky-dolu-barahona-larimar","status":"publish","type":"product","link":"https:\/\/sabanadelamartours.com\/cs\/prohlidka\/z-prohlidky-dolu-barahona-larimar\/","title":{"rendered":"Od Barahony: Prohl\u00eddka dolu Larimar"},"content":{"rendered":"<p>Po vyzvednut\u00ed z hotelu v oblasti Barahona se vydejte po n\u00e1dhern\u00e9 pob\u0159e\u017en\u00ed silnici do Bahoruca. Dob\u0159e ukryt\u00ed v hor\u00e1ch nav\u0161t\u00edv\u00edte jedin\u00fd existuj\u00edc\u00ed d\u016fl Larimar na sv\u011bt\u011b, modr\u00fd k\u00e1men, kter\u00fd se vyskytuje v\u00fdhradn\u011b v Dominik\u00e1nsk\u00e9 republice. Tento k\u00e1men, objeven\u00fd v roce 1974, je odoln\u00fd proti po\u0161kr\u00e1b\u00e1n\u00ed a velmi snadno se le\u0161t\u00ed a pou\u017e\u00edv\u00e1 se k v\u00fdrob\u011b jedine\u010dn\u011b kr\u00e1sn\u00fdch \u0161perk\u016f. Po p\u0159\u00edjezdu do dolu v\u00e1s \u010dek\u00e1 prohl\u00eddka are\u00e1lu s mo\u017enost\u00ed promluvit si s horn\u00edky a pot\u00e9 se osv\u011b\u017e\u00edte ve vod\u00e1ch p\u0159\u00edrodn\u00edho baz\u00e9nu a vr\u00e1t\u00edte se zp\u011bt do m\u00edsta ubytov\u00e1n\u00ed v Barahon\u011b.<\/p>","protected":false},"excerpt":{"rendered":"<p>Nav\u0161tivte jedin\u00fd larimarsk\u00fd d\u016fl na sv\u011bt\u011b. Setkejte se s horn\u00edky a dozv\u00edte se v\u00edce o t\u011b\u017eb\u011b tohoto zvl\u00e1\u0161tn\u00edho modr\u00e9ho kamene.<\/p>","protected":false},"featured_media":10686,"template":"","meta":[],"product_brand":[],"product_cat":[97],"product_tag":[101,102],"class_list":{"0":"post-10299","1":"product","2":"type-product","3":"status-publish","4":"has-post-thumbnail","6":"product_cat-dominican-republic","7":"product_tag-excursion","8":"product_tag-tour","10":"first","11":"instock","12":"shipping-taxable","13":"product-type-external"},"_links":{"self":[{"href":"https:\/\/sabanadelamartours.com\/cs\/wp-json\/wp\/v2\/product\/10299","targetHints":{"allow":["GET"]}}],"collection":[{"href":"https:\/\/sabanadelamartours.com\/cs\/wp-json\/wp\/v2\/product"}],"about":[{"href":"https:\/\/sabanadelamartours.com\/cs\/wp-json\/wp\/v2\/types\/product"}],"version-history":[{"count":1,"href":"https:\/\/sabanadelamartours.com\/cs\/wp-json\/wp\/v2\/product\/10299\/revisions"}],"predecessor-version":[{"id":18874,"href":"https:\/\/sabanadelamartours.com\/cs\/wp-json\/wp\/v2\/product\/10299\/revisions\/18874"}],"wp:featuredmedia":[{"embeddable":true,"href":"https:\/\/sabanadelamartours.com\/cs\/wp-json\/wp\/v2\/media\/10686"}],"wp:attachment":[{"href":"https:\/\/sabanadelamartours.com\/cs\/wp-json\/wp\/v2\/media?parent=10299"}],"wp:term":[{"taxonomy":"product_brand","embeddable":true,"href":"https:\/\/sabanadelamartours.com\/cs\/wp-json\/wp\/v2\/product_brand?post=10299"},{"taxonomy":"product_cat","embeddable":true,"href":"https:\/\/sabanadelamartours.com\/cs\/wp-json\/wp\/v2\/product_cat?post=10299"},{"taxonomy":"product_tag","embeddable":true,"href":"https:\/\/sabanadelamartours.com\/cs\/wp-json\/wp\/v2\/product_tag?post=10299"}],"curies":[{"name":"wp","href":"https:\/\/api.w.org\/{rel}","templated":true}]}}