{"id":10376,"date":"2025-12-18T09:33:21","date_gmt":"2025-12-18T09:33:21","guid":{"rendered":"https:\/\/sabanadelamartours.com\/?post_type=product&#038;p=10376"},"modified":"2026-02-09T06:15:06","modified_gmt":"2026-02-09T06:15:06","slug":"-14","status":"publish","type":"product","link":"https:\/\/sabanadelamartours.com\/cs\/prohlidka\/-14\/","title":{"rendered":"Santo Domingo: Koloni\u00e1ln\u00ed \u010dtvr\u0165 Ciudad s pr\u016fvodcem na kolech"},"content":{"rendered":"<p>Jste p\u0159ipraveni na nezapomenuteln\u00e9 dobrodru\u017estv\u00ed v srdci Santo Dominga? Vydejte se s n\u00e1mi na nejz\u00e1bavn\u011bj\u0161\u00ed a nejautenti\u010dt\u011bj\u0161\u00ed prohl\u00eddku koloni\u00e1ln\u00ed z\u00f3ny, kde o\u017e\u00edv\u00e1 historie a kultura, a z\u00e1rove\u0148 si vytvo\u0159te trval\u00e9 vzpom\u00ednky!<\/p>\n<p>P\u0159ipravte se na to, \u017ee v tomto pulzuj\u00edc\u00edm m\u011bst\u011b procestujete v\u00edce m\u00edst a vyu\u017eijete sv\u016fj \u010das naplno. Na\u0161e prohl\u00eddka je navr\u017eena tak, aby v\u00e1s zavedla do nejkr\u00e1sn\u011bj\u0161\u00edch a nejskryt\u011bj\u0161\u00edch z\u00e1kout\u00ed, kter\u00e1 jsou ide\u00e1ln\u00ed pro sn\u00edmky hodn\u00e9 Insta, kter\u00e9 v\u00e1m budou va\u0161i p\u0159\u00e1tel\u00e9 z\u00e1vid\u011bt!<\/p>\n<p>Tento v\u00fdlet nen\u00ed jen prohl\u00eddkou pam\u00e1tek, ale pono\u0159en\u00edm se do du\u0161e Santo Dominga. Od panoramatick\u00fdch v\u00fdhled\u016f na Karibsk\u00e9 mo\u0159e, pocitu osv\u011b\u017euj\u00edc\u00edho v\u00e1nku na tv\u00e1\u0159i a\u017e po prohl\u00eddku hlavn\u00edch park\u016f, n\u00e1m\u011bst\u00ed a stalet\u00fdch ruin, pozn\u00e1te bohatou historii a d\u011bdictv\u00ed m\u011bsta.<\/p>\n<p>Ale to nen\u00ed v\u0161echno! Vezmeme v\u00e1s na n\u00e1v\u0161t\u011bvu okouzluj\u00edc\u00edch m\u00edstn\u00edch podnik\u016f, kter\u00e9 skute\u010dn\u011b p\u0159edstavuj\u00ed to nejlep\u0161\u00ed z na\u0161\u00ed kultury. Budete m\u00edt p\u0159\u00edle\u017eitost poznat Santo Domingo jako m\u00edstn\u00ed a objevit v\u0161echna nejlep\u0161\u00ed m\u00edsta, kde se d\u00e1 j\u00edst, p\u00edt, tan\u010dit a nakupovat. Na konci prohl\u00eddky se budete c\u00edtit, jako byste tu \u017eili u\u017e celou v\u011b\u010dnost!<\/p>\n<p>Nebojte se v\u011bkov\u00fdch omezen\u00ed, tato 7kilometrov\u00e1 trasa je p\u0159izp\u016fsobena v\u0161em v\u011bkov\u00fdm kategori\u00edm, tak\u017ee se do z\u00e1bavy m\u016f\u017ee zapojit ka\u017ed\u00fd. Sta\u010d\u00ed se dostavit 15 minut p\u0159ed za\u010d\u00e1tkem prohl\u00eddky a o zbytek se postar\u00e1me my.<\/p>","protected":false},"excerpt":{"rendered":"<div data-track=\"overview\" data-v-83a2b402=\"\">\n<section id=\"activity-overview\" class=\"activity-overview\" data-component=\"overview\" data-v-83a2b402=\"\" data-v-f3236c42=\"\">\n<p class=\"activity-overview__content\" data-test-id=\"activity-overview-content\" data-v-f3236c42=\"\">Prozkoumejte koloni\u00e1ln\u00ed \u010dtvr\u0165 Ciudad v Santo Domingu b\u011bhem proj\u00ed\u017e\u010fky m\u011bstem na kole s pr\u016fvodcem. Vychutnejte si malebn\u00e9 v\u00fdhledy na Karibsk\u00e9 mo\u0159e a objevte nejlep\u0161\u00ed m\u00edstn\u00ed m\u00edsta pro tanec a n\u00e1poje.<\/p>\n<\/section>\n<\/div>\n<div data-track=\"key-details\" data-v-83a2b402=\"\"><\/div>","protected":false},"featured_media":10739,"template":"","meta":[],"product_brand":[],"product_cat":[97],"product_tag":[101,102],"class_list":{"0":"post-10376","1":"product","2":"type-product","3":"status-publish","4":"has-post-thumbnail","6":"product_cat-dominican-republic","7":"product_tag-excursion","8":"product_tag-tour","10":"first","11":"instock","12":"shipping-taxable","13":"product-type-external"},"_links":{"self":[{"href":"https:\/\/sabanadelamartours.com\/cs\/wp-json\/wp\/v2\/product\/10376","targetHints":{"allow":["GET"]}}],"collection":[{"href":"https:\/\/sabanadelamartours.com\/cs\/wp-json\/wp\/v2\/product"}],"about":[{"href":"https:\/\/sabanadelamartours.com\/cs\/wp-json\/wp\/v2\/types\/product"}],"version-history":[{"count":1,"href":"https:\/\/sabanadelamartours.com\/cs\/wp-json\/wp\/v2\/product\/10376\/revisions"}],"predecessor-version":[{"id":18876,"href":"https:\/\/sabanadelamartours.com\/cs\/wp-json\/wp\/v2\/product\/10376\/revisions\/18876"}],"wp:featuredmedia":[{"embeddable":true,"href":"https:\/\/sabanadelamartours.com\/cs\/wp-json\/wp\/v2\/media\/10739"}],"wp:attachment":[{"href":"https:\/\/sabanadelamartours.com\/cs\/wp-json\/wp\/v2\/media?parent=10376"}],"wp:term":[{"taxonomy":"product_brand","embeddable":true,"href":"https:\/\/sabanadelamartours.com\/cs\/wp-json\/wp\/v2\/product_brand?post=10376"},{"taxonomy":"product_cat","embeddable":true,"href":"https:\/\/sabanadelamartours.com\/cs\/wp-json\/wp\/v2\/product_cat?post=10376"},{"taxonomy":"product_tag","embeddable":true,"href":"https:\/\/sabanadelamartours.com\/cs\/wp-json\/wp\/v2\/product_tag?post=10376"}],"curies":[{"name":"wp","href":"https:\/\/api.w.org\/{rel}","templated":true}]}}