{"id":10436,"date":"2025-12-18T09:34:29","date_gmt":"2025-12-18T09:34:29","guid":{"rendered":"https:\/\/sabanadelamartours.com\/?post_type=product&#038;p=10436"},"modified":"2026-01-05T04:55:13","modified_gmt":"2026-01-05T04:55:13","slug":"punta-cana-zip-lining-12-lana","status":"publish","type":"product","link":"https:\/\/sabanadelamartours.com\/cs\/prohlidka\/punta-cana-zip-lining-12-lana\/","title":{"rendered":"Punta Cana: Zip-Lining 12 Cables"},"content":{"rendered":"<p><strong>Punta Cana: Zip-Lining 12 Cables<\/strong><\/p>\n<p>Prole\u0165te se vzduchem na zip-linu v bujn\u00e9 tropick\u00e9 d\u017eungli Dominik\u00e1nsk\u00e9 republiky! Nav\u0161tivte prvn\u00ed zip-line dr\u00e1hu na ostrov\u011b. Po 45 minut\u00e1ch j\u00edzdy na palub\u011b safari p\u0159epravn\u00edho vozu vstoup\u00edte do zcela nov\u00e9 dimenze z\u00e1bavy.<\/p>\n<p>Odborn\u00ed pr\u016fvodci v\u00e1s nau\u010d\u00ed v\u0161e, co pot\u0159ebujete v\u011bd\u011bt o j\u00edzd\u011b a vybaven\u00ed. A\u017e do dosa\u017een\u00ed prvn\u00ed plo\u0161iny budete p\u0159evezeni do uv\u00edtac\u00edho centra, kde prob\u011bhne bezpe\u010dnostn\u00ed instrukt\u00e1\u017e, a pot\u00e9 budete p\u0159ipraveni \u010delit v\u00fdzv\u011b: l\u00e9t\u00e1n\u00ed z jedn\u00e9 plo\u0161iny na druhou!<\/p>\n<p>Nejdel\u0161\u00ed kabel je dlouh\u00fd 800 metr\u016f a vzn\u00e1\u0161\u00ed se p\u0159\u00edmo nad \u0159ekou asi 50 sekund! V\u00e1\u0161 v\u00fdlet se skl\u00e1d\u00e1 z 16 plo\u0161in a 12 zipov\u00fdch linek, v\u010detn\u011b 2 nejdel\u0161\u00edch linek v Karibiku, kter\u00e9 se t\u00e1hnou po cel\u00e9 d\u00e9lce bujn\u00e9ho poho\u0159\u00ed Cordillera Septentrional.<\/p>\n<p>Nechte se sn\u00e9st z plo\u0161iny na plo\u0161inu a houpejte se ve vzduchu s v\u00fdhledem na sv\u011b\u017e\u00ed tropick\u00e9 poho\u0159\u00ed z pta\u010d\u00ed perspektivy.<\/p>","protected":false},"excerpt":{"rendered":"<div data-track=\"overview\" data-v-83a2b402=\"\">\n<section id=\"activity-overview\" class=\"activity-overview\" data-component=\"overview\" data-v-83a2b402=\"\" data-v-f3236c42=\"\">\n<p class=\"activity-overview__content\" data-test-id=\"activity-overview-content\" data-v-f3236c42=\"\">Vzn\u00e1\u0161ejte se d\u017eungl\u00ed jako pt\u00e1k! C\u00edt\u00edte, jak se kolem v\u00e1s proh\u00e1n\u00ed v\u00edtr, zat\u00edmco se vzn\u00e1\u0161\u00edte z plo\u0161iny na plo\u0161inu a l\u00e9t\u00e1te po 12 r\u016fzn\u00fdch lanech. Na pozad\u00ed bujn\u00fdch tropick\u00fdch horsk\u00fdch les\u016f Punta Cany na v\u00e1s \u010dek\u00e1 l\u00e9taj\u00edc\u00ed r\u00e1j.<\/p>\n<\/section>\n<\/div>\n<div data-track=\"key-details\" data-v-83a2b402=\"\"><\/div>","protected":false},"featured_media":10761,"template":"","meta":[],"product_brand":[],"product_cat":[97],"product_tag":[101,102],"class_list":{"0":"post-10436","1":"product","2":"type-product","3":"status-publish","4":"has-post-thumbnail","6":"product_cat-dominican-republic","7":"product_tag-excursion","8":"product_tag-tour","10":"first","11":"instock","12":"sale","13":"shipping-taxable","14":"product-type-external"},"_links":{"self":[{"href":"https:\/\/sabanadelamartours.com\/cs\/wp-json\/wp\/v2\/product\/10436","targetHints":{"allow":["GET"]}}],"collection":[{"href":"https:\/\/sabanadelamartours.com\/cs\/wp-json\/wp\/v2\/product"}],"about":[{"href":"https:\/\/sabanadelamartours.com\/cs\/wp-json\/wp\/v2\/types\/product"}],"version-history":[{"count":1,"href":"https:\/\/sabanadelamartours.com\/cs\/wp-json\/wp\/v2\/product\/10436\/revisions"}],"predecessor-version":[{"id":18432,"href":"https:\/\/sabanadelamartours.com\/cs\/wp-json\/wp\/v2\/product\/10436\/revisions\/18432"}],"wp:featuredmedia":[{"embeddable":true,"href":"https:\/\/sabanadelamartours.com\/cs\/wp-json\/wp\/v2\/media\/10761"}],"wp:attachment":[{"href":"https:\/\/sabanadelamartours.com\/cs\/wp-json\/wp\/v2\/media?parent=10436"}],"wp:term":[{"taxonomy":"product_brand","embeddable":true,"href":"https:\/\/sabanadelamartours.com\/cs\/wp-json\/wp\/v2\/product_brand?post=10436"},{"taxonomy":"product_cat","embeddable":true,"href":"https:\/\/sabanadelamartours.com\/cs\/wp-json\/wp\/v2\/product_cat?post=10436"},{"taxonomy":"product_tag","embeddable":true,"href":"https:\/\/sabanadelamartours.com\/cs\/wp-json\/wp\/v2\/product_tag?post=10436"}],"curies":[{"name":"wp","href":"https:\/\/api.w.org\/{rel}","templated":true}]}}