{"id":10613,"date":"2025-12-18T09:40:52","date_gmt":"2025-12-18T09:40:52","guid":{"rendered":"https:\/\/sabanadelamartours.com\/?post_type=product&#038;p=10613"},"modified":"2026-01-05T05:06:34","modified_gmt":"2026-01-05T05:06:34","slug":"-19","status":"publish","type":"product","link":"https:\/\/sabanadelamartours.com\/cs\/prohlidka\/-19\/","title":{"rendered":"Punta Cana: Samana Cayo Levantado \/ N\u00e1v\u0161t\u011bva velryby"},"content":{"rendered":"<p>mezi 7:00 a 8:00 v\u00e1s vyzvedneme v hotelu v Punta Pan\u011b a vyd\u00e1me se do Samany. po p\u0159\u00edjezdu nastoup\u00edme do autobusu, kter\u00fd n\u00e1s vezme na panoramatickou prohl\u00eddku m\u011bsta Santa B\u00e1rbara de Saman\u00e1. Z autobusu si budete moci prohl\u00e9dnout p\u016fvabn\u00e9 barevn\u00e9 domy tohoto m\u011bsta i tropickou krajinu, kter\u00e1 ho obklopuje. D\u00e1le se vyd\u00e1me k haciend\u011b, odkud se projdeme a\u017e k vodop\u00e1du El Lim\u00f3n. Pokud si p\u0159ejete, m\u016f\u017eete tuto t\u00faru absolvovat tak\u00e9 na koni. jakmile tam doraz\u00edte, m\u016f\u017eete se vykoupat v baz\u00e9nu s tyrkysovou vodou, kter\u00fd se pod vodop\u00e1dem tvo\u0159\u00ed. Po n\u00e1vratu od vodop\u00e1du se vyd\u00e1me do centra Saman\u00e1, abychom na\u010derpali s\u00edly p\u0159i chutn\u00e9m ob\u011bd\u011b formou bufetu, kter\u00fd bude zahrnovat \u010derstv\u00e9 ryby, fazole, r\u00fd\u017ei a dal\u0161\u00ed tradi\u010dn\u00ed j\u00eddla. Pot\u00e9 se nalod\u00edme na katamar\u00e1n, abychom se dostali na ostrov Cayo Levantado. Toto idylick\u00e9 prost\u0159ed\u00ed bude ide\u00e1ln\u00edm m\u00edstem pro vychutn\u00e1n\u00ed pi\u00f1a colady, chin-chin! Nakonec se vr\u00e1t\u00edme na pob\u0159e\u017e\u00ed, abychom nasedli do minibusu a odjeli do Punta Cany. P\u0159\u00edjezd do hotelu je pl\u00e1nov\u00e1n mezi 19:00 a 19:30 hod.<\/p>","protected":false},"excerpt":{"rendered":"<div data-track=\"overview\" data-v-83a2b402=\"\">\n<section id=\"activity-overview\" class=\"activity-overview\" data-component=\"overview\" data-v-83a2b402=\"\" data-v-f3236c42=\"\">\n<p class=\"activity-overview__content\" data-test-id=\"activity-overview-content\" data-v-f3236c42=\"\">Poznejte rajskou obec plnou palem a k\u0159i\u0161\u0165\u00e1lov\u011b \u010dist\u00e9 vody b\u011bhem tohoto v\u00fdletu do Saman\u00e1 z Punta Cany. To si nem\u016f\u017eete nechat uj\u00edt!<\/p>\n<\/section>\n<\/div>\n<div data-track=\"key-details\" data-v-83a2b402=\"\"><\/div>","protected":false},"featured_media":10894,"template":"","meta":[],"product_brand":[],"product_cat":[97],"product_tag":[101,102],"class_list":{"0":"post-10613","1":"product","2":"type-product","3":"status-publish","4":"has-post-thumbnail","6":"product_cat-dominican-republic","7":"product_tag-excursion","8":"product_tag-tour","10":"first","11":"instock","12":"shipping-taxable","13":"product-type-external"},"_links":{"self":[{"href":"https:\/\/sabanadelamartours.com\/cs\/wp-json\/wp\/v2\/product\/10613","targetHints":{"allow":["GET"]}}],"collection":[{"href":"https:\/\/sabanadelamartours.com\/cs\/wp-json\/wp\/v2\/product"}],"about":[{"href":"https:\/\/sabanadelamartours.com\/cs\/wp-json\/wp\/v2\/types\/product"}],"version-history":[{"count":1,"href":"https:\/\/sabanadelamartours.com\/cs\/wp-json\/wp\/v2\/product\/10613\/revisions"}],"predecessor-version":[{"id":18439,"href":"https:\/\/sabanadelamartours.com\/cs\/wp-json\/wp\/v2\/product\/10613\/revisions\/18439"}],"wp:featuredmedia":[{"embeddable":true,"href":"https:\/\/sabanadelamartours.com\/cs\/wp-json\/wp\/v2\/media\/10894"}],"wp:attachment":[{"href":"https:\/\/sabanadelamartours.com\/cs\/wp-json\/wp\/v2\/media?parent=10613"}],"wp:term":[{"taxonomy":"product_brand","embeddable":true,"href":"https:\/\/sabanadelamartours.com\/cs\/wp-json\/wp\/v2\/product_brand?post=10613"},{"taxonomy":"product_cat","embeddable":true,"href":"https:\/\/sabanadelamartours.com\/cs\/wp-json\/wp\/v2\/product_cat?post=10613"},{"taxonomy":"product_tag","embeddable":true,"href":"https:\/\/sabanadelamartours.com\/cs\/wp-json\/wp\/v2\/product_tag?post=10613"}],"curies":[{"name":"wp","href":"https:\/\/api.w.org\/{rel}","templated":true}]}}