{"id":10677,"date":"2025-12-18T09:43:10","date_gmt":"2025-12-18T09:43:10","guid":{"rendered":"https:\/\/sabanadelamartours.com\/?post_type=product&#038;p=10677"},"modified":"2026-02-09T05:01:13","modified_gmt":"2026-02-09T05:01:13","slug":"-25","status":"publish","type":"product","link":"https:\/\/sabanadelamartours.com\/cs\/prohlidka\/-25\/","title":{"rendered":"Amber Cove - z\u00e1toka Taino 4 m\u00edstn\u00e9 super buggy tour"},"content":{"rendered":"<p><strong>Amber Cove - z\u00e1toka Taino 4 m\u00edstn\u00e9 super buggy tour<\/strong><\/p>\n<p>Pot\u00e9, co v\u00e1s vyzvedneme v Amber Cove nebo Taino Bay, pojedeme 2 minuty z Amber Cove a 12 minut z Taino Bay ke stanici Super Buggy.<\/p>\n<p>Tam dostanete bezpe\u010dnostn\u00ed pokyny a vybaven\u00ed a pak se vyd\u00e1te na 75minutovou proj\u00ed\u017e\u010fku krajinou, dominik\u00e1nsk\u00fdmi vesnicemi a kr\u00e1sn\u00fdmi pl\u00e1\u017eemi. Na 15 minut se zastav\u00edme v tov\u00e1rn\u011b na doutn\u00edky na pan\u00e1ky MamaJuana a ochutn\u00e1vku hork\u00e9 \u010dokol\u00e1dov\u00e9 k\u00e1vy, po kter\u00e9 bude n\u00e1sledovat 15minutov\u00e1 zast\u00e1vka na pl\u00e1\u017ei na rychl\u00e9 vykoup\u00e1n\u00ed. Prohl\u00eddku zakon\u010d\u00edme vysazen\u00edm v p\u0159\u00edstavu v\u00fdletn\u00edch lod\u00ed Amber Cove nebo Taino Bay.<\/p>\n<p>Amber Cove a Taino Bay jsou obl\u00edben\u00e9 p\u0159\u00edstavy v\u00fdletn\u00edch lod\u00ed v Dominik\u00e1nsk\u00e9 republice. Jsou zn\u00e1m\u00e9 sv\u00fdm malebn\u00fdm okol\u00edm a slou\u017e\u00ed turist\u016fm jako br\u00e1na k pozn\u00e1v\u00e1n\u00ed m\u00edstn\u00ed kultury, kr\u00e1sn\u00fdch pl\u00e1\u017e\u00ed a dal\u0161\u00edch zaj\u00edmavost\u00ed v regionu. Oba p\u0159\u00edstavy nab\u00edzej\u00ed n\u00e1v\u0161t\u011bvn\u00edk\u016fm r\u016fzn\u00e9 v\u00fdlety a aktivity, od vyhl\u00eddkov\u00fdch v\u00fdlet\u016f a\u017e po vodn\u00ed dobrodru\u017estv\u00ed.<\/p>\n<p>Puerto Plata je skv\u011bl\u00e9 m\u011bsto s n\u011bkolika nejv\u00fdznamn\u011bj\u0161\u00edmi pam\u00e1tkami v zemi, v\u010detn\u011b t\u00e9to.<\/p>","protected":false},"excerpt":{"rendered":"<div data-track=\"overview\" data-v-83a2b402=\"\">\n<section id=\"activity-overview\" class=\"activity-overview\" data-component=\"overview\" data-v-83a2b402=\"\" data-v-f3236c42=\"\">\n<p class=\"activity-overview__content\" data-test-id=\"activity-overview-content\" data-v-f3236c42=\"\">Prozkoumejte skute\u010dnou Dominik\u00e1nskou republiku. Poznejte na\u0161e venkovsk\u00e9 vesnice. U\u017eijte si na\u0161i kr\u00e1snou pl\u00e1\u017e.<\/p>\n<\/section>\n<\/div>\n<div data-track=\"key-details\" data-v-83a2b402=\"\"><\/div>","protected":false},"featured_media":10983,"template":"","meta":[],"product_brand":[],"product_cat":[97],"product_tag":[101,102],"class_list":{"0":"post-10677","1":"product","2":"type-product","3":"status-publish","4":"has-post-thumbnail","6":"product_cat-dominican-republic","7":"product_tag-excursion","8":"product_tag-tour","10":"first","11":"instock","12":"sale","13":"shipping-taxable","14":"product-type-external"},"_links":{"self":[{"href":"https:\/\/sabanadelamartours.com\/cs\/wp-json\/wp\/v2\/product\/10677","targetHints":{"allow":["GET"]}}],"collection":[{"href":"https:\/\/sabanadelamartours.com\/cs\/wp-json\/wp\/v2\/product"}],"about":[{"href":"https:\/\/sabanadelamartours.com\/cs\/wp-json\/wp\/v2\/types\/product"}],"version-history":[{"count":2,"href":"https:\/\/sabanadelamartours.com\/cs\/wp-json\/wp\/v2\/product\/10677\/revisions"}],"predecessor-version":[{"id":18845,"href":"https:\/\/sabanadelamartours.com\/cs\/wp-json\/wp\/v2\/product\/10677\/revisions\/18845"}],"wp:featuredmedia":[{"embeddable":true,"href":"https:\/\/sabanadelamartours.com\/cs\/wp-json\/wp\/v2\/media\/10983"}],"wp:attachment":[{"href":"https:\/\/sabanadelamartours.com\/cs\/wp-json\/wp\/v2\/media?parent=10677"}],"wp:term":[{"taxonomy":"product_brand","embeddable":true,"href":"https:\/\/sabanadelamartours.com\/cs\/wp-json\/wp\/v2\/product_brand?post=10677"},{"taxonomy":"product_cat","embeddable":true,"href":"https:\/\/sabanadelamartours.com\/cs\/wp-json\/wp\/v2\/product_cat?post=10677"},{"taxonomy":"product_tag","embeddable":true,"href":"https:\/\/sabanadelamartours.com\/cs\/wp-json\/wp\/v2\/product_tag?post=10677"}],"curies":[{"name":"wp","href":"https:\/\/api.w.org\/{rel}","templated":true}]}}