{"id":10760,"date":"2025-12-18T09:46:14","date_gmt":"2025-12-18T09:46:14","guid":{"rendered":"https:\/\/sabanadelamartours.com\/?post_type=product&#038;p=10760"},"modified":"2026-02-09T05:04:46","modified_gmt":"2026-02-09T05:04:46","slug":"punta-cana-delfini-pruzkumnik-plavani-a-setkani","status":"publish","type":"product","link":"https:\/\/sabanadelamartours.com\/cs\/prohlidka\/punta-cana-delfini-pruzkumnik-plavani-a-setkani\/","title":{"rendered":"Punta Cana: Plavby a setk\u00e1n\u00ed s delf\u00edny"},"content":{"rendered":"<h5 class=\"product_title entry-title\"><span style=\"font-size: 12pt;\">Punta Cana: Plavby a setk\u00e1n\u00ed s delf\u00edny<\/span><\/h5>\n<p>U\u017eijte si jedine\u010dn\u00fd z\u00e1\u017eitek z plav\u00e1n\u00ed s delf\u00edny v Punta Can\u011b. P\u0159i tomto strhuj\u00edc\u00edm z\u00e1\u017eitku si budete hr\u00e1t s delf\u00edny, kte\u0159\u00ed v\u00e1s obejmou a p\u0159itul\u00ed se k v\u00e1m a p\u0159edvedou v\u00e1m svou vzdu\u0161nou akrobacii.<\/p>\n<p>You&#8217;ll also have access to enjoy the Sea Lion show and bird show There, you can play on the amazing Pirate Island. You will also have, showers, bathrooms, and dressing rooms.<\/p>\n<p>Swimming is optional as you can stand on a platform and watch as the dolphins come to you. Get a dolphin handshake and hug and watch their amazing aerial acrobatics. You may also choose to pet and swim with the dolphins.<\/p>\n<p>Feel free to upgrade your dolphin experience on-site.<\/p>","protected":false},"excerpt":{"rendered":"<div data-track=\"overview\" data-v-83a2b402=\"\">\n<section id=\"activity-overview\" class=\"activity-overview\" data-component=\"overview\" data-v-83a2b402=\"\" data-v-f3236c42=\"\">\n<p class=\"activity-overview__content\" data-test-id=\"activity-overview-content\" data-v-f3236c42=\"\">Zaplavte si s delf\u00edny v jednom ze 3 program\u016f. Zaplavte si a pohrajte si se zv\u00ed\u0159aty, sledujte jejich vzdu\u0161nou akrobacii a nechte se obejmout a pot\u0159\u00e1st si rukou s delf\u00edny. S delf\u00edny si tak\u00e9 m\u016f\u017eete zahr\u00e1t r\u016fzn\u00e9 hry.<\/p>\n<\/section>\n<\/div>\n<div data-track=\"key-details\" data-v-83a2b402=\"\"><\/div>","protected":false},"featured_media":11111,"template":"","meta":[],"product_brand":[],"product_cat":[97],"product_tag":[101,102],"class_list":{"0":"post-10760","1":"product","2":"type-product","3":"status-publish","4":"has-post-thumbnail","6":"product_cat-dominican-republic","7":"product_tag-excursion","8":"product_tag-tour","10":"first","11":"instock","12":"sale","13":"shipping-taxable","14":"product-type-external"},"_links":{"self":[{"href":"https:\/\/sabanadelamartours.com\/cs\/wp-json\/wp\/v2\/product\/10760","targetHints":{"allow":["GET"]}}],"collection":[{"href":"https:\/\/sabanadelamartours.com\/cs\/wp-json\/wp\/v2\/product"}],"about":[{"href":"https:\/\/sabanadelamartours.com\/cs\/wp-json\/wp\/v2\/types\/product"}],"version-history":[{"count":1,"href":"https:\/\/sabanadelamartours.com\/cs\/wp-json\/wp\/v2\/product\/10760\/revisions"}],"predecessor-version":[{"id":18849,"href":"https:\/\/sabanadelamartours.com\/cs\/wp-json\/wp\/v2\/product\/10760\/revisions\/18849"}],"wp:featuredmedia":[{"embeddable":true,"href":"https:\/\/sabanadelamartours.com\/cs\/wp-json\/wp\/v2\/media\/11111"}],"wp:attachment":[{"href":"https:\/\/sabanadelamartours.com\/cs\/wp-json\/wp\/v2\/media?parent=10760"}],"wp:term":[{"taxonomy":"product_brand","embeddable":true,"href":"https:\/\/sabanadelamartours.com\/cs\/wp-json\/wp\/v2\/product_brand?post=10760"},{"taxonomy":"product_cat","embeddable":true,"href":"https:\/\/sabanadelamartours.com\/cs\/wp-json\/wp\/v2\/product_cat?post=10760"},{"taxonomy":"product_tag","embeddable":true,"href":"https:\/\/sabanadelamartours.com\/cs\/wp-json\/wp\/v2\/product_tag?post=10760"}],"curies":[{"name":"wp","href":"https:\/\/api.w.org\/{rel}","templated":true}]}}