{"id":10780,"date":"2025-12-18T09:47:15","date_gmt":"2025-12-18T09:47:15","guid":{"rendered":"https:\/\/sabanadelamartours.com\/?post_type=product&#038;p=10780"},"modified":"2026-01-10T16:23:37","modified_gmt":"2026-01-10T16:23:37","slug":"santo-domingo-prirodni-poklady-mesta-2","status":"publish","type":"product","link":"https:\/\/sabanadelamartours.com\/cs\/prohlidka\/santo-domingo-prirodni-poklady-mesta-2\/","title":{"rendered":"Santo Domingo: Domingo: P\u0159\u00edrodn\u00ed poklady m\u011bsta"},"content":{"rendered":"<p>Vydejte se na tento soukrom\u00fd jednodenn\u00ed v\u00fdlet do hlavn\u00edho m\u011bsta Dominik\u00e1nsk\u00e9 republiky. Nav\u0161tivte N\u00e1rodn\u00ed park T\u0159i o\u010di a z\u00edskejte vstupenku do N\u00e1rodn\u00ed botanick\u00e9 zahrady v Santo Domingu. U\u017eijte si proj\u00ed\u017e\u010fku lod\u00ed po n\u00e1rodn\u00edm parku a obdivujte v\u00e1pencov\u00e9 jeskyn\u011b a n\u00e1dhern\u00e9 v\u00fdhledy.<\/p>\n<p>Za\u010dn\u011bte den n\u00e1v\u0161t\u011bvou n\u00e1rodn\u00edho parku T\u0159i o\u010di a objevte surrealistick\u00fd sv\u011bt. Pono\u0159te se do proslul\u00fdch v\u00e1pencov\u00fdch jeskyn\u00ed, kter\u00e9 v\u00e1m vyraz\u00ed dech.<\/p>\n<p>Vychutnejte si proj\u00ed\u017e\u010fku lod\u00ed vedouc\u00ed podzemn\u00ed \u0159ekou do kr\u00e1sn\u00e9ho skryt\u00e9ho cenotu - \u010ctvrt\u00e9ho oka.<\/p>\n<p>Pak nasko\u010dte do auta, odpo\u010di\u0148te si a u\u017eijte si cestu do botanick\u00e9 zahrady. S touto vstupenkou si u\u017eijete klidnou atmosf\u00e9ru v matce p\u0159\u00edrod\u011b. Pokud si dok\u00e1\u017eete p\u0159edstavit, jak vypadala zahrada Adama a Evy, pak k n\u00ed tato zahrada nem\u016f\u017ee m\u00edt daleko.<\/p>\n<p>Projd\u011bte si tyto rozs\u00e1hl\u00e9 barevn\u00e9 zahrady vlastn\u00edm tempem a obdivujte rozmanitost dom\u00e1c\u00edch i cizokrajn\u00fdch rostlin z cel\u00e9ho sv\u011bta.<\/p>\n<p>Prohl\u00e9dn\u011bte si jedny z nejv\u011bt\u0161\u00edch kv\u011btinov\u00fdch hodin na sv\u011bt\u011b, obdivujte rybn\u00ed\u010dky a proch\u00e1zejte se sv\u011b\u017e\u00ed zelen\u00ed japonsk\u00e9 zenov\u00e9 zahrady.<\/p>\n<div class=\"toggle-content__content toggle-content__content--expanded toggle-content__content--packable\" data-v-59485d64=\"\">\n<div data-test-id=\"activity-full-description-text\" data-v-5835c99c=\"\">\n<p>U\u017eijte si nezapomenuteln\u00fd den s rodinou a p\u0159\u00e1teli v Santo Domingu, na kter\u00fd jen tak nezapomenete.<\/p>\n<\/div>\n<\/div>\n<div class=\"toggle-content__label-placeholder\" data-v-59485d64=\"\"><\/div>","protected":false},"excerpt":{"rendered":"<div data-track=\"overview\" data-v-83a2b402=\"\">\n<section id=\"activity-overview\" class=\"activity-overview\" data-component=\"overview\" data-v-83a2b402=\"\" data-v-f3236c42=\"\">\n<p class=\"activity-overview__content\" data-test-id=\"activity-overview-content\" data-v-f3236c42=\"\">U\u017eijte si prohl\u00eddku 2 p\u0159\u00edrodn\u00edch kr\u00e1s v Santo Domingu s pr\u016fvodcem a transfery v cen\u011b. Nav\u0161tivte N\u00e1rodn\u00ed park T\u0159i o\u010di, proje\u010fte se lod\u00ed po podzemn\u00ed \u0159ece a prohl\u00e9dn\u011bte si N\u00e1rodn\u00ed botanickou zahradu.<\/p>\n<\/section>\n<\/div>\n<div data-track=\"key-details\" data-v-83a2b402=\"\"><\/div>","protected":false},"featured_media":10694,"template":"","meta":[],"product_brand":[],"product_cat":[97],"product_tag":[101,102],"class_list":{"0":"post-10780","1":"product","2":"type-product","3":"status-publish","4":"has-post-thumbnail","6":"product_cat-dominican-republic","7":"product_tag-excursion","8":"product_tag-tour","10":"first","11":"instock","12":"sale","13":"shipping-taxable","14":"product-type-external"},"_links":{"self":[{"href":"https:\/\/sabanadelamartours.com\/cs\/wp-json\/wp\/v2\/product\/10780","targetHints":{"allow":["GET"]}}],"collection":[{"href":"https:\/\/sabanadelamartours.com\/cs\/wp-json\/wp\/v2\/product"}],"about":[{"href":"https:\/\/sabanadelamartours.com\/cs\/wp-json\/wp\/v2\/types\/product"}],"version-history":[{"count":1,"href":"https:\/\/sabanadelamartours.com\/cs\/wp-json\/wp\/v2\/product\/10780\/revisions"}],"predecessor-version":[{"id":18429,"href":"https:\/\/sabanadelamartours.com\/cs\/wp-json\/wp\/v2\/product\/10780\/revisions\/18429"}],"wp:featuredmedia":[{"embeddable":true,"href":"https:\/\/sabanadelamartours.com\/cs\/wp-json\/wp\/v2\/media\/10694"}],"wp:attachment":[{"href":"https:\/\/sabanadelamartours.com\/cs\/wp-json\/wp\/v2\/media?parent=10780"}],"wp:term":[{"taxonomy":"product_brand","embeddable":true,"href":"https:\/\/sabanadelamartours.com\/cs\/wp-json\/wp\/v2\/product_brand?post=10780"},{"taxonomy":"product_cat","embeddable":true,"href":"https:\/\/sabanadelamartours.com\/cs\/wp-json\/wp\/v2\/product_cat?post=10780"},{"taxonomy":"product_tag","embeddable":true,"href":"https:\/\/sabanadelamartours.com\/cs\/wp-json\/wp\/v2\/product_tag?post=10780"}],"curies":[{"name":"wp","href":"https:\/\/api.w.org\/{rel}","templated":true}]}}