{"id":10790,"date":"2025-12-18T09:47:37","date_gmt":"2025-12-18T09:47:37","guid":{"rendered":"https:\/\/sabanadelamartours.com\/?post_type=product&#038;p=10790"},"modified":"2025-12-18T10:00:45","modified_gmt":"2025-12-18T10:00:45","slug":"-34","status":"publish","type":"product","link":"https:\/\/sabanadelamartours.com\/cs\/prohlidka\/-34\/","title":{"rendered":"Prozkoumejte Hig\u00fcey: P\u016fldenn\u00ed kulturn\u00ed v\u00fdlet z Punta Cany"},"content":{"rendered":"<div class=\"toggle-content__content toggle-content__content--expanded toggle-content__content--packable\" data-v-59485d64=\"\">\n<div data-test-id=\"activity-full-description-text\" data-v-5835c99c=\"\">Prozkoumejte Hig\u00fcey: P\u016fldenn\u00ed kulturn\u00ed v\u00fdlet z Punta Cany<\/div>\n<div data-test-id=\"activity-full-description-text\" data-v-5835c99c=\"\"><\/div>\n<div data-test-id=\"activity-full-description-text\" data-v-5835c99c=\"\">Vydejte se na soukromou prohl\u00eddku, kter\u00e1 v\u00e1s vt\u00e1hne do bohat\u00e9 historie a kultury Dominik\u00e1nsk\u00e9 republiky. Objevte Hig\u00fcey, m\u011bsto s v\u00edce ne\u017e 500let\u00fdm d\u011bdictv\u00edm, a obdivujte impozantn\u00ed baziliku Panny Marie Altagracijsk\u00e9, symbol katolick\u00e9 v\u00edry v zemi. Vychutnejte si osv\u011b\u017euj\u00edc\u00ed koup\u00e1n\u00ed v k\u0159i\u0161\u0165\u00e1lov\u011b \u010dist\u00e9 vod\u011b na kr\u00e1sn\u00e9 pl\u00e1\u017ei v Macau a pono\u0159te se do autentick\u00fdch dominik\u00e1nsk\u00fdch tradic s na\u0161\u00edm odborn\u00fdm pr\u016fvodcem.<\/div>\n<div data-test-id=\"activity-full-description-text\" data-v-5835c99c=\"\"><\/div>\n<div data-test-id=\"activity-full-description-text\" data-v-5835c99c=\"\">Nejd\u016fle\u017eit\u011bj\u0161\u00ed body prohl\u00eddky:<\/div>\n<div data-test-id=\"activity-full-description-text\" data-v-5835c99c=\"\"><\/div>\n<div data-test-id=\"activity-full-description-text\" data-v-5835c99c=\"\">Obohacuj\u00edc\u00ed cesta dominik\u00e1nskou histori\u00ed a kulturou.<\/div>\n<div data-test-id=\"activity-full-description-text\" data-v-5835c99c=\"\"><\/div>\n<div data-test-id=\"activity-full-description-text\" data-v-5835c99c=\"\">Prozkoumejte starobyl\u00e9 m\u011bsto Hig\u00fcey a jeho velkolepou katedr\u00e1lu. Odpo\u010di\u0148te si p\u0159i koup\u00e1n\u00ed v Karibsk\u00e9m mo\u0159i na pl\u00e1\u017ei Macau.<\/div>\n<div data-test-id=\"activity-full-description-text\" data-v-5835c99c=\"\"><\/div>\n<div data-test-id=\"activity-full-description-text\" data-v-5835c99c=\"\">U\u017eijte si individu\u00e1ln\u00ed z\u00e1\u017eitek se soukrom\u00fdm pr\u016fvodcem a exkluzivn\u00edm vozidlem.<\/div>\n<\/div>\n<div class=\"toggle-content__label-placeholder\" data-v-59485d64=\"\"><\/div>","protected":false},"excerpt":{"rendered":"<div data-track=\"overview\" data-v-83a2b402=\"\">\n<section id=\"activity-overview\" class=\"activity-overview\" data-component=\"overview\" data-v-83a2b402=\"\" data-v-f3236c42=\"\">\n<p class=\"activity-overview__content\" data-test-id=\"activity-overview-content\" data-v-f3236c42=\"\">Objevte Hig\u00fcey z Punta Cany b\u011bhem na\u0161eho p\u016fldenn\u00edho kulturn\u00edho v\u00fdletu. Nav\u0161tivte symbolick\u00e1 m\u00edsta a pono\u0159te se do dominik\u00e1nsk\u00e9 historie a kultury. Obohacuj\u00edc\u00ed z\u00e1\u017eitek b\u011bhem n\u011bkolika hodin!<\/p>\n<\/section>\n<\/div>\n<div data-track=\"key-details\" data-v-83a2b402=\"\"><\/div>","protected":false},"featured_media":11128,"template":"","meta":[],"product_brand":[],"product_cat":[77],"product_tag":[],"class_list":{"0":"post-10790","1":"product","2":"type-product","3":"status-publish","4":"has-post-thumbnail","6":"product_cat-uncategorized","8":"first","9":"instock","10":"sale","11":"shipping-taxable","12":"product-type-external"},"_links":{"self":[{"href":"https:\/\/sabanadelamartours.com\/cs\/wp-json\/wp\/v2\/product\/10790","targetHints":{"allow":["GET"]}}],"collection":[{"href":"https:\/\/sabanadelamartours.com\/cs\/wp-json\/wp\/v2\/product"}],"about":[{"href":"https:\/\/sabanadelamartours.com\/cs\/wp-json\/wp\/v2\/types\/product"}],"version-history":[{"count":0,"href":"https:\/\/sabanadelamartours.com\/cs\/wp-json\/wp\/v2\/product\/10790\/revisions"}],"wp:featuredmedia":[{"embeddable":true,"href":"https:\/\/sabanadelamartours.com\/cs\/wp-json\/wp\/v2\/media\/11128"}],"wp:attachment":[{"href":"https:\/\/sabanadelamartours.com\/cs\/wp-json\/wp\/v2\/media?parent=10790"}],"wp:term":[{"taxonomy":"product_brand","embeddable":true,"href":"https:\/\/sabanadelamartours.com\/cs\/wp-json\/wp\/v2\/product_brand?post=10790"},{"taxonomy":"product_cat","embeddable":true,"href":"https:\/\/sabanadelamartours.com\/cs\/wp-json\/wp\/v2\/product_cat?post=10790"},{"taxonomy":"product_tag","embeddable":true,"href":"https:\/\/sabanadelamartours.com\/cs\/wp-json\/wp\/v2\/product_tag?post=10790"}],"curies":[{"name":"wp","href":"https:\/\/api.w.org\/{rel}","templated":true}]}}