{"id":10812,"date":"2025-12-18T09:48:24","date_gmt":"2025-12-18T09:48:24","guid":{"rendered":"https:\/\/sabanadelamartours.com\/?post_type=product&#038;p=10812"},"modified":"2025-12-18T10:02:16","modified_gmt":"2025-12-18T10:02:16","slug":"-36","status":"publish","type":"product","link":"https:\/\/sabanadelamartours.com\/cs\/prohlidka\/-36\/","title":{"rendered":"Den na pl\u00e1\u017ei na ostrov\u011b Saona"},"content":{"rendered":"<p>Den na pl\u00e1\u017ei na ostrov\u011b Saona<\/p>\n<p>Punta Cana<\/p>\n<p>Va\u0161e nezapomenuteln\u00e9 dobrodru\u017estv\u00ed za\u010d\u00edn\u00e1 vyzvednut\u00edm v hotelu v Punta Can\u011b, kde nastoup\u00edte do pohodln\u00e9ho klimatizovan\u00e9ho autobusu. P\u0159i cest\u011b n\u00e1dhernou krajinou Dominik\u00e1nsk\u00e9 republiky se budete kochat malebn\u00fdmi v\u00fdhledy, dokud nedoraz\u00edte na malebnou pl\u00e1\u017e Bayahibe v La Roman\u011b.<\/p>\n<p>Po p\u0159\u00edjezdu do Bayahibe v\u00e1s po nalod\u011bn\u00ed na prostorn\u00fd katamar\u00e1n p\u0159iv\u00edt\u00e1 pohled na z\u00e1\u0159iv\u011b modr\u00e9 vody a b\u00edl\u00e9 p\u00edse\u010dn\u00e9 pob\u0159e\u017e\u00ed. Vydejte se na nezapomenutelnou plavbu Karibsk\u00fdm mo\u0159em, kde se d\u00edky jemn\u00e9mu v\u00e1nku a rytmick\u00fdm vln\u00e1m budete c\u00edtit opravdu uvoln\u011bn\u011b. Str\u00e1v\u00edte n\u011bkolik bla\u017een\u00fdch hodin na \u00fa\u017easn\u00e9m ostrov\u011b Saona, kde m\u016f\u017eete prozkoum\u00e1vat jeho nedot\u010den\u00e9 pl\u00e1\u017ee, koupat se v k\u0159i\u0161\u0165\u00e1lov\u011b \u010dist\u00e9 vod\u011b a slunit se. K dispozici v\u00e1m bude lahodn\u00fd ob\u011bd, d\u00edky kter\u00e9mu si budete moci vychutnat m\u00edstn\u00ed chut\u011b a z\u00e1rove\u0148 si u\u017e\u00edvat tropickou atmosf\u00e9ru.<\/p>\n<p>Z\u00e1\u017eitek z p\u0159\u00edrodn\u00edho baz\u00e9nu<\/p>\n<p>Odpoledne se p\u0159ipravte na vzru\u0161uj\u00edc\u00ed j\u00edzdu na rychl\u00e9m \u010dlunu, kter\u00fd v\u00e1s odveze k n\u00e1dhern\u00e9mu p\u0159\u00edrodn\u00edmu koupali\u0161ti. Zde najdete m\u011blk\u00e9 tepl\u00e9 vody pln\u00e9 hv\u011bzdic, kter\u00e9 jsou ide\u00e1ln\u00ed pro osv\u011b\u017euj\u00edc\u00ed koup\u00e1n\u00ed a z\u00e1bavn\u00e9 fotografov\u00e1n\u00ed. Po tomto jedine\u010dn\u00e9m z\u00e1\u017eitku v\u00e1s rychl\u00fd \u010dlun odveze zp\u011bt na pl\u00e1\u017e Bayahibe, kde nastoup\u00edte do dopravn\u00edho prost\u0159edku a vyd\u00e1te se na zp\u00e1te\u010dn\u00ed cestu do Punta Cany, plni kr\u00e1sn\u00fdch vzpom\u00ednek na pozoruhodn\u00fd den str\u00e1ven\u00fd v r\u00e1ji.<\/p>","protected":false},"excerpt":{"rendered":"<div data-track=\"overview\" data-v-83a2b402=\"\">\n<section id=\"activity-overview\" class=\"activity-overview\" data-component=\"overview\" data-v-83a2b402=\"\" data-v-f3236c42=\"\">\n<p class=\"activity-overview__content\" data-test-id=\"activity-overview-content\" data-v-f3236c42=\"\">B\u011bhem tohoto celodenn\u00edho v\u00fdletu vyplujte z Bayahibe na ostrov Saona na palub\u011b katamar\u00e1nu a u\u017eijte si odpo\u010dinkov\u00fd den na pl\u00e1\u017ei.<\/p>\n<\/section>\n<\/div>\n<div data-track=\"key-details\" data-v-83a2b402=\"\"><\/div>","protected":false},"featured_media":11147,"template":"","meta":[],"product_brand":[],"product_cat":[97,98],"product_tag":[101,102],"class_list":{"0":"post-10812","1":"product","2":"type-product","3":"status-publish","4":"has-post-thumbnail","6":"product_cat-dominican-republic","7":"product_cat-saona-island","8":"product_tag-excursion","9":"product_tag-tour","11":"first","12":"instock","13":"sale","14":"shipping-taxable","15":"product-type-external"},"_links":{"self":[{"href":"https:\/\/sabanadelamartours.com\/cs\/wp-json\/wp\/v2\/product\/10812","targetHints":{"allow":["GET"]}}],"collection":[{"href":"https:\/\/sabanadelamartours.com\/cs\/wp-json\/wp\/v2\/product"}],"about":[{"href":"https:\/\/sabanadelamartours.com\/cs\/wp-json\/wp\/v2\/types\/product"}],"version-history":[{"count":0,"href":"https:\/\/sabanadelamartours.com\/cs\/wp-json\/wp\/v2\/product\/10812\/revisions"}],"wp:featuredmedia":[{"embeddable":true,"href":"https:\/\/sabanadelamartours.com\/cs\/wp-json\/wp\/v2\/media\/11147"}],"wp:attachment":[{"href":"https:\/\/sabanadelamartours.com\/cs\/wp-json\/wp\/v2\/media?parent=10812"}],"wp:term":[{"taxonomy":"product_brand","embeddable":true,"href":"https:\/\/sabanadelamartours.com\/cs\/wp-json\/wp\/v2\/product_brand?post=10812"},{"taxonomy":"product_cat","embeddable":true,"href":"https:\/\/sabanadelamartours.com\/cs\/wp-json\/wp\/v2\/product_cat?post=10812"},{"taxonomy":"product_tag","embeddable":true,"href":"https:\/\/sabanadelamartours.com\/cs\/wp-json\/wp\/v2\/product_tag?post=10812"}],"curies":[{"name":"wp","href":"https:\/\/api.w.org\/{rel}","templated":true}]}}