{"id":11006,"date":"2025-12-18T09:55:44","date_gmt":"2025-12-18T09:55:44","guid":{"rendered":"https:\/\/sabanadelamartours.com\/?post_type=product&#038;p=11006"},"modified":"2026-02-09T05:10:04","modified_gmt":"2026-02-09T05:10:04","slug":"-50","status":"publish","type":"product","link":"https:\/\/sabanadelamartours.com\/cs\/prohlidka\/-50\/","title":{"rendered":"Punta Cana: P\u00e1rty lo\u010f Jelouma s transfery tam i zp\u011bt2"},"content":{"rendered":"<div class=\"woocommerce-product-details__short-description\">\n<div data-track=\"overview\" data-v-83a2b402=\"\">\n<section id=\"activity-overview\" class=\"activity-overview\" data-component=\"overview\" data-v-83a2b402=\"\" data-v-f3236c42=\"\">\n<p data-test-id=\"activity-overview-content\" data-v-f3236c42=\"\">Punta Cana: P\u00e1rty lo\u010f Jelouma s transfery tam i zp\u011bt2<\/p>\n<p class=\"activity-overview__content\" data-test-id=\"activity-overview-content\" data-v-f3236c42=\"\">Enjoy a lively catamaran party with round-trip transfers. Feel the rhythm of the music, savor refreshing drinks, and dance under the sun.<\/p>\n<\/section>\n<\/div>\n<\/div>\n<p>Embark on an unforgettable party aboard a lively catamaran. Feel the rhythm of the music, savor refreshing drinks, and dance under the sun, creating unforgettable memories at sea. Guaranteed fun on this party boat.<\/p>\n<p>Enjoy stunning sea views as you sail through crystal-clear waters, accompanied by vibrant music that keeps the energy high. Sip on refreshing drinks while soaking in the lively atmosphere, perfect for dancing, laughing, and creating unforgettable memories.<\/p>\n<p>Swim with the fish, visit the dolphin platform, and share fruits, and local drinks (Rum, Soft Drinks, Beers, Mama Juana, Juices, Mojitos, and Agua) following the natural pool with the crazy hour, drinking, dancing, and sharing snacks and sauces.<\/p>","protected":false},"excerpt":{"rendered":"<div data-track=\"overview\" data-v-83a2b402=\"\">\n<section id=\"activity-overview\" class=\"activity-overview\" data-component=\"overview\" data-v-83a2b402=\"\" data-v-f3236c42=\"\">\n<p class=\"activity-overview__content\" data-test-id=\"activity-overview-content\" data-v-f3236c42=\"\">Enjoy a lively catamaran party with round-trip transfers. Feel the rhythm of the music, savor refreshing drinks, and dance under the sun.<\/p>\n<\/section>\n<\/div>\n<div data-track=\"key-details\" data-v-83a2b402=\"\"><\/div>","protected":false},"featured_media":11265,"template":"","meta":[],"product_brand":[],"product_cat":[97],"product_tag":[101,102],"class_list":{"0":"post-11006","1":"product","2":"type-product","3":"status-publish","4":"has-post-thumbnail","6":"product_cat-dominican-republic","7":"product_tag-excursion","8":"product_tag-tour","10":"first","11":"instock","12":"sale","13":"shipping-taxable","14":"product-type-external"},"_links":{"self":[{"href":"https:\/\/sabanadelamartours.com\/cs\/wp-json\/wp\/v2\/product\/11006","targetHints":{"allow":["GET"]}}],"collection":[{"href":"https:\/\/sabanadelamartours.com\/cs\/wp-json\/wp\/v2\/product"}],"about":[{"href":"https:\/\/sabanadelamartours.com\/cs\/wp-json\/wp\/v2\/types\/product"}],"version-history":[{"count":1,"href":"https:\/\/sabanadelamartours.com\/cs\/wp-json\/wp\/v2\/product\/11006\/revisions"}],"predecessor-version":[{"id":18852,"href":"https:\/\/sabanadelamartours.com\/cs\/wp-json\/wp\/v2\/product\/11006\/revisions\/18852"}],"wp:featuredmedia":[{"embeddable":true,"href":"https:\/\/sabanadelamartours.com\/cs\/wp-json\/wp\/v2\/media\/11265"}],"wp:attachment":[{"href":"https:\/\/sabanadelamartours.com\/cs\/wp-json\/wp\/v2\/media?parent=11006"}],"wp:term":[{"taxonomy":"product_brand","embeddable":true,"href":"https:\/\/sabanadelamartours.com\/cs\/wp-json\/wp\/v2\/product_brand?post=11006"},{"taxonomy":"product_cat","embeddable":true,"href":"https:\/\/sabanadelamartours.com\/cs\/wp-json\/wp\/v2\/product_cat?post=11006"},{"taxonomy":"product_tag","embeddable":true,"href":"https:\/\/sabanadelamartours.com\/cs\/wp-json\/wp\/v2\/product_tag?post=11006"}],"curies":[{"name":"wp","href":"https:\/\/api.w.org\/{rel}","templated":true}]}}