{"id":11020,"date":"2025-12-18T09:56:28","date_gmt":"2025-12-18T09:56:28","guid":{"rendered":"https:\/\/sabanadelamartours.com\/?post_type=product&#038;p=11020"},"modified":"2025-12-18T10:06:29","modified_gmt":"2025-12-18T10:06:29","slug":"-51","status":"publish","type":"product","link":"https:\/\/sabanadelamartours.com\/cs\/prohlidka\/-51\/","title":{"rendered":"Pozorov\u00e1n\u00ed velryb v Saman\u011b"},"content":{"rendered":"<p>Pozorov\u00e1n\u00ed velryb v Saman\u011b<\/p>\n<div data-track=\"overview\" data-v-83a2b402=\"\">\n<section id=\"activity-overview\" class=\"activity-overview\" data-component=\"overview\" data-v-83a2b402=\"\" data-v-f3236c42=\"\">\n<p class=\"activity-overview__content\" data-test-id=\"activity-overview-content\" data-v-f3236c42=\"\">Pro\u017eijte jedine\u010dn\u00fd z\u00e1\u017eitek p\u0159i sledov\u00e1n\u00ed skok\u016f majest\u00e1tn\u00edch keporkak\u016f s t\u00edmto varov\u00e1n\u00edm v Saman\u00e1.<\/p>\n<\/section>\n<\/div>\n<p>Vydejte se na dobrodru\u017estv\u00ed, kter\u00e9 v\u00e1m vyraz\u00ed dech! Vychutnejte si n\u00e1dhern\u00fd v\u00fdhled na z\u00e1toku Saman\u00e1 a bu\u010fte sv\u011bdky jedine\u010dn\u00e9 velryb\u00ed show. Pozorujte tyto majest\u00e1tn\u00ed tvory v jejich do\u010dasn\u00e9m prost\u0159ed\u00ed, poslouchejte zp\u011bv samc\u016f a obdivujte neuv\u011b\u0159iteln\u00e9 projevy pohybu, vrt\u011bn\u00ed ocasem a m\u00e1v\u00e1n\u00ed.<\/p>\n<p>Pot\u00e9 se vydejte na zn\u00e1m\u00fd ostrov Cayo Levantado, dokonal\u00e9 \u00fato\u010di\u0161t\u011b pro odpo\u010dinek s b\u00edl\u00fdm p\u00edskem a k\u0159i\u0161\u0165\u00e1lov\u011b \u010distou tyrkysovou vodou, tento r\u00e1j v\u00e1s uchv\u00e1t\u00ed. kde na v\u00e1s \u010dek\u00e1 vynikaj\u00edc\u00ed dominik\u00e1nsk\u00fd ob\u011bd.<\/p>\n<p>Tento jedine\u010dn\u00fd z\u00e1\u017eitek v\u00e1s b\u011bhem nezapomenuteln\u00e9ho dne p\u0159enese od majest\u00e1tnosti velryb a\u017e po klid k\u0159i\u0161\u0165\u00e1lov\u011b \u010dist\u00e9 vody a bujnou p\u0159\u00edrodu!<\/p>","protected":false},"excerpt":{"rendered":"<div data-track=\"overview\" data-v-83a2b402=\"\">\n<section id=\"activity-overview\" class=\"activity-overview\" data-component=\"overview\" data-v-83a2b402=\"\" data-v-f3236c42=\"\">\n<p class=\"activity-overview__content\" data-test-id=\"activity-overview-content\" data-v-f3236c42=\"\">Pro\u017eijte jedine\u010dn\u00fd z\u00e1\u017eitek p\u0159i sledov\u00e1n\u00ed skok\u016f majest\u00e1tn\u00edch keporkak\u016f s t\u00edmto varov\u00e1n\u00edm v Saman\u00e1.<\/p>\n<\/section>\n<\/div>\n<div data-track=\"key-details\" data-v-83a2b402=\"\"><\/div>","protected":false},"featured_media":11270,"template":"","meta":[],"product_brand":[],"product_cat":[97],"product_tag":[101,102],"class_list":{"0":"post-11020","1":"product","2":"type-product","3":"status-publish","4":"has-post-thumbnail","6":"product_cat-dominican-republic","7":"product_tag-excursion","8":"product_tag-tour","10":"first","11":"instock","12":"sale","13":"shipping-taxable","14":"product-type-external"},"_links":{"self":[{"href":"https:\/\/sabanadelamartours.com\/cs\/wp-json\/wp\/v2\/product\/11020","targetHints":{"allow":["GET"]}}],"collection":[{"href":"https:\/\/sabanadelamartours.com\/cs\/wp-json\/wp\/v2\/product"}],"about":[{"href":"https:\/\/sabanadelamartours.com\/cs\/wp-json\/wp\/v2\/types\/product"}],"version-history":[{"count":0,"href":"https:\/\/sabanadelamartours.com\/cs\/wp-json\/wp\/v2\/product\/11020\/revisions"}],"wp:featuredmedia":[{"embeddable":true,"href":"https:\/\/sabanadelamartours.com\/cs\/wp-json\/wp\/v2\/media\/11270"}],"wp:attachment":[{"href":"https:\/\/sabanadelamartours.com\/cs\/wp-json\/wp\/v2\/media?parent=11020"}],"wp:term":[{"taxonomy":"product_brand","embeddable":true,"href":"https:\/\/sabanadelamartours.com\/cs\/wp-json\/wp\/v2\/product_brand?post=11020"},{"taxonomy":"product_cat","embeddable":true,"href":"https:\/\/sabanadelamartours.com\/cs\/wp-json\/wp\/v2\/product_cat?post=11020"},{"taxonomy":"product_tag","embeddable":true,"href":"https:\/\/sabanadelamartours.com\/cs\/wp-json\/wp\/v2\/product_tag?post=11020"}],"curies":[{"name":"wp","href":"https:\/\/api.w.org\/{rel}","templated":true}]}}