{"id":11038,"date":"2025-12-18T09:57:03","date_gmt":"2025-12-18T09:57:03","guid":{"rendered":"https:\/\/sabanadelamartours.com\/?post_type=product&#038;p=11038"},"modified":"2026-01-05T16:38:18","modified_gmt":"2026-01-05T16:38:18","slug":"-53","status":"publish","type":"product","link":"https:\/\/sabanadelamartours.com\/cs\/prohlidka\/-53\/","title":{"rendered":"Kombinovan\u00e1 j\u00edzda na bugin\u00e1ch, \u0161plouch\u00e1n\u00ed na zipline a baz\u00e9n s vodop\u00e1dem s ob\u011bdem"},"content":{"rendered":"<div class=\"woocommerce-product-details__short-description\">\n<div data-track=\"overview\" data-v-83a2b402=\"\">\n<section id=\"activity-overview\" class=\"activity-overview\" data-component=\"overview\" data-v-83a2b402=\"\" data-v-f3236c42=\"\">\n<p data-test-id=\"activity-overview-content\" data-v-f3236c42=\"\">Kombinovan\u00e1 j\u00edzda na bugin\u00e1ch, \u0161plouch\u00e1n\u00ed na zipline a baz\u00e9n s vodop\u00e1dem s ob\u011bdem<\/p>\n<p class=\"activity-overview__content\" data-test-id=\"activity-overview-content\" data-v-f3236c42=\"\">P\u0159ipravte se na den pln\u00fd dobrodru\u017estv\u00ed b\u011bhem tohoto v\u00fdletu s ko\u010d\u00e1rkem a ob\u011bdem. Z\u00e1vod v opu\u0161t\u011bn\u00e9m dole, j\u00edzda na ziplinu, prohl\u00eddka dominik\u00e1nsk\u00e9 vesnice, koup\u00e1n\u00ed v cenote a n\u00e1v\u0161t\u011bva baz\u00e9nu s vodop\u00e1dem.<\/p>\n<\/section>\n<\/div>\n<\/div>\n<p>Vydejte se na dvouhodinovou j\u00edzdu ter\u00e9nn\u00edmi buginami plnou z\u00e1bavy. Prohl\u00eddka buggy je zcela mimo silnice, bez ve\u0159ejn\u00fdch cest a s maxim\u00e1ln\u00ed bezpe\u010dnost\u00ed. Vydejte se do opu\u0161t\u011bn\u00e9 mysli, vyzkou\u0161ejte zip line s baldach\u00fdnem a nav\u0161tivte cenote, kde se m\u016f\u017eete vykoupat.<\/p>\n<p>Zvy\u0161te sv\u016fj adrenalin a\u017e na vrchol d\u00edky exkluzivn\u00edmu okruhu v opu\u0161t\u011bn\u00e9m dole. Nav\u0161tivte dominik\u00e1nskou vesnici (muzeum) a poznejte m\u00edstn\u00ed kulturu, kter\u00e1 ukazuje, jak se d\u0159\u00edve \u017eilo na venkov\u011b. Poznejte typick\u00e9 produkty, jako je k\u00e1va, kakao, cukrov\u00e1 t\u0159tina, mamajuana a doutn\u00edky.<\/p>\n<p>Pak se pod veden\u00edm zku\u0161en\u00e9ho t\u00fdmu prole\u0165te vysoko na lanov\u00fdch drah\u00e1ch v Mega Splash. Zip lines zahrnuj\u00ed okruh 6 linek, him\u00e1lajsk\u00fd most a vzru\u0161uj\u00edc\u00ed p\u0159ist\u00e1n\u00ed na lanech Mega Splash ve vod\u011b.<\/p>\n<p>Po aktivit\u00e1ch si budete moci zaplavat v baz\u00e9nu s vodop\u00e1dem a relaxovat uprost\u0159ed klidn\u00e9 p\u0159\u00edrody. U\u017eijte si dokonalou kombinaci adrenalinu a z\u00e1bavy.<\/p>","protected":false},"excerpt":{"rendered":"<div data-track=\"overview\" data-v-83a2b402=\"\">\n<section id=\"activity-overview\" class=\"activity-overview\" data-component=\"overview\" data-v-83a2b402=\"\" data-v-f3236c42=\"\">\n<p class=\"activity-overview__content\" data-test-id=\"activity-overview-content\" data-v-f3236c42=\"\">P\u0159ipravte se na den pln\u00fd dobrodru\u017estv\u00ed b\u011bhem tohoto v\u00fdletu s ko\u010d\u00e1rkem a ob\u011bdem. Z\u00e1vod v opu\u0161t\u011bn\u00e9m dole, j\u00edzda na ziplinu, prohl\u00eddka dominik\u00e1nsk\u00e9 vesnice, koup\u00e1n\u00ed v cenote a n\u00e1v\u0161t\u011bva baz\u00e9nu s vodop\u00e1dem.<\/p>\n<\/section>\n<\/div>\n<div data-track=\"key-details\" data-v-83a2b402=\"\"><\/div>","protected":false},"featured_media":11283,"template":"","meta":[],"product_brand":[],"product_cat":[97],"product_tag":[101,102],"class_list":{"0":"post-11038","1":"product","2":"type-product","3":"status-publish","4":"has-post-thumbnail","6":"product_cat-dominican-republic","7":"product_tag-excursion","8":"product_tag-tour","10":"first","11":"instock","12":"sale","13":"shipping-taxable","14":"product-type-external"},"_links":{"self":[{"href":"https:\/\/sabanadelamartours.com\/cs\/wp-json\/wp\/v2\/product\/11038","targetHints":{"allow":["GET"]}}],"collection":[{"href":"https:\/\/sabanadelamartours.com\/cs\/wp-json\/wp\/v2\/product"}],"about":[{"href":"https:\/\/sabanadelamartours.com\/cs\/wp-json\/wp\/v2\/types\/product"}],"version-history":[{"count":1,"href":"https:\/\/sabanadelamartours.com\/cs\/wp-json\/wp\/v2\/product\/11038\/revisions"}],"predecessor-version":[{"id":18461,"href":"https:\/\/sabanadelamartours.com\/cs\/wp-json\/wp\/v2\/product\/11038\/revisions\/18461"}],"wp:featuredmedia":[{"embeddable":true,"href":"https:\/\/sabanadelamartours.com\/cs\/wp-json\/wp\/v2\/media\/11283"}],"wp:attachment":[{"href":"https:\/\/sabanadelamartours.com\/cs\/wp-json\/wp\/v2\/media?parent=11038"}],"wp:term":[{"taxonomy":"product_brand","embeddable":true,"href":"https:\/\/sabanadelamartours.com\/cs\/wp-json\/wp\/v2\/product_brand?post=11038"},{"taxonomy":"product_cat","embeddable":true,"href":"https:\/\/sabanadelamartours.com\/cs\/wp-json\/wp\/v2\/product_cat?post=11038"},{"taxonomy":"product_tag","embeddable":true,"href":"https:\/\/sabanadelamartours.com\/cs\/wp-json\/wp\/v2\/product_tag?post=11038"}],"curies":[{"name":"wp","href":"https:\/\/api.w.org\/{rel}","templated":true}]}}