{"id":11039,"date":"2025-12-18T09:57:03","date_gmt":"2025-12-18T09:57:03","guid":{"rendered":"https:\/\/sabanadelamartours.com\/?post_type=product&#038;p=11039"},"modified":"2026-01-05T16:39:12","modified_gmt":"2026-01-05T16:39:12","slug":"-54","status":"publish","type":"product","link":"https:\/\/sabanadelamartours.com\/cs\/prohlidka\/-54\/","title":{"rendered":"V\u00fdlet na \u010dty\u0159kolk\u00e1ch v Amber Cove a Taino Bay v Puerto Plata"},"content":{"rendered":"<p>V\u00fdlet na \u010dty\u0159kolk\u00e1ch v Amber Cove a Taino Bay v Puerto Plata<\/p>\n<p>Proj\u00edt: Amber Cove Cruise Park Cruise Terminal, Puerto Plata 57000 Dominik\u00e1nsk\u00e1 republika<\/p>\n<p>Pob\u0159e\u017en\u00ed v\u00fdlet Amber Cove zahrnuje vyzvednut\u00ed v p\u0159\u00edstavu a n\u00e1vrat, zast\u00e1vku na doutn\u00edky, pl\u00e1\u017e, zku\u0161en\u00e9 pr\u016fvodce, helmu a ochutn\u00e1vku na cest\u011b zp\u011bt do p\u0159\u00edstavu. Vychutnejte si n\u00e1dhern\u00fd panoramatick\u00fd v\u00fdhled, pl\u00e1\u017ee a m\u00edstn\u00ed chut\u011b.<\/p>\n<p>Zast\u00e1vka na: Maimon, Maimon, provincie Puerto Plata, Dominik\u00e1nsk\u00e1 republika<\/p>\n<p>Pouh\u00fdch 15 minut od kr\u00e1sn\u00e9ho p\u0159\u00edstavu v dominik\u00e1nsk\u00e9 krajin\u011b pod\u00e9l Atlantick\u00e9ho oce\u00e1nu, kde m\u016f\u017eete fotografovat. Zastavte se na malou autentickou v\u00e1lcovnu doutn\u00edk\u016f, kde se dozv\u00edte n\u011bco o doutn\u00edc\u00edch, ochutn\u00e1te m\u00edstn\u00ed bio k\u00e1vu a dokonce i mamajuanu.<\/p>","protected":false},"excerpt":{"rendered":"<div data-track=\"overview\" data-v-83a2b402=\"\">\n<section id=\"activity-overview\" class=\"activity-overview\" data-component=\"overview\" data-v-83a2b402=\"\" data-v-f3236c42=\"\">\n<p class=\"activity-overview__content\" data-test-id=\"activity-overview-content\" data-v-f3236c42=\"\">Prozkoumejte pl\u00e1\u017ee a krajinu Puerto Plate na \u010dty\u0159kolk\u00e1ch. Pr\u016fvodci v\u00e1s provedou mal\u00fdmi farmami, kde se nau\u010d\u00edte v\u00e1let doutn\u00edky a ochutn\u00e1te m\u00edstn\u00ed bio k\u00e1vu, horkou \u010dokol\u00e1du a rum.<\/p>\n<\/section>\n<\/div>\n<div data-track=\"key-details\" data-v-83a2b402=\"\"><\/div>","protected":false},"featured_media":11297,"template":"","meta":[],"product_brand":[],"product_cat":[97],"product_tag":[101,102],"class_list":{"0":"post-11039","1":"product","2":"type-product","3":"status-publish","4":"has-post-thumbnail","6":"product_cat-dominican-republic","7":"product_tag-excursion","8":"product_tag-tour","10":"first","11":"instock","12":"sale","13":"shipping-taxable","14":"product-type-external"},"_links":{"self":[{"href":"https:\/\/sabanadelamartours.com\/cs\/wp-json\/wp\/v2\/product\/11039","targetHints":{"allow":["GET"]}}],"collection":[{"href":"https:\/\/sabanadelamartours.com\/cs\/wp-json\/wp\/v2\/product"}],"about":[{"href":"https:\/\/sabanadelamartours.com\/cs\/wp-json\/wp\/v2\/types\/product"}],"version-history":[{"count":1,"href":"https:\/\/sabanadelamartours.com\/cs\/wp-json\/wp\/v2\/product\/11039\/revisions"}],"predecessor-version":[{"id":18462,"href":"https:\/\/sabanadelamartours.com\/cs\/wp-json\/wp\/v2\/product\/11039\/revisions\/18462"}],"wp:featuredmedia":[{"embeddable":true,"href":"https:\/\/sabanadelamartours.com\/cs\/wp-json\/wp\/v2\/media\/11297"}],"wp:attachment":[{"href":"https:\/\/sabanadelamartours.com\/cs\/wp-json\/wp\/v2\/media?parent=11039"}],"wp:term":[{"taxonomy":"product_brand","embeddable":true,"href":"https:\/\/sabanadelamartours.com\/cs\/wp-json\/wp\/v2\/product_brand?post=11039"},{"taxonomy":"product_cat","embeddable":true,"href":"https:\/\/sabanadelamartours.com\/cs\/wp-json\/wp\/v2\/product_cat?post=11039"},{"taxonomy":"product_tag","embeddable":true,"href":"https:\/\/sabanadelamartours.com\/cs\/wp-json\/wp\/v2\/product_tag?post=11039"}],"curies":[{"name":"wp","href":"https:\/\/api.w.org\/{rel}","templated":true}]}}