{"id":11110,"date":"2025-12-18T09:59:33","date_gmt":"2025-12-18T09:59:33","guid":{"rendered":"https:\/\/sabanadelamartours.com\/?post_type=product&#038;p=11110"},"modified":"2026-02-14T07:12:06","modified_gmt":"2026-02-14T07:12:06","slug":"-58","status":"publish","type":"product","link":"https:\/\/sabanadelamartours.com\/cs\/prohlidka\/-58\/","title":{"rendered":"Santo Domingo: Samana, vodop\u00e1d El Limon a Cayo Levantado"},"content":{"rendered":"<p>Saman\u00e1 je prezentov\u00e1na jako r\u00e1j pro ty, kte\u0159\u00ed si v\u00e1\u017e\u00ed p\u0159\u00edrody a hledaj\u00ed vzru\u0161en\u00ed z dobrodru\u017estv\u00ed. Najdete zde majest\u00e1tn\u00ed zelen\u00e9 hory, kr\u00e1sn\u00e9 pl\u00e1\u017ee i p\u016fvabn\u00e1 malebn\u00e1 m\u011bste\u010dka, kter\u00e1 v\u00e1m umo\u017en\u00ed pono\u0159it se do m\u00edstn\u00ed autenticity a poznat bohat\u00fd tradi\u010dn\u00ed dominik\u00e1nsk\u00fd zp\u016fsob \u017eivota a kultury.<\/p>\n<p>Tento z\u00e1\u017eitek v Saman\u00e1 je celodenn\u00ed v\u00fdlet za pozn\u00e1n\u00edm dal\u0161\u00ed z \u00fa\u017easn\u00fdch destinac\u00ed, kter\u00e9 Dominik\u00e1nsk\u00e1 republika pro sv\u00e9 n\u00e1v\u0161t\u011bvn\u00edky nab\u00edz\u00ed.<\/p>\n<p>Nav\u0161t\u00edv\u00edme Salto del Lim\u00f3n, kde si u\u017eijeme klidnou proj\u00ed\u017e\u010fku bujn\u00fdm tropick\u00fdm vlhk\u00fdm lesem, a\u0165 u\u017e na h\u0159bet\u011b muly nebo kon\u011b. B\u011bhem t\u00e9to cesty budeme m\u00edt p\u0159\u00edle\u017eitost pono\u0159it se do sv\u011b\u017e\u00ed venkovsk\u00e9 krajiny, obklopen\u00e9 hustou vegetac\u00ed tropick\u00fdch plodin.<\/p>\n<p>Vodop\u00e1d Lim\u00f3n se skl\u00e1d\u00e1 ze t\u0159\u00ed vodop\u00e1d\u016f, jimi\u017e voda sklouz\u00e1v\u00e1 po pevn\u00e9 st\u011bn\u011b nazelenal\u00e9ho odst\u00ednu, co\u017e je d\u016fsledek p\u0159\u00edtomnosti \u010detn\u00fdch kapradin a vysok\u00e9 vlhkosti vzduchu, kter\u00e1 je pro tuto oblast charakteristick\u00e1. Vodop\u00e1d vrchol\u00ed v p\u0159\u00edrodn\u00edm baz\u00e9nku nap\u00e1jen\u00e9m \u010derstvou, k\u0159i\u0161\u0165\u00e1lov\u011b \u010distou vodou, kter\u00fd n\u00e1v\u0161t\u011bvn\u00edk\u016fm nab\u00edz\u00ed mo\u017enost vychutnat si zcela relaxa\u010dn\u00ed koupel.<\/p>\n<div class=\"toggle-content__content toggle-content__content--expanded toggle-content__content--packable\" data-v-59485d64=\"\">\n<div data-test-id=\"activity-full-description-text\" data-v-5835c99c=\"\">Po p\u0159ibli\u017en\u011b 40 minut\u00e1ch u vodop\u00e1du jsme se vr\u00e1tili na ran\u010d a zam\u00ed\u0159ili do restaurace, abychom si pochutnali na prav\u00e9m typick\u00e9m dominik\u00e1nsk\u00e9m ob\u011bd\u011b. Po skon\u010den\u00ed j\u00eddla se vyd\u00e1me na ostrov Cayo Levantado neboli Bacardi, kde se m\u016f\u017eeme kochat jeho b\u00edl\u00fdm p\u00edskem a k\u0159i\u0161\u0165\u00e1lov\u011b \u010distou vodou nebo jen odpo\u010d\u00edvat ve st\u00ednu kokosov\u00fdch palem. Krom\u011b toho budete m\u00edt mo\u017enost zakoupit si suven\u00fdry m\u00edstn\u00edch \u0159emesln\u00edk\u016f jako doklad sv\u00e9 n\u00e1v\u0161t\u011bvy. Po 1 hodin\u011b a 30 minut\u00e1ch jsme se vydali sm\u011brem k Las Ca\u00f1itas, abychom pokra\u010dovali v pr\u016fzkumu.<\/div>\n<\/div>\n<div class=\"toggle-content__label-placeholder\" data-v-59485d64=\"\"><\/div>","protected":false},"excerpt":{"rendered":"<div data-track=\"overview\" data-v-83a2b402=\"\">\n<section id=\"activity-overview\" class=\"activity-overview\" data-component=\"overview\" data-v-83a2b402=\"\" data-v-f3236c42=\"\">\n<p class=\"activity-overview__content\" data-test-id=\"activity-overview-content\" data-v-f3236c42=\"\">Poznejte Saman\u00e1, vydejte se na proj\u00ed\u017e\u010fku na kon\u00edch k impozantn\u00edmu vodop\u00e1du El Lim\u00f3n, relaxujte pod sluncem a ve vod\u011b na Cayo Levantado.<\/p>\n<\/section>\n<\/div>\n<div data-track=\"key-details\" data-v-83a2b402=\"\"><\/div>","protected":false},"featured_media":11328,"template":"","meta":[],"product_brand":[],"product_cat":[97],"product_tag":[101,102],"class_list":{"0":"post-11110","1":"product","2":"type-product","3":"status-publish","4":"has-post-thumbnail","6":"product_cat-dominican-republic","7":"product_tag-excursion","8":"product_tag-tour","10":"first","11":"instock","12":"shipping-taxable","13":"product-type-external"},"_links":{"self":[{"href":"https:\/\/sabanadelamartours.com\/cs\/wp-json\/wp\/v2\/product\/11110","targetHints":{"allow":["GET"]}}],"collection":[{"href":"https:\/\/sabanadelamartours.com\/cs\/wp-json\/wp\/v2\/product"}],"about":[{"href":"https:\/\/sabanadelamartours.com\/cs\/wp-json\/wp\/v2\/types\/product"}],"version-history":[{"count":2,"href":"https:\/\/sabanadelamartours.com\/cs\/wp-json\/wp\/v2\/product\/11110\/revisions"}],"predecessor-version":[{"id":18854,"href":"https:\/\/sabanadelamartours.com\/cs\/wp-json\/wp\/v2\/product\/11110\/revisions\/18854"}],"wp:featuredmedia":[{"embeddable":true,"href":"https:\/\/sabanadelamartours.com\/cs\/wp-json\/wp\/v2\/media\/11328"}],"wp:attachment":[{"href":"https:\/\/sabanadelamartours.com\/cs\/wp-json\/wp\/v2\/media?parent=11110"}],"wp:term":[{"taxonomy":"product_brand","embeddable":true,"href":"https:\/\/sabanadelamartours.com\/cs\/wp-json\/wp\/v2\/product_brand?post=11110"},{"taxonomy":"product_cat","embeddable":true,"href":"https:\/\/sabanadelamartours.com\/cs\/wp-json\/wp\/v2\/product_cat?post=11110"},{"taxonomy":"product_tag","embeddable":true,"href":"https:\/\/sabanadelamartours.com\/cs\/wp-json\/wp\/v2\/product_tag?post=11110"}],"curies":[{"name":"wp","href":"https:\/\/api.w.org\/{rel}","templated":true}]}}