{"id":11158,"date":"2025-12-18T10:02:17","date_gmt":"2025-12-18T10:02:17","guid":{"rendered":"https:\/\/sabanadelamartours.com\/?post_type=product&#038;p=11158"},"modified":"2026-02-09T05:12:52","modified_gmt":"2026-02-09T05:12:52","slug":"-64","status":"publish","type":"product","link":"https:\/\/sabanadelamartours.com\/cs\/prohlidka\/-64\/","title":{"rendered":"Punta Cana: V\u00fdlet katamar\u00e1nem s j\u00eddlem a pit\u00edm"},"content":{"rendered":"<p>Punta Cana: V\u00fdlet katamar\u00e1nem s j\u00eddlem a pit\u00edm<\/p>\n<p>Discover Punta Cana from the bough of a comfortable catamaran on this guided sailing trip. Stop for a swim or snorkel at a nature reserve and anchor at a sand bar where you can chill in waist-deep water while having drinks from a floating bar.<\/p>\n<p>Relax on board with a range of alcoholic and non-alcoholic beverages including, beer, rum, tequila, tropical juices, and soft drinks. While having cocktails from the open bar, you can lay on one of the 2 nets or in a shaded area of the catamaran.<\/p>\n<p>Punta Cana<\/p>\n<p>Punta Cana je letovisko v nejv\u00fdchodn\u011bj\u0161\u00edm regionu Dominik\u00e1nsk\u00e9 republiky. V roce 2006 bylo politicky za\u010dlen\u011bno jako \u201cobec Ver\u00f3n-Punta Cana\u201d a spad\u00e1 pod obec Hig\u00fcey (provincie La Altagracia). Podle s\u010d\u00edt\u00e1n\u00ed lidu v roce 2022 m\u011bla tato m\u011bstsk\u00e1 \u010d\u00e1st nebo okres 138 919 obyvatel.<\/p>\n<p>The area is known for its white sand beaches, blue turquoise waters, and balnearios which face both the Caribbean Sea and the Atlantic Ocean. The weather is hot for most of the year, especially in late summer and autumn when the Northern Tropics receive their most direct sunlight<\/p>","protected":false},"excerpt":{"rendered":"<div data-track=\"overview\" data-v-83a2b402=\"\">\n<section id=\"activity-overview\" class=\"activity-overview\" data-component=\"overview\" data-v-83a2b402=\"\" data-v-f3236c42=\"\">\n<p class=\"activity-overview__content\" data-test-id=\"activity-overview-content\" data-v-f3236c42=\"\">Sail the waters of Punta Cana and Cape Enga\u00f1o on a guided catamaran tour. Stop for a snorkel at the natural reserve near Cabo Enga\u00f1o and chill out next to a floating bar at the Sandbar Cove.<\/p>\n<\/section>\n<\/div>\n<div data-track=\"key-details\" data-v-83a2b402=\"\"><\/div>","protected":false},"featured_media":11402,"template":"","meta":[],"product_brand":[],"product_cat":[97],"product_tag":[101,102],"class_list":{"0":"post-11158","1":"product","2":"type-product","3":"status-publish","4":"has-post-thumbnail","6":"product_cat-dominican-republic","7":"product_tag-excursion","8":"product_tag-tour","10":"first","11":"instock","12":"sale","13":"shipping-taxable","14":"product-type-external"},"_links":{"self":[{"href":"https:\/\/sabanadelamartours.com\/cs\/wp-json\/wp\/v2\/product\/11158","targetHints":{"allow":["GET"]}}],"collection":[{"href":"https:\/\/sabanadelamartours.com\/cs\/wp-json\/wp\/v2\/product"}],"about":[{"href":"https:\/\/sabanadelamartours.com\/cs\/wp-json\/wp\/v2\/types\/product"}],"version-history":[{"count":1,"href":"https:\/\/sabanadelamartours.com\/cs\/wp-json\/wp\/v2\/product\/11158\/revisions"}],"predecessor-version":[{"id":18855,"href":"https:\/\/sabanadelamartours.com\/cs\/wp-json\/wp\/v2\/product\/11158\/revisions\/18855"}],"wp:featuredmedia":[{"embeddable":true,"href":"https:\/\/sabanadelamartours.com\/cs\/wp-json\/wp\/v2\/media\/11402"}],"wp:attachment":[{"href":"https:\/\/sabanadelamartours.com\/cs\/wp-json\/wp\/v2\/media?parent=11158"}],"wp:term":[{"taxonomy":"product_brand","embeddable":true,"href":"https:\/\/sabanadelamartours.com\/cs\/wp-json\/wp\/v2\/product_brand?post=11158"},{"taxonomy":"product_cat","embeddable":true,"href":"https:\/\/sabanadelamartours.com\/cs\/wp-json\/wp\/v2\/product_cat?post=11158"},{"taxonomy":"product_tag","embeddable":true,"href":"https:\/\/sabanadelamartours.com\/cs\/wp-json\/wp\/v2\/product_tag?post=11158"}],"curies":[{"name":"wp","href":"https:\/\/api.w.org\/{rel}","templated":true}]}}