{"id":11203,"date":"2025-12-18T10:03:55","date_gmt":"2025-12-18T10:03:55","guid":{"rendered":"https:\/\/sabanadelamartours.com\/?post_type=product&#038;p=11203"},"modified":"2026-02-09T05:15:44","modified_gmt":"2026-02-09T05:15:44","slug":"vip-transfer-mezi-letistem-punta-cana-a-hotely-v-bayahibe","status":"publish","type":"product","link":"https:\/\/sabanadelamartours.com\/cs\/prohlidka\/vip-transfer-mezi-letistem-punta-cana-a-hotely-v-bayahibe\/","title":{"rendered":"VIP transfer mezi leti\u0161t\u011bm Punta Cana a hotely Bayahibe"},"content":{"rendered":"<p>VIP transfer mezi leti\u0161t\u011bm Punta Cana a hotely Bayahibe<\/p>\n<p>Rezervujte si transfer podle sv\u00fdch preferenc\u00ed bez komplikac\u00ed, budeme m\u00edt na starosti doprovod b\u011bhem va\u0161\u00ed cesty v Dominik\u00e1nsk\u00e9 republice, nemus\u00edte se ob\u00e1vat, jsme odborn\u00edci na transfery a to v\u00e1m pom\u016f\u017ee z\u00edskat slu\u017eby, kter\u00e9 si zaslou\u017e\u00edte, z rukou profesion\u00e1la, d\u011bl\u00e1me va\u0161e cesty bezpe\u010dn\u011bj\u0161\u00ed a uvoln\u011bn\u011bj\u0161\u00ed, sta\u010d\u00ed si rezervovat p\u0159edem, abyste m\u011bli napl\u00e1novanou slu\u017ebu a \u0159idi\u010de p\u0159ipraven\u00e9ho v\u00e1s vyzvednout na leti\u0161ti podle va\u0161eho v\u00fdb\u011bru v Dominik\u00e1nsk\u00e9 republice, v Diamond jsme p\u0159ipraveni na v\u00e1\u0161 p\u0159\u00edjezd.<\/p>\n<p>O Bayahibe:<\/p>\n<p>Bayah\u00edbe je malebn\u00e9 m\u011bste\u010dko v Dominik\u00e1nsk\u00e9 republice, kter\u00e9 se py\u0161n\u00ed bohatou histori\u00ed a \u017eiv\u00fdm turistick\u00fdm ruchem. Bayah\u00edbe se nach\u00e1z\u00ed asi 10 mil v\u00fdchodn\u011b od La Romany na pob\u0159e\u017e\u00ed Karibsk\u00e9ho mo\u0159e a bylo zalo\u017eeno v roce 1874 jako ryb\u00e1\u0159sk\u00e1 vesnice Juanem Britem a jeho rodinou z Portorika. Nyn\u00ed je vyhled\u00e1vanou destinac\u00ed pro cestovatele, kte\u0159\u00ed cht\u011bj\u00ed poznat jej\u00ed p\u0159\u00edrodn\u00ed kr\u00e1sy a historick\u00fd p\u016fvab.<\/p>\n<p>O Punta Can\u011b:<\/p>\n<p>Punta Cana je letovisko v nejv\u00fdchodn\u011bj\u0161\u00edm regionu Dominik\u00e1nsk\u00e9 republiky. V roce 2006 bylo politicky za\u010dlen\u011bno jako \u201cobec Ver\u00f3n-Punta Cana\u201d a spad\u00e1 pod obec Hig\u00fcey (provincie La Altagracia). Podle s\u010d\u00edt\u00e1n\u00ed lidu v roce 2022 m\u011bla tato m\u011bstsk\u00e1 \u010d\u00e1st nebo okres 138 919 obyvatel.<\/p>\n<p>&nbsp;<\/p>\n<p>&nbsp;<\/p>","protected":false},"excerpt":{"rendered":"<div data-track=\"overview\" data-v-83a2b402=\"\">\n<section id=\"activity-overview\" class=\"activity-overview\" data-component=\"overview\" data-v-83a2b402=\"\" data-v-f3236c42=\"\">\n<p class=\"activity-overview__content\" data-test-id=\"activity-overview-content\" data-v-f3236c42=\"\">Rezervujte si transfer p\u0159edem, ve spole\u010dnosti diamond transport se postar\u00e1me o to, abychom v\u00e1m nab\u00eddli ekonomick\u00e9 a pohodln\u00e9 slu\u017eby.<\/p>\n<\/section>\n<\/div>\n<div data-track=\"key-details\" data-v-83a2b402=\"\"><\/div>","protected":false},"featured_media":11459,"template":"","meta":[],"product_brand":[],"product_cat":[97],"product_tag":[101,102],"class_list":{"0":"post-11203","1":"product","2":"type-product","3":"status-publish","4":"has-post-thumbnail","6":"product_cat-dominican-republic","7":"product_tag-excursion","8":"product_tag-tour","10":"first","11":"instock","12":"sale","13":"shipping-taxable","14":"product-type-external"},"_links":{"self":[{"href":"https:\/\/sabanadelamartours.com\/cs\/wp-json\/wp\/v2\/product\/11203","targetHints":{"allow":["GET"]}}],"collection":[{"href":"https:\/\/sabanadelamartours.com\/cs\/wp-json\/wp\/v2\/product"}],"about":[{"href":"https:\/\/sabanadelamartours.com\/cs\/wp-json\/wp\/v2\/types\/product"}],"version-history":[{"count":1,"href":"https:\/\/sabanadelamartours.com\/cs\/wp-json\/wp\/v2\/product\/11203\/revisions"}],"predecessor-version":[{"id":18471,"href":"https:\/\/sabanadelamartours.com\/cs\/wp-json\/wp\/v2\/product\/11203\/revisions\/18471"}],"wp:featuredmedia":[{"embeddable":true,"href":"https:\/\/sabanadelamartours.com\/cs\/wp-json\/wp\/v2\/media\/11459"}],"wp:attachment":[{"href":"https:\/\/sabanadelamartours.com\/cs\/wp-json\/wp\/v2\/media?parent=11203"}],"wp:term":[{"taxonomy":"product_brand","embeddable":true,"href":"https:\/\/sabanadelamartours.com\/cs\/wp-json\/wp\/v2\/product_brand?post=11203"},{"taxonomy":"product_cat","embeddable":true,"href":"https:\/\/sabanadelamartours.com\/cs\/wp-json\/wp\/v2\/product_cat?post=11203"},{"taxonomy":"product_tag","embeddable":true,"href":"https:\/\/sabanadelamartours.com\/cs\/wp-json\/wp\/v2\/product_tag?post=11203"}],"curies":[{"name":"wp","href":"https:\/\/api.w.org\/{rel}","templated":true}]}}