{"id":11204,"date":"2025-12-18T10:03:55","date_gmt":"2025-12-18T10:03:55","guid":{"rendered":"https:\/\/sabanadelamartours.com\/?post_type=product&#038;p=11204"},"modified":"2026-02-14T07:09:52","modified_gmt":"2026-02-14T07:09:52","slug":"-68","status":"publish","type":"product","link":"https:\/\/sabanadelamartours.com\/cs\/prohlidka\/-68\/","title":{"rendered":"Soukrom\u00fd transfer Punta Cana Airport do Nickelodeon"},"content":{"rendered":"<div class=\"woocommerce-product-details__short-description\">\n<div data-track=\"overview\" data-v-83a2b402=\"\">\n<section id=\"activity-overview\" class=\"activity-overview\" data-component=\"overview\" data-v-83a2b402=\"\" data-v-f3236c42=\"\">\n<p data-test-id=\"activity-overview-content\" data-v-f3236c42=\"\">Soukrom\u00fd transfer Punta Cana Airport do Nickelodeon<\/p>\n<p class=\"activity-overview__content\" data-test-id=\"activity-overview-content\" data-v-f3236c42=\"\">P\u0159esko\u010dte \u010dek\u00e1n\u00ed a vydejte se rovnou do r\u00e1je! Jakmile doraz\u00edte, \u0159idi\u010d bude st\u00e1t u v\u00fdchodu z termin\u00e1lu s cedul\u00ed s va\u0161\u00edm jm\u00e9nem a bude p\u0159ipraven v\u00e1s odv\u00e9zt p\u0159\u00edmo do va\u0161eho letoviska.<\/p>\n<\/section>\n<\/div>\n<\/div>\n<p>Punta Cana Transfer is a leader in providing private transportation all over Punta Cana. As a company, we have over 4 years of experience and over 1000 5-star reviews on TripAdvisor.<\/p>\n<p>Enjoy the ease that comes with being attended by your customer service representative before, during, and after your trip. No tickets, waiting for emails, or long queues, all communication is immediate and over SMS. Your driver will be waiting with a sign upon your arrival and will take you straight to your resort with no unwanted stops or surprises.<\/p>\n<p>Book your ride and go straight from the Punta Cana Airport to Nickelodeon or from Nickelodeon to the Punta Cana Airport to catch your flight.<\/p>","protected":false},"excerpt":{"rendered":"<div data-track=\"overview\" data-v-83a2b402=\"\">\n<section id=\"activity-overview\" class=\"activity-overview\" data-component=\"overview\" data-v-83a2b402=\"\" data-v-f3236c42=\"\">\n<p class=\"activity-overview__content\" data-test-id=\"activity-overview-content\" data-v-f3236c42=\"\">P\u0159esko\u010dte \u010dek\u00e1n\u00ed a vydejte se rovnou do r\u00e1je! Jakmile doraz\u00edte, \u0159idi\u010d bude st\u00e1t u v\u00fdchodu z termin\u00e1lu s cedul\u00ed s va\u0161\u00edm jm\u00e9nem a bude p\u0159ipraven v\u00e1s odv\u00e9zt p\u0159\u00edmo do va\u0161eho letoviska.<\/p>\n<\/section>\n<\/div>\n<div data-track=\"key-details\" data-v-83a2b402=\"\"><\/div>","protected":false},"featured_media":11465,"template":"","meta":[],"product_brand":[],"product_cat":[97],"product_tag":[101,102],"class_list":{"0":"post-11204","1":"product","2":"type-product","3":"status-publish","4":"has-post-thumbnail","6":"product_cat-dominican-republic","7":"product_tag-excursion","8":"product_tag-tour","10":"first","11":"instock","12":"sale","13":"shipping-taxable","14":"product-type-external"},"_links":{"self":[{"href":"https:\/\/sabanadelamartours.com\/cs\/wp-json\/wp\/v2\/product\/11204","targetHints":{"allow":["GET"]}}],"collection":[{"href":"https:\/\/sabanadelamartours.com\/cs\/wp-json\/wp\/v2\/product"}],"about":[{"href":"https:\/\/sabanadelamartours.com\/cs\/wp-json\/wp\/v2\/types\/product"}],"version-history":[{"count":1,"href":"https:\/\/sabanadelamartours.com\/cs\/wp-json\/wp\/v2\/product\/11204\/revisions"}],"predecessor-version":[{"id":19270,"href":"https:\/\/sabanadelamartours.com\/cs\/wp-json\/wp\/v2\/product\/11204\/revisions\/19270"}],"wp:featuredmedia":[{"embeddable":true,"href":"https:\/\/sabanadelamartours.com\/cs\/wp-json\/wp\/v2\/media\/11465"}],"wp:attachment":[{"href":"https:\/\/sabanadelamartours.com\/cs\/wp-json\/wp\/v2\/media?parent=11204"}],"wp:term":[{"taxonomy":"product_brand","embeddable":true,"href":"https:\/\/sabanadelamartours.com\/cs\/wp-json\/wp\/v2\/product_brand?post=11204"},{"taxonomy":"product_cat","embeddable":true,"href":"https:\/\/sabanadelamartours.com\/cs\/wp-json\/wp\/v2\/product_cat?post=11204"},{"taxonomy":"product_tag","embeddable":true,"href":"https:\/\/sabanadelamartours.com\/cs\/wp-json\/wp\/v2\/product_tag?post=11204"}],"curies":[{"name":"wp","href":"https:\/\/api.w.org\/{rel}","templated":true}]}}