{"id":11264,"date":"2025-12-18T10:06:06","date_gmt":"2025-12-18T10:06:06","guid":{"rendered":"https:\/\/sabanadelamartours.com\/?post_type=product&#038;p=11264"},"modified":"2026-01-05T17:07:17","modified_gmt":"2026-01-05T17:07:17","slug":"-75","status":"publish","type":"product","link":"https:\/\/sabanadelamartours.com\/cs\/prohlidka\/-75\/","title":{"rendered":"Ostrov Saona: Celodenn\u00ed v\u00fdlet lod\u00ed s ob\u011bdem formou bufetu a n\u00e1poji"},"content":{"rendered":"<div class=\"woocommerce-product-details__short-description\">\n<div data-track=\"overview\" data-v-83a2b402=\"\">\n<section id=\"activity-overview\" class=\"activity-overview\" data-component=\"overview\" data-v-83a2b402=\"\" data-v-f3236c42=\"\">\n<p data-test-id=\"activity-overview-content\" data-v-f3236c42=\"\">Ostrov Saona: Celodenn\u00ed v\u00fdlet lod\u00ed s ob\u011bdem formou bufetu a n\u00e1poji<\/p>\n<p class=\"activity-overview__content\" data-test-id=\"activity-overview-content\" data-v-f3236c42=\"\">Poznejte kr\u00e1sn\u00e9 pob\u0159e\u017e\u00ed Karibsk\u00e9ho mo\u0159e b\u011bhem celodenn\u00edho v\u00fdletu lod\u00ed. Vychutnejte si sv\u011b\u017e\u00ed pl\u00e1\u017ee ostrova Saona. Vyu\u017eijte program all inclusive, kter\u00fd zahrnuje ob\u011bd formou bufetu, m\u00edstn\u00ed n\u00e1poje a \u0159adu aktivit.<\/p>\n<\/section>\n<\/div>\n<\/div>\n<p>Nalo\u010fte se na palubu a poc\u00edt\u00edte v\u00e1nek, kdy\u017e na tomto celodenn\u00edm v\u00fdlet\u011b po ostrov\u011b p\u0159ekon\u00e1te Karibsk\u00e9 mo\u0159e na motorov\u00e9m \u010dlunu. Vydejte se na kr\u00e1sn\u00fd ostrov Saona a zaplavte si v p\u0159\u00edrodn\u00edm baz\u00e9nu a p\u00edse\u010dn\u00e9m b\u0159ehu uprost\u0159ed mo\u0159e. Prohl\u00eddku za\u010dn\u011bte v n\u00e1rodn\u00edm parku Cotubanam\u00e1. Vydejte se k p\u0159\u00edrodn\u00edmu koupali\u0161ti Palmilla a vychutnejte si n\u00e1poje p\u0159i dov\u00e1d\u011bn\u00ed v tyrkysov\u00fdch vod\u00e1ch. Vydejte se do kontaktu s mo\u0159sk\u00fdmi hv\u011bzdicemi a dal\u0161\u00edmi mo\u0159sk\u00fdmi \u017eivo\u010dichy.<\/p>\n<p>Pot\u00e9 se vydejte do pl\u00e1\u017eov\u00e9ho klubu na ostrov\u011b, kde m\u00e1te t\u0159i hodiny voln\u00e9ho \u010dasu: leno\u0161te na pl\u00e1\u017ei, plavte nebo si zahrajte pl\u00e1\u017eov\u00fd volejbal. Ne\u017e se vyd\u00e1te na plavbu katamar\u00e1nem po klidn\u00fdch vod\u00e1ch, vychutnejte si ob\u011bd formou bufetu.<\/p>\n<p>Prozkoumejte n\u00e1dhern\u00e9 pl\u00e1\u017ee ostrova Saona b\u011bhem all inclusive v\u00fdletu lod\u00ed s ob\u011bdem formou bufetu a osv\u011b\u017euj\u00edc\u00edmi m\u00edstn\u00edmi n\u00e1poji.<\/p>","protected":false},"excerpt":{"rendered":"<div data-track=\"overview\" data-v-83a2b402=\"\">\n<section id=\"activity-overview\" class=\"activity-overview\" data-component=\"overview\" data-v-83a2b402=\"\" data-v-f3236c42=\"\">\n<p class=\"activity-overview__content\" data-test-id=\"activity-overview-content\" data-v-f3236c42=\"\">Poznejte kr\u00e1sn\u00e9 pob\u0159e\u017e\u00ed Karibsk\u00e9ho mo\u0159e b\u011bhem celodenn\u00edho v\u00fdletu lod\u00ed. Vychutnejte si sv\u011b\u017e\u00ed pl\u00e1\u017ee ostrova Saona. Vyu\u017eijte program all inclusive zahrnuj\u00edc\u00ed ob\u011bd formou bufetu, m\u00edstn\u00ed n\u00e1poje a \u0159adu aktivit.<\/p>\n<\/section>\n<\/div>\n<div data-track=\"key-details\" data-v-83a2b402=\"\"><\/div>","protected":false},"featured_media":11560,"template":"","meta":[],"product_brand":[],"product_cat":[97],"product_tag":[101,102],"class_list":{"0":"post-11264","1":"product","2":"type-product","3":"status-publish","4":"has-post-thumbnail","6":"product_cat-dominican-republic","7":"product_tag-excursion","8":"product_tag-tour","10":"first","11":"instock","12":"sale","13":"shipping-taxable","14":"product-type-external"},"_links":{"self":[{"href":"https:\/\/sabanadelamartours.com\/cs\/wp-json\/wp\/v2\/product\/11264","targetHints":{"allow":["GET"]}}],"collection":[{"href":"https:\/\/sabanadelamartours.com\/cs\/wp-json\/wp\/v2\/product"}],"about":[{"href":"https:\/\/sabanadelamartours.com\/cs\/wp-json\/wp\/v2\/types\/product"}],"version-history":[{"count":2,"href":"https:\/\/sabanadelamartours.com\/cs\/wp-json\/wp\/v2\/product\/11264\/revisions"}],"predecessor-version":[{"id":18481,"href":"https:\/\/sabanadelamartours.com\/cs\/wp-json\/wp\/v2\/product\/11264\/revisions\/18481"}],"wp:featuredmedia":[{"embeddable":true,"href":"https:\/\/sabanadelamartours.com\/cs\/wp-json\/wp\/v2\/media\/11560"}],"wp:attachment":[{"href":"https:\/\/sabanadelamartours.com\/cs\/wp-json\/wp\/v2\/media?parent=11264"}],"wp:term":[{"taxonomy":"product_brand","embeddable":true,"href":"https:\/\/sabanadelamartours.com\/cs\/wp-json\/wp\/v2\/product_brand?post=11264"},{"taxonomy":"product_cat","embeddable":true,"href":"https:\/\/sabanadelamartours.com\/cs\/wp-json\/wp\/v2\/product_cat?post=11264"},{"taxonomy":"product_tag","embeddable":true,"href":"https:\/\/sabanadelamartours.com\/cs\/wp-json\/wp\/v2\/product_tag?post=11264"}],"curies":[{"name":"wp","href":"https:\/\/api.w.org\/{rel}","templated":true}]}}