{"id":11309,"date":"2025-12-18T10:07:43","date_gmt":"2025-12-18T10:07:43","guid":{"rendered":"https:\/\/sabanadelamartours.com\/?post_type=product&#038;p=11309"},"modified":"2026-02-09T05:23:45","modified_gmt":"2026-02-09T05:23:45","slug":"-80","status":"publish","type":"product","link":"https:\/\/sabanadelamartours.com\/cs\/prohlidka\/-80\/","title":{"rendered":"Santo Domingo Odyssey Tour z Punta Cana\/Bavaro"},"content":{"rendered":"<p>S t\u00edmto pr\u016fvodcem pozn\u00e1te fascinuj\u00edc\u00ed historii a kulturu Santo Dominga a nav\u0161t\u00edv\u00edte hlavn\u00ed historick\u00e9 pam\u00e1tky dominik\u00e1nsk\u00e9ho hlavn\u00edho m\u011bsta. Za\u010dn\u011bte n\u00e1v\u0161t\u011bvou p\u016fsobiv\u00fdch podzemn\u00edch jezer Los Tres Ojos, kde m\u016f\u017eete obdivovat p\u0159\u00edrodn\u00ed kr\u00e1sy regionu. Pot\u00e9 se pono\u0159te do bohat\u00e9ho d\u011bdictv\u00ed koloni\u00e1ln\u00ed z\u00f3ny, prvn\u00edho m\u011bsta Nov\u00e9ho sv\u011bta.<\/p>\n<p>Objevte Alcazar de Colon, b\u00fdval\u00e9 s\u00eddlo syna Kry\u0161tofa Kolumba, a projd\u011bte se majest\u00e1tn\u00edm prezidentsk\u00fdm pal\u00e1cem. Nav\u0161tivte kultovn\u00ed Kolumb\u016fv park, prostor pln\u00fd \u017eivota a kultury, a prohl\u00eddku zakon\u010dete u impozantn\u00ed katedr\u00e1ly Catedral Primada de Am\u00e9rica, prvn\u00ed katedr\u00e1ly postaven\u00e9 v Americe.<\/p>\n<p>Tento z\u00e1jezd s odborn\u00fdm pr\u016fvodcem, kter\u00fd v\u00e1m poskytne podrobn\u00e9 informace o ka\u017ed\u00e9m m\u00edst\u011b, je ide\u00e1ln\u00ed pro ty, kte\u0159\u00ed se cht\u011bj\u00ed sezn\u00e1mit s histori\u00ed a kulturou Dominik\u00e1nsk\u00e9 republiky.<\/p>","protected":false},"excerpt":{"rendered":"<div data-track=\"overview\" data-v-83a2b402=\"\">\n<section id=\"activity-overview\" class=\"activity-overview\" data-component=\"overview\" data-v-83a2b402=\"\" data-v-f3236c42=\"\">\n<p class=\"activity-overview__content\" data-test-id=\"activity-overview-content\" data-v-f3236c42=\"\">Prozkoumejte Los Tres Ojos, prohl\u00e9dn\u011bte si koloni\u00e1ln\u00ed z\u00f3nu, nav\u0161tivte Alcazar de Colon, prezidentsk\u00fd pal\u00e1c, park Colon a katedr\u00e1lu Catedral Primada de America v r\u00e1mci jedine\u010dn\u00e9 prohl\u00eddky s pr\u016fvodcem.<\/p>\n<\/section>\n<\/div>\n<div data-track=\"key-details\" data-v-83a2b402=\"\"><\/div>","protected":false},"featured_media":11620,"template":"","meta":[],"product_brand":[],"product_cat":[97],"product_tag":[101,102],"class_list":{"0":"post-11309","1":"product","2":"type-product","3":"status-publish","4":"has-post-thumbnail","6":"product_cat-dominican-republic","7":"product_tag-excursion","8":"product_tag-tour","10":"first","11":"instock","12":"shipping-taxable","13":"product-type-external"},"_links":{"self":[{"href":"https:\/\/sabanadelamartours.com\/cs\/wp-json\/wp\/v2\/product\/11309","targetHints":{"allow":["GET"]}}],"collection":[{"href":"https:\/\/sabanadelamartours.com\/cs\/wp-json\/wp\/v2\/product"}],"about":[{"href":"https:\/\/sabanadelamartours.com\/cs\/wp-json\/wp\/v2\/types\/product"}],"version-history":[{"count":1,"href":"https:\/\/sabanadelamartours.com\/cs\/wp-json\/wp\/v2\/product\/11309\/revisions"}],"predecessor-version":[{"id":18860,"href":"https:\/\/sabanadelamartours.com\/cs\/wp-json\/wp\/v2\/product\/11309\/revisions\/18860"}],"wp:featuredmedia":[{"embeddable":true,"href":"https:\/\/sabanadelamartours.com\/cs\/wp-json\/wp\/v2\/media\/11620"}],"wp:attachment":[{"href":"https:\/\/sabanadelamartours.com\/cs\/wp-json\/wp\/v2\/media?parent=11309"}],"wp:term":[{"taxonomy":"product_brand","embeddable":true,"href":"https:\/\/sabanadelamartours.com\/cs\/wp-json\/wp\/v2\/product_brand?post=11309"},{"taxonomy":"product_cat","embeddable":true,"href":"https:\/\/sabanadelamartours.com\/cs\/wp-json\/wp\/v2\/product_cat?post=11309"},{"taxonomy":"product_tag","embeddable":true,"href":"https:\/\/sabanadelamartours.com\/cs\/wp-json\/wp\/v2\/product_tag?post=11309"}],"curies":[{"name":"wp","href":"https:\/\/api.w.org\/{rel}","templated":true}]}}