{"id":11392,"date":"2025-12-18T10:11:00","date_gmt":"2025-12-18T10:11:00","guid":{"rendered":"https:\/\/sabanadelamartours.com\/?post_type=product&#038;p=11392"},"modified":"2025-12-18T10:21:51","modified_gmt":"2025-12-18T10:21:51","slug":"-87","status":"publish","type":"product","link":"https:\/\/sabanadelamartours.com\/cs\/prohlidka\/-87\/","title":{"rendered":""},"content":{"rendered":"<p>Prozkoumejte hlavn\u00ed m\u011bsto Dominik\u00e1nsk\u00e9 republiky b\u011bhem t\u00e9to celodenn\u00ed soukrom\u00e9 prohl\u00eddky Santo Dominga. Projd\u011bte se historick\u00fdmi koloni\u00e1ln\u00edmi ulicemi s p\u0159\u00e1telsk\u00fdm m\u00edstn\u00edm pr\u016fvodcem a prohl\u00e9dn\u011bte si n\u011bkter\u00e9 z nejstar\u0161\u00edch pam\u00e1tek Nov\u00e9ho sv\u011bta v m\u011bst\u011b, kter\u00e9 je pova\u017eov\u00e1no za nejstar\u0161\u00ed evropsk\u00e9 m\u011bsto na z\u00e1padn\u00ed polokouli. Projd\u011bte se p\u011b\u0161ky ikonickou Koloni\u00e1ln\u00ed z\u00f3nou nebo si vyberte celodenn\u00ed variantu a prohl\u00e9dn\u011bte si dal\u0161\u00ed zaj\u00edmavosti m\u011bsta. Soukrom\u00e1 prohl\u00eddka Santo Dominga Projd\u011bte se p\u011b\u0161ky Koloni\u00e1ln\u00ed z\u00f3nou a prohl\u00e9dn\u011bte si jej\u00ed pam\u00e1tky ze 16. stolet\u00ed Se soukrom\u00fdm pr\u016fvodcem se dozv\u00edte o dlouh\u00e9 historii m\u011bsta Nav\u0161tivte pam\u00e1tky, jako je muzeum Alcazar de Colon, N\u00e1rodn\u00ed panteon a katedr\u00e1la Prim\u00e1t\u016f Ameriky Vyberte si celodenn\u00ed prohl\u00eddku a prohl\u00e9dn\u011bte si pam\u00e1tky mimo Koloni\u00e1ln\u00ed z\u00f3nu, jako je Malecon a Kolumb\u016fv maj\u00e1k Ob\u011bd v cen\u011b celodenn\u00ed prohl\u00eddky V cen\u011b je zahrnuta doprava z hotelu.<\/p>","protected":false},"excerpt":{"rendered":"<div data-track=\"overview\" data-v-83a2b402=\"\">\n<section id=\"activity-overview\" class=\"activity-overview\" data-component=\"overview\" data-v-83a2b402=\"\" data-v-f3236c42=\"\">\n<p class=\"activity-overview__content\" data-test-id=\"activity-overview-content\" data-v-f3236c42=\"\">Prozkoumejte hlavn\u00ed m\u011bsto Dominik\u00e1nsk\u00e9 republiky<\/p>\n<\/section>\n<\/div>\n<div data-track=\"key-details\" data-v-83a2b402=\"\"><\/div>","protected":false},"featured_media":11691,"template":"","meta":[],"product_brand":[],"product_cat":[97],"product_tag":[101,102],"class_list":{"0":"post-11392","1":"product","2":"type-product","3":"status-publish","4":"has-post-thumbnail","6":"product_cat-dominican-republic","7":"product_tag-excursion","8":"product_tag-tour","10":"first","11":"instock","12":"shipping-taxable","13":"product-type-external"},"_links":{"self":[{"href":"https:\/\/sabanadelamartours.com\/cs\/wp-json\/wp\/v2\/product\/11392","targetHints":{"allow":["GET"]}}],"collection":[{"href":"https:\/\/sabanadelamartours.com\/cs\/wp-json\/wp\/v2\/product"}],"about":[{"href":"https:\/\/sabanadelamartours.com\/cs\/wp-json\/wp\/v2\/types\/product"}],"version-history":[{"count":0,"href":"https:\/\/sabanadelamartours.com\/cs\/wp-json\/wp\/v2\/product\/11392\/revisions"}],"wp:featuredmedia":[{"embeddable":true,"href":"https:\/\/sabanadelamartours.com\/cs\/wp-json\/wp\/v2\/media\/11691"}],"wp:attachment":[{"href":"https:\/\/sabanadelamartours.com\/cs\/wp-json\/wp\/v2\/media?parent=11392"}],"wp:term":[{"taxonomy":"product_brand","embeddable":true,"href":"https:\/\/sabanadelamartours.com\/cs\/wp-json\/wp\/v2\/product_brand?post=11392"},{"taxonomy":"product_cat","embeddable":true,"href":"https:\/\/sabanadelamartours.com\/cs\/wp-json\/wp\/v2\/product_cat?post=11392"},{"taxonomy":"product_tag","embeddable":true,"href":"https:\/\/sabanadelamartours.com\/cs\/wp-json\/wp\/v2\/product_tag?post=11392"}],"curies":[{"name":"wp","href":"https:\/\/api.w.org\/{rel}","templated":true}]}}