{"id":11401,"date":"2025-12-18T10:11:36","date_gmt":"2025-12-18T10:11:36","guid":{"rendered":"https:\/\/sabanadelamartours.com\/?post_type=product&#038;p=11401"},"modified":"2025-12-18T10:22:16","modified_gmt":"2025-12-18T10:22:16","slug":"-88","status":"publish","type":"product","link":"https:\/\/sabanadelamartours.com\/cs\/prohlidka\/-88\/","title":{"rendered":""},"content":{"rendered":"<p>Objevte bohatou historii a \u017eivou kulturu Dominik\u00e1nsk\u00e9 republiky na na\u0161\u00ed celodenn\u00ed prohl\u00eddce m\u011bsta Santo Domingo, kter\u00e1 za\u010d\u00edn\u00e1 v Punta Can\u011b. Tento poutav\u00fd 9-10hodinov\u00fd z\u00e1\u017eitek kombinuje p\u011b\u0161\u00ed a autobusovou dopravu a nab\u00edz\u00ed komplexn\u00ed prohl\u00eddku hlavn\u00edho m\u011bsta zem\u011b.<\/p>\n<p>Va\u0161e cesta za\u010d\u00edn\u00e1 pohodln\u00fdm vyzvednut\u00edm z hotel\u016f a letovisek v Punta Can\u011b, kter\u00e9 v\u00e1m p\u0159iprav\u00ed p\u016fdu pro celodenn\u00ed dobrodru\u017estv\u00ed. Nav\u0161t\u00edv\u00edte kultovn\u00ed m\u00edsta, jako je Los Tres Ojos, \u00fa\u017easn\u00fd podzemn\u00ed jeskynn\u00ed syst\u00e9m s k\u0159i\u0161\u0165\u00e1lov\u011b \u010dist\u00fdmi lagunami, a Faro a Col\u00f3n, monument\u00e1ln\u00ed maj\u00e1k v\u011bnovan\u00fd Kry\u0161tofu Kolumbovi. Prozkoumejte Kolumb\u016fv d\u016fm (Casa de Col\u00f3n) a projd\u011bte se historick\u00fdm parkem Parque Col\u00f3n a Parque Duarte v srdci Koloni\u00e1ln\u00ed z\u00f3ny, zapsan\u00e9 na seznamu sv\u011btov\u00e9ho d\u011bdictv\u00ed UNESCO.<\/p>\n<p>Obdivujte architektonickou n\u00e1dheru Alc\u00e1zar de Col\u00f3n a Catedral Primada de Am\u00e9rica, nejstar\u0161\u00ed katedr\u00e1ly v Nov\u00e9m sv\u011bt\u011b. Vychutnejte si vynikaj\u00edc\u00ed ob\u011bd v restauraci Mugado v Zona Colonial a vychutnejte si tradi\u010dn\u00ed dominik\u00e1nsk\u00e9 chut\u011b. Sou\u010d\u00e1st\u00ed prohl\u00eddky je tak\u00e9 n\u00e1v\u0161t\u011bva tov\u00e1rny na larimar, kde se m\u016f\u017eete sezn\u00e1mit s t\u00edmto kr\u00e1sn\u00fdm, vz\u00e1cn\u00fdm modr\u00fdm drahokamem, kter\u00fd je v Dominik\u00e1nsk\u00e9 republice jedine\u010dn\u00fd, a zakoupit si jej.<\/p>\n<p>Tato prohl\u00eddka je nab\u00edzena ve \u0161pan\u011bl\u0161tin\u011b, angli\u010dtin\u011b, francouz\u0161tin\u011b a portugal\u0161tin\u011b a je ide\u00e1ln\u00ed pro milovn\u00edky historie, kultury a pro v\u0161echny, kte\u0159\u00ed cht\u011bj\u00ed poznat podstatu Santo Dominga.<\/p>","protected":false},"excerpt":{"rendered":"<div data-track=\"overview\" data-v-83a2b402=\"\">\n<section id=\"activity-overview\" class=\"activity-overview\" data-component=\"overview\" data-v-83a2b402=\"\" data-v-f3236c42=\"\">\n<p class=\"activity-overview__content\" data-test-id=\"activity-overview-content\" data-v-f3236c42=\"\">Prozkoumejte bohatou historii a \u017eivou kulturu Santo Dominga b\u011bhem 9-10hodinov\u00e9 prohl\u00eddky m\u011bsta z Punta Cany, kter\u00e1 kombinuje p\u011b\u0161\u00ed a autobusovou dopravu, a z\u00edskejte tak komplexn\u00ed z\u00e1\u017eitek z Dominik\u00e1nsk\u00e9 republiky.<\/p>\n<\/section>\n<\/div>\n<div data-track=\"key-details\" data-v-83a2b402=\"\"><\/div>","protected":false},"featured_media":11702,"template":"","meta":[],"product_brand":[],"product_cat":[97],"product_tag":[101,102],"class_list":{"0":"post-11401","1":"product","2":"type-product","3":"status-publish","4":"has-post-thumbnail","6":"product_cat-dominican-republic","7":"product_tag-excursion","8":"product_tag-tour","10":"first","11":"instock","12":"sale","13":"shipping-taxable","14":"product-type-external"},"_links":{"self":[{"href":"https:\/\/sabanadelamartours.com\/cs\/wp-json\/wp\/v2\/product\/11401","targetHints":{"allow":["GET"]}}],"collection":[{"href":"https:\/\/sabanadelamartours.com\/cs\/wp-json\/wp\/v2\/product"}],"about":[{"href":"https:\/\/sabanadelamartours.com\/cs\/wp-json\/wp\/v2\/types\/product"}],"version-history":[{"count":0,"href":"https:\/\/sabanadelamartours.com\/cs\/wp-json\/wp\/v2\/product\/11401\/revisions"}],"wp:featuredmedia":[{"embeddable":true,"href":"https:\/\/sabanadelamartours.com\/cs\/wp-json\/wp\/v2\/media\/11702"}],"wp:attachment":[{"href":"https:\/\/sabanadelamartours.com\/cs\/wp-json\/wp\/v2\/media?parent=11401"}],"wp:term":[{"taxonomy":"product_brand","embeddable":true,"href":"https:\/\/sabanadelamartours.com\/cs\/wp-json\/wp\/v2\/product_brand?post=11401"},{"taxonomy":"product_cat","embeddable":true,"href":"https:\/\/sabanadelamartours.com\/cs\/wp-json\/wp\/v2\/product_cat?post=11401"},{"taxonomy":"product_tag","embeddable":true,"href":"https:\/\/sabanadelamartours.com\/cs\/wp-json\/wp\/v2\/product_tag?post=11401"}],"curies":[{"name":"wp","href":"https:\/\/api.w.org\/{rel}","templated":true}]}}