{"id":11451,"date":"2025-12-18T10:13:12","date_gmt":"2025-12-18T10:13:12","guid":{"rendered":"https:\/\/sabanadelamartours.com\/?post_type=product&#038;p=11451"},"modified":"2026-02-09T05:29:06","modified_gmt":"2026-02-09T05:29:06","slug":"-91","status":"publish","type":"product","link":"https:\/\/sabanadelamartours.com\/cs\/prohlidka\/-91\/","title":{"rendered":"Santo Domingo: Spole\u010densk\u00fd tanec bachata Tour"},"content":{"rendered":"<p>P\u0159ipojte se k n\u00e1m a za\u017eijte autentick\u00fd spole\u010densk\u00fd tanec bachata v Santo Domingu! P\u0159ipravte se na vzru\u0161uj\u00edc\u00ed ve\u010der pln\u00fd dominik\u00e1nsk\u00e9 kultury, hudby a tance.<\/p>\n<p>Zavedeme v\u00e1s do nejlep\u0161\u00edch tane\u010dn\u00edch bar\u016f a klub\u016f ve m\u011bst\u011b, kde se sezn\u00e1m\u00edte s m\u00edstn\u00ed bachatovou sc\u00e9nou.<\/p>\n<p>V\u0161ichni jsou v\u00edt\u00e1ni. A\u0165 u\u017e jste zku\u0161en\u00ed tane\u010dn\u00edci, nebo jste je\u0161t\u011b nikdy netan\u010dili, na\u0161i p\u0159\u00e1tel\u0161t\u00ed instrukto\u0159i v\u00e1m pomohou u\u017e\u00edt si hudbu a pohyby.<\/p>\n<p>Krom\u011b tane\u010dn\u00edho parketu budete m\u00edt mo\u017enost nav\u00e1zat kontakt s ostatn\u00edmi tane\u010dn\u00edky, sd\u00edlet p\u0159\u00edb\u011bhy a sm\u00e1t se, a z\u00e1rove\u0148 si naj\u00edt nov\u00e9 p\u0159\u00e1tele.<\/p>\n<p>Sejdeme se v Zona Colonial a za\u010dneme tan\u010dit tam.<\/p>\n<div class=\"toggle-content__content toggle-content__content--expanded toggle-content__content--packable\" data-v-59485d64=\"\">\n<div data-test-id=\"activity-full-description-text\" data-v-5835c99c=\"\">Nenechte si uj\u00edt p\u0159\u00edle\u017eitost poznat prav\u00e9ho ducha bachaty v Santo Domingu. P\u0159ipravte se na noc plnou hudby, tance a z\u00e1bavy!<\/div>\n<\/div>\n<div class=\"toggle-content__label-placeholder\" data-v-59485d64=\"\"><\/div>","protected":false},"excerpt":{"rendered":"<div data-track=\"overview\" data-v-83a2b402=\"\">\n<section id=\"activity-overview\" class=\"activity-overview\" data-component=\"overview\" data-v-83a2b402=\"\" data-v-f3236c42=\"\">\n<p class=\"activity-overview__content\" data-test-id=\"activity-overview-content\" data-v-f3236c42=\"\">Za\u017eijte autentick\u00fd tanec bachata. Nav\u0161t\u00edv\u00edme n\u011bkolik ikonick\u00fdch tane\u010dn\u00edch bar\u016f a klub\u016f. U\u017eijte si p\u0159\u00e1telsk\u00fd ve\u010der pln\u00fd tance a z\u00e1bavy. S p\u0159\u00edpadn\u00fdm sezn\u00e1men\u00edm s dal\u0161\u00edmi tane\u010dn\u00edky.<\/p>\n<\/section>\n<\/div>\n<div data-track=\"key-details\" data-v-83a2b402=\"\"><\/div>","protected":false},"featured_media":11733,"template":"","meta":[],"product_brand":[],"product_cat":[97],"product_tag":[101,102],"class_list":{"0":"post-11451","1":"product","2":"type-product","3":"status-publish","4":"has-post-thumbnail","6":"product_cat-dominican-republic","7":"product_tag-excursion","8":"product_tag-tour","10":"first","11":"instock","12":"shipping-taxable","13":"product-type-external"},"_links":{"self":[{"href":"https:\/\/sabanadelamartours.com\/cs\/wp-json\/wp\/v2\/product\/11451","targetHints":{"allow":["GET"]}}],"collection":[{"href":"https:\/\/sabanadelamartours.com\/cs\/wp-json\/wp\/v2\/product"}],"about":[{"href":"https:\/\/sabanadelamartours.com\/cs\/wp-json\/wp\/v2\/types\/product"}],"version-history":[{"count":1,"href":"https:\/\/sabanadelamartours.com\/cs\/wp-json\/wp\/v2\/product\/11451\/revisions"}],"predecessor-version":[{"id":18494,"href":"https:\/\/sabanadelamartours.com\/cs\/wp-json\/wp\/v2\/product\/11451\/revisions\/18494"}],"wp:featuredmedia":[{"embeddable":true,"href":"https:\/\/sabanadelamartours.com\/cs\/wp-json\/wp\/v2\/media\/11733"}],"wp:attachment":[{"href":"https:\/\/sabanadelamartours.com\/cs\/wp-json\/wp\/v2\/media?parent=11451"}],"wp:term":[{"taxonomy":"product_brand","embeddable":true,"href":"https:\/\/sabanadelamartours.com\/cs\/wp-json\/wp\/v2\/product_brand?post=11451"},{"taxonomy":"product_cat","embeddable":true,"href":"https:\/\/sabanadelamartours.com\/cs\/wp-json\/wp\/v2\/product_cat?post=11451"},{"taxonomy":"product_tag","embeddable":true,"href":"https:\/\/sabanadelamartours.com\/cs\/wp-json\/wp\/v2\/product_tag?post=11451"}],"curies":[{"name":"wp","href":"https:\/\/api.w.org\/{rel}","templated":true}]}}