{"id":11464,"date":"2025-12-18T10:13:37","date_gmt":"2025-12-18T10:13:37","guid":{"rendered":"https:\/\/sabanadelamartours.com\/?post_type=product&#038;p=11464"},"modified":"2026-02-14T07:04:16","modified_gmt":"2026-02-14T07:04:16","slug":"-93","status":"publish","type":"product","link":"https:\/\/sabanadelamartours.com\/cs\/prohlidka\/-93\/","title":{"rendered":"4Wheel na silnici"},"content":{"rendered":"<p>Budete vyzvednuti na m\u00edst\u011b setk\u00e1n\u00ed, odkud se vyd\u00e1te na m\u00edsto od 15 do 25 minut na hlavn\u00ed m\u00edsto. Dostanete \u010dty\u0159kolku a budete kr\u00e1tce pou\u010deni o bezpe\u010dnosti, abyste se mohli c\u00edtit pohodln\u011b a bezpe\u010dn\u011b.<\/p>\n<p>S pr\u016fvodcem na \u010dty\u0159kolce se vyd\u00e1te na vzru\u0161uj\u00edc\u00ed v\u00fdlet, kter\u00fd v\u00e1s provede krajinou a p\u016fsobiv\u00fdmi scen\u00e9riemi Puerto Plata,<\/p>\n<p>B\u011bhem v\u00fdletu budete m\u00edt mo\u017enost zastavit se, vyfotit se a pokochat se v\u00fdhledem. Na pl\u00e1\u017ei str\u00e1v\u00edte asi 20 minut.<\/p>\n<p>Na tuto exkurzi nejsou povoleny \u017eabky ani sand\u00e1ly.<\/p>\n<p>Mus\u00edte si p\u0159in\u00e9st kapesn\u00edk na zakryt\u00ed \u00fast p\u0159ed prachem nebo si ho m\u016f\u017eete zakoupit na m\u00edst\u011b us5 za p\u00e1r.<\/p>\n<div class=\"toggle-content__content toggle-content__content--expanded toggle-content__content--packable\" data-v-59485d64=\"\">\n<div data-test-id=\"activity-full-description-text\" data-v-5835c99c=\"\">D\u011bti mus\u00ed m\u00edt od 8 let a budou sd\u00edlet dvoul\u016f\u017ekovou \u010dty\u0159kolku s dosp\u011bl\u00fdm; dosp\u011bl\u00fd bude samoz\u0159ejm\u011b \u0159\u00eddit.<\/div>\n<\/div>\n<div class=\"toggle-content__label-placeholder\" data-v-59485d64=\"\"><\/div>","protected":false},"excerpt":{"rendered":"<div data-track=\"overview\" data-v-83a2b402=\"\">\n<section id=\"activity-overview\" class=\"activity-overview\" data-component=\"overview\" data-v-83a2b402=\"\" data-v-f3236c42=\"\">\n<p class=\"activity-overview__content\" data-test-id=\"activity-overview-content\" data-v-f3236c42=\"\">Vzru\u0161uj\u00edc\u00ed dobrodru\u017estv\u00ed na \u010dty\u0159kolk\u00e1ch. \u0158i\u010fte vlastn\u00ed ter\u00e9nn\u00ed vozidlo zn\u00e1m\u00e9 tak\u00e9 jako \u010dty\u0159kolka. \u010cas na pl\u00e1\u017ei.<\/p>\n<\/section>\n<\/div>\n<div data-track=\"key-details\" data-v-83a2b402=\"\"><\/div>","protected":false},"featured_media":11754,"template":"","meta":[],"product_brand":[],"product_cat":[97],"product_tag":[101,102],"class_list":{"0":"post-11464","1":"product","2":"type-product","3":"status-publish","4":"has-post-thumbnail","6":"product_cat-dominican-republic","7":"product_tag-excursion","8":"product_tag-tour","10":"first","11":"instock","12":"shipping-taxable","13":"product-type-external"},"_links":{"self":[{"href":"https:\/\/sabanadelamartours.com\/cs\/wp-json\/wp\/v2\/product\/11464","targetHints":{"allow":["GET"]}}],"collection":[{"href":"https:\/\/sabanadelamartours.com\/cs\/wp-json\/wp\/v2\/product"}],"about":[{"href":"https:\/\/sabanadelamartours.com\/cs\/wp-json\/wp\/v2\/types\/product"}],"version-history":[{"count":1,"href":"https:\/\/sabanadelamartours.com\/cs\/wp-json\/wp\/v2\/product\/11464\/revisions"}],"predecessor-version":[{"id":18495,"href":"https:\/\/sabanadelamartours.com\/cs\/wp-json\/wp\/v2\/product\/11464\/revisions\/18495"}],"wp:featuredmedia":[{"embeddable":true,"href":"https:\/\/sabanadelamartours.com\/cs\/wp-json\/wp\/v2\/media\/11754"}],"wp:attachment":[{"href":"https:\/\/sabanadelamartours.com\/cs\/wp-json\/wp\/v2\/media?parent=11464"}],"wp:term":[{"taxonomy":"product_brand","embeddable":true,"href":"https:\/\/sabanadelamartours.com\/cs\/wp-json\/wp\/v2\/product_brand?post=11464"},{"taxonomy":"product_cat","embeddable":true,"href":"https:\/\/sabanadelamartours.com\/cs\/wp-json\/wp\/v2\/product_cat?post=11464"},{"taxonomy":"product_tag","embeddable":true,"href":"https:\/\/sabanadelamartours.com\/cs\/wp-json\/wp\/v2\/product_tag?post=11464"}],"curies":[{"name":"wp","href":"https:\/\/api.w.org\/{rel}","templated":true}]}}