{"id":11475,"date":"2025-12-18T10:13:59","date_gmt":"2025-12-18T10:13:59","guid":{"rendered":"https:\/\/sabanadelamartours.com\/?post_type=product&#038;p=11475"},"modified":"2026-01-06T10:41:21","modified_gmt":"2026-01-06T10:41:21","slug":"-94","status":"publish","type":"product","link":"https:\/\/sabanadelamartours.com\/cs\/prohlidka\/-94\/","title":{"rendered":"Z Punta Cany: Celodenn\u00ed v\u00fdlet na ostrov Saona s ob\u011bdem"},"content":{"rendered":"<p>Celodenn\u00ed v\u00fdlet na ostrov Saona s ob\u011bdem z Punta Cany<\/p>\n<p>Vydejte se na nezapomenuteln\u00e9 dobrodru\u017estv\u00ed, a\u017e v\u00e1s vyzvedneme z va\u0161eho hotelu v Punta Can\u011b. N\u00e1\u0161 p\u0159\u00e1telsk\u00fd t\u00fdm v\u00e1s p\u0159iv\u00edt\u00e1 a zajist\u00ed pohodlnou dopravu do Bayahibe, kde za\u010d\u00edn\u00e1 na\u0161e cesta na velkolep\u00fd ostrov Saona.<\/p>\n<p>Po p\u0159\u00edjezdu do Bayahibe se nalod\u00edme na rychl\u00fd a prostorn\u00fd motorov\u00fd \u010dlun, kter\u00fd slibuje vzru\u0161uj\u00edc\u00ed j\u00edzdu po tyrkysov\u00fdch vod\u00e1ch Karibsk\u00e9ho mo\u0159e. B\u011bhem plavby se m\u016f\u017eete kochat kr\u00e1sn\u00fdmi v\u00fdhledy na pob\u0159e\u017e\u00ed a na tv\u00e1\u0159i c\u00edtit osv\u011b\u017euj\u00edc\u00ed mo\u0159sk\u00fd v\u00e1nek.<\/p>\n<p>Na\u0161e prvn\u00ed nezapomenuteln\u00e1 zast\u00e1vka bude u idylick\u00e9ho p\u0159\u00edrodn\u00edho koupali\u0161t\u011b, zn\u00e1m\u00e9ho tak\u00e9 jako Modr\u00e1 laguna, kde se zastav\u00edme p\u0159ibli\u017en\u011b na 45 minut. Toto jedine\u010dn\u00e9 m\u00edsto se vyzna\u010duje m\u011blkou vodou s maxim\u00e1ln\u00ed hloubkou pouh\u00fd 1 metr, co\u017e vytv\u00e1\u0159\u00ed klidn\u00e9 prost\u0159ed\u00ed ide\u00e1ln\u00ed pro koup\u00e1n\u00ed a relaxaci. Zde si m\u016f\u017eete prohl\u00e9dnout \u00dato\u010di\u0161t\u011b hv\u011bzdic, kde m\u016f\u017eete tyto fascinuj\u00edc\u00ed tvory spat\u0159it v jejich p\u0159irozen\u00e9m prost\u0159ed\u00ed a po\u0159\u00eddit si \u00fa\u017easn\u00e9 fotografie.<\/p>\n<p>Pot\u00e9, co si vychutn\u00e1me klidnou kr\u00e1su p\u0159\u00edrodn\u00edho baz\u00e9nu, budeme pokra\u010dovat v cest\u011b na ostrov Saona. Po p\u0159\u00edjezdu budete m\u00edt p\u0159ibli\u017en\u011b 2 hodiny a 45 minut voln\u00e9ho \u010dasu na objevov\u00e1n\u00ed n\u00e1dhern\u00fdch pl\u00e1\u017e\u00ed, sv\u011b\u017e\u00edch palem a \u017eiv\u00e9 m\u00edstn\u00ed kultury. M\u016f\u017eete si vybrat, zda se budete opalovat, plavat nebo se proch\u00e1zet pod\u00e9l nedot\u010den\u00e9ho pob\u0159e\u017e\u00ed podle vlastn\u00edho uv\u00e1\u017een\u00ed.<\/p>\n<p>Ve 13:00 se sejdeme u chutn\u00e9ho ob\u011bda formou bufetu, kter\u00fd nab\u00edz\u00ed \u0161irokou \u0161k\u00e1lu mo\u017enost\u00ed, v\u010detn\u011b v\u00fdb\u011bru masa, \u010derstv\u00fdch mo\u0159sk\u00fdch plod\u016f a r\u016fzn\u00fdch p\u0159\u00edloh, kter\u00e9 vyhovuj\u00ed r\u016fzn\u00fdm dietn\u00edm preferenc\u00edm. Vychutnejte si j\u00eddlo a z\u00e1rove\u0148 se kochejte kr\u00e1sn\u00fdm prost\u0159ed\u00edm.<\/p>\n<p>Po ob\u011bd\u011b se p\u0159ipravte na z\u00e1bavu! Kolem 14:40 se nalod\u00edme na okouzluj\u00edc\u00ed katamar\u00e1n, kter\u00fdm se vr\u00e1t\u00edme do Bayahibe. Na katamar\u00e1nu bude \u017eiv\u00e1 atmosf\u00e9ra pln\u00e1 hudby a z\u00e1bavy. P\u0159ipojte se k na\u0161emu energick\u00e9mu t\u00fdmu, kter\u00fd v\u00e1s bude po dobu p\u0159ibli\u017en\u011b 1 hodiny a 30 minut v\u00e9st k tanci a z\u00e1bav\u011b a postar\u00e1 se o to, aby va\u0161e zp\u00e1te\u010dn\u00ed cesta byla stejn\u011b p\u0159\u00edjemn\u00e1 jako celodenn\u00ed aktivity.<\/p>\n<p>A\u017e na\u0161e dobrodru\u017estv\u00ed skon\u010d\u00ed, bude na v\u00e1s \u010dekat na\u0161e doprava, kter\u00e1 v\u00e1s odveze zp\u011bt do va\u0161eho hotelu v Punta Can\u011b. Tento celodenn\u00ed v\u00fdlet na ostrov Saona je k dispozici ka\u017ed\u00fd den a trv\u00e1 p\u0159ibli\u017en\u011b 10 hodin a nab\u00edz\u00ed neuv\u011b\u0159itelnou kombinaci relaxace a vzru\u0161en\u00ed, kter\u00e1 ve v\u00e1s zanech\u00e1 trval\u00e9 vzpom\u00ednky. Nenechte si uj\u00edt tento \u00fa\u017easn\u00fd z\u00e1\u017eitek!<\/p>","protected":false},"excerpt":{"rendered":"<div data-track=\"overview\" data-v-83a2b402=\"\">\n<section id=\"activity-overview\" class=\"activity-overview\" data-component=\"overview\" data-v-83a2b402=\"\" data-v-f3236c42=\"\">\n<p class=\"activity-overview__content\" data-test-id=\"activity-overview-content\" data-v-f3236c42=\"\">Prozkoumejte nedot\u010den\u00fd ostrov Saona b\u011bhem tohoto celodenn\u00edho v\u00fdletu z Punta Cany. Relaxujte v k\u0159i\u0161\u0165\u00e1lov\u011b \u010dist\u00e9 tyrkysov\u00e9 vod\u011b v p\u0159\u00edrodn\u00edm baz\u00e9nu (Modr\u00e1 laguna), bavte se na katamar\u00e1nu a vychutnejte si vynikaj\u00edc\u00ed j\u00eddlo.<\/p>\n<\/section>\n<\/div>\n<div data-track=\"key-details\" data-v-83a2b402=\"\"><\/div>","protected":false},"featured_media":11765,"template":"","meta":[],"product_brand":[],"product_cat":[97,98],"product_tag":[101,102],"class_list":{"0":"post-11475","1":"product","2":"type-product","3":"status-publish","4":"has-post-thumbnail","6":"product_cat-dominican-republic","7":"product_cat-saona-island","8":"product_tag-excursion","9":"product_tag-tour","11":"first","12":"instock","13":"sale","14":"shipping-taxable","15":"product-type-external"},"_links":{"self":[{"href":"https:\/\/sabanadelamartours.com\/cs\/wp-json\/wp\/v2\/product\/11475","targetHints":{"allow":["GET"]}}],"collection":[{"href":"https:\/\/sabanadelamartours.com\/cs\/wp-json\/wp\/v2\/product"}],"about":[{"href":"https:\/\/sabanadelamartours.com\/cs\/wp-json\/wp\/v2\/types\/product"}],"version-history":[{"count":1,"href":"https:\/\/sabanadelamartours.com\/cs\/wp-json\/wp\/v2\/product\/11475\/revisions"}],"predecessor-version":[{"id":18496,"href":"https:\/\/sabanadelamartours.com\/cs\/wp-json\/wp\/v2\/product\/11475\/revisions\/18496"}],"wp:featuredmedia":[{"embeddable":true,"href":"https:\/\/sabanadelamartours.com\/cs\/wp-json\/wp\/v2\/media\/11765"}],"wp:attachment":[{"href":"https:\/\/sabanadelamartours.com\/cs\/wp-json\/wp\/v2\/media?parent=11475"}],"wp:term":[{"taxonomy":"product_brand","embeddable":true,"href":"https:\/\/sabanadelamartours.com\/cs\/wp-json\/wp\/v2\/product_brand?post=11475"},{"taxonomy":"product_cat","embeddable":true,"href":"https:\/\/sabanadelamartours.com\/cs\/wp-json\/wp\/v2\/product_cat?post=11475"},{"taxonomy":"product_tag","embeddable":true,"href":"https:\/\/sabanadelamartours.com\/cs\/wp-json\/wp\/v2\/product_tag?post=11475"}],"curies":[{"name":"wp","href":"https:\/\/api.w.org\/{rel}","templated":true}]}}