{"id":11519,"date":"2025-12-18T10:15:29","date_gmt":"2025-12-18T10:15:29","guid":{"rendered":"https:\/\/sabanadelamartours.com\/?post_type=product&#038;p=11519"},"modified":"2025-12-18T10:26:25","modified_gmt":"2025-12-18T10:26:25","slug":"-96","status":"publish","type":"product","link":"https:\/\/sabanadelamartours.com\/cs\/prohlidka\/-96\/","title":{"rendered":"Dobrodru\u017estv\u00ed na rychl\u00e9m \u010dlunu v Punta Can\u011b"},"content":{"rendered":"<p>P\u0159ipravte se na vzru\u0161uj\u00edc\u00ed oce\u00e1nsk\u00e9 dobrodru\u017estv\u00ed nedaleko Punta Cany. M\u00edsto toho, abyste si museli v\u0161echny vodn\u00ed sporty rezervovat zvl\u00e1\u0161\u0165, zahrnuje tento pohodln\u00fd v\u00fdlet tak\u00e9 v\u00fdlet rychl\u00fdm \u010dlunem s pr\u016fvodcem a p\u016fj\u010den\u00ed \u0161norchlovac\u00edho vybaven\u00ed. Nejprve usedn\u011bte za volant vlastn\u00edho motorov\u00e9ho \u010dlunu a vydejte se na plavbu po pob\u0159e\u017en\u00edch vod\u00e1ch s pr\u016fvodcem, kter\u00fd v\u00e1m uk\u00e1\u017ee cestu, abyste se neztratili. Pot\u00e9 nav\u0161tivte fantastick\u00e9 m\u00edsto pro \u0161norchlov\u00e1n\u00ed, kter\u00e9 je domovem tropick\u00fdch ryb a kor\u00e1lov\u00fdch \u00fates\u016f.<\/p>\n<p>P\u0159ipravte se na vzru\u0161uj\u00edc\u00ed oce\u00e1nsk\u00e9 dobrodru\u017estv\u00ed nedaleko Punta Cany. M\u00edsto toho, abyste si museli v\u0161echny vodn\u00ed sporty rezervovat zvl\u00e1\u0161\u0165, zahrnuje tento pohodln\u00fd v\u00fdlet tak\u00e9 v\u00fdlet rychl\u00fdm \u010dlunem s pr\u016fvodcem a p\u016fj\u010den\u00ed \u0161norchlovac\u00edho vybaven\u00ed. Nejprve usedn\u011bte za volant vlastn\u00edho motorov\u00e9ho \u010dlunu a vydejte se na plavbu po pob\u0159e\u017en\u00edch vod\u00e1ch s pr\u016fvodcem, kter\u00fd v\u00e1m uk\u00e1\u017ee cestu, abyste se neztratili. Pot\u00e9 nav\u0161tivte fantastick\u00e9 m\u00edsto pro \u0161norchlov\u00e1n\u00ed, kter\u00e9 je domovem tropick\u00fdch ryb a kor\u00e1lov\u00fdch \u00fates\u016f.<\/p>","protected":false},"excerpt":{"rendered":"<div data-track=\"overview\" data-v-83a2b402=\"\">\n<section id=\"activity-overview\" class=\"activity-overview\" data-component=\"overview\" data-v-83a2b402=\"\" data-v-f3236c42=\"\">\n<p class=\"activity-overview__content\" data-test-id=\"activity-overview-content\" data-v-f3236c42=\"\">P\u0159ipravte se na vzru\u0161uj\u00edc\u00ed oce\u00e1nsk\u00e9 dobrodru\u017estv\u00ed nedaleko Punta Cany. M\u00edsto toho, abyste si v\u0161echny vodn\u00ed sporty rezervovali zvl\u00e1\u0161\u0165, m\u016f\u017eete si...<\/p>\n<\/section>\n<\/div>\n<div data-track=\"key-details\" data-v-83a2b402=\"\"><\/div>","protected":false},"featured_media":11823,"template":"","meta":[],"product_brand":[],"product_cat":[97],"product_tag":[101,102],"class_list":{"0":"post-11519","1":"product","2":"type-product","3":"status-publish","4":"has-post-thumbnail","6":"product_cat-dominican-republic","7":"product_tag-excursion","8":"product_tag-tour","10":"first","11":"instock","12":"shipping-taxable","13":"product-type-external"},"_links":{"self":[{"href":"https:\/\/sabanadelamartours.com\/cs\/wp-json\/wp\/v2\/product\/11519","targetHints":{"allow":["GET"]}}],"collection":[{"href":"https:\/\/sabanadelamartours.com\/cs\/wp-json\/wp\/v2\/product"}],"about":[{"href":"https:\/\/sabanadelamartours.com\/cs\/wp-json\/wp\/v2\/types\/product"}],"version-history":[{"count":0,"href":"https:\/\/sabanadelamartours.com\/cs\/wp-json\/wp\/v2\/product\/11519\/revisions"}],"wp:featuredmedia":[{"embeddable":true,"href":"https:\/\/sabanadelamartours.com\/cs\/wp-json\/wp\/v2\/media\/11823"}],"wp:attachment":[{"href":"https:\/\/sabanadelamartours.com\/cs\/wp-json\/wp\/v2\/media?parent=11519"}],"wp:term":[{"taxonomy":"product_brand","embeddable":true,"href":"https:\/\/sabanadelamartours.com\/cs\/wp-json\/wp\/v2\/product_brand?post=11519"},{"taxonomy":"product_cat","embeddable":true,"href":"https:\/\/sabanadelamartours.com\/cs\/wp-json\/wp\/v2\/product_cat?post=11519"},{"taxonomy":"product_tag","embeddable":true,"href":"https:\/\/sabanadelamartours.com\/cs\/wp-json\/wp\/v2\/product_tag?post=11519"}],"curies":[{"name":"wp","href":"https:\/\/api.w.org\/{rel}","templated":true}]}}