{"id":11541,"date":"2025-12-18T10:16:15","date_gmt":"2025-12-18T10:16:15","guid":{"rendered":"https:\/\/sabanadelamartours.com\/?post_type=product&#038;p=11541"},"modified":"2026-01-06T10:47:31","modified_gmt":"2026-01-06T10:47:31","slug":"-98","status":"publish","type":"product","link":"https:\/\/sabanadelamartours.com\/cs\/prohlidka\/-98\/","title":{"rendered":"Z\u00e1liv \u00c1guilas, Barahona Zku\u0161enosti s all inclusive"},"content":{"rendered":"<p>Na\u0161e prohl\u00eddka Orl\u00ed z\u00e1toky je jedine\u010dn\u00fdm z\u00e1\u017eitkem v p\u0159\u00edrod\u011b, kter\u00fd nab\u00edz\u00ed v\u00fdjime\u010dn\u00fd z\u00e1kaznick\u00fd servis. Z\u00e1le\u017e\u00ed n\u00e1m na pohodl\u00ed na\u0161ich klient\u016f, a proto jsme pro n\u011b p\u0159ipravili vybaven\u00ed, kter\u00e9 jim zaru\u010d\u00ed pohodl\u00ed po celou dobu. Vychutnejte si lahodn\u00fd ob\u011bd v rajsk\u00e9 atmosf\u00e9\u0159e a z\u00e1rove\u0148 obdivujte p\u0159\u00edrodn\u00ed kr\u00e1sy z\u00e1livu. Krom\u011b toho jsme na pl\u00e1\u017e za\u0159adili stany, aby na\u0161i klienti mohli relaxovat ve v\u011bt\u0161\u00edm pohodl\u00ed a soukrom\u00ed.<\/p>\n<p>Cestovat budete v pohodln\u00e9m a modern\u00edm minibusu s klimatizac\u00ed, kter\u00fd v\u00e1m umo\u017en\u00ed u\u017e\u00edt si cestu bez obav z tropick\u00e9ho klimatu. N\u00e1\u0161 znal\u00fd a p\u0159\u00e1telsk\u00fd person\u00e1l v\u00e1m bude v\u017edy k dispozici, aby se postaral o v\u0161echny va\u0161e p\u0159\u00edpadn\u00e9 pot\u0159eby b\u011bhem z\u00e1jezdu a zajistil, \u017ee v\u00e1\u0161 z\u00e1\u017eitek bude nezapomenuteln\u00fd.<\/p>\n<div class=\"toggle-content__content toggle-content__content--expanded toggle-content__content--packable\" data-v-59485d64=\"\">\n<div data-test-id=\"activity-full-description-text\" data-v-5835c99c=\"\">N\u00e1\u0161 v\u00fdlet do Bah\u00eda de las \u00c1guilas je zkr\u00e1tka dokonalou kombinac\u00ed p\u0159\u00edrody, pohodl\u00ed a v\u00fdjime\u010dn\u00e9ho z\u00e1kaznick\u00e9ho servisu.<\/div>\n<\/div>\n<div class=\"toggle-content__label-placeholder\" data-v-59485d64=\"\"><\/div>","protected":false},"excerpt":{"rendered":"<div data-track=\"overview\" data-v-83a2b402=\"\">\n<section id=\"activity-overview\" class=\"activity-overview\" data-component=\"overview\" data-v-83a2b402=\"\" data-v-f3236c42=\"\">\n<p class=\"activity-overview__content\" data-test-id=\"activity-overview-content\" data-v-f3236c42=\"\">Z\u00e1toka \u00c1guilas, z\u00e1\u017eitek all inclusive z Pedernalesu<\/p>\n<\/section>\n<\/div>\n<div data-track=\"key-details\" data-v-83a2b402=\"\"><\/div>","protected":false},"featured_media":11849,"template":"","meta":[],"product_brand":[],"product_cat":[97],"product_tag":[101,102],"class_list":{"0":"post-11541","1":"product","2":"type-product","3":"status-publish","4":"has-post-thumbnail","6":"product_cat-dominican-republic","7":"product_tag-excursion","8":"product_tag-tour","10":"first","11":"instock","12":"shipping-taxable","13":"product-type-external"},"_links":{"self":[{"href":"https:\/\/sabanadelamartours.com\/cs\/wp-json\/wp\/v2\/product\/11541","targetHints":{"allow":["GET"]}}],"collection":[{"href":"https:\/\/sabanadelamartours.com\/cs\/wp-json\/wp\/v2\/product"}],"about":[{"href":"https:\/\/sabanadelamartours.com\/cs\/wp-json\/wp\/v2\/types\/product"}],"version-history":[{"count":1,"href":"https:\/\/sabanadelamartours.com\/cs\/wp-json\/wp\/v2\/product\/11541\/revisions"}],"predecessor-version":[{"id":18500,"href":"https:\/\/sabanadelamartours.com\/cs\/wp-json\/wp\/v2\/product\/11541\/revisions\/18500"}],"wp:featuredmedia":[{"embeddable":true,"href":"https:\/\/sabanadelamartours.com\/cs\/wp-json\/wp\/v2\/media\/11849"}],"wp:attachment":[{"href":"https:\/\/sabanadelamartours.com\/cs\/wp-json\/wp\/v2\/media?parent=11541"}],"wp:term":[{"taxonomy":"product_brand","embeddable":true,"href":"https:\/\/sabanadelamartours.com\/cs\/wp-json\/wp\/v2\/product_brand?post=11541"},{"taxonomy":"product_cat","embeddable":true,"href":"https:\/\/sabanadelamartours.com\/cs\/wp-json\/wp\/v2\/product_cat?post=11541"},{"taxonomy":"product_tag","embeddable":true,"href":"https:\/\/sabanadelamartours.com\/cs\/wp-json\/wp\/v2\/product_tag?post=11541"}],"curies":[{"name":"wp","href":"https:\/\/api.w.org\/{rel}","templated":true}]}}