{"id":11542,"date":"2025-12-18T10:16:15","date_gmt":"2025-12-18T10:16:15","guid":{"rendered":"https:\/\/sabanadelamartours.com\/?post_type=product&#038;p=11542"},"modified":"2026-02-09T05:29:58","modified_gmt":"2026-02-09T05:29:58","slug":"-99","status":"publish","type":"product","link":"https:\/\/sabanadelamartours.com\/cs\/prohlidka\/-99\/","title":{"rendered":"Bah\u00eda de las \u00c1guilas + Laguna de Oviedo \u00a1TODO INCLUIDO!"},"content":{"rendered":"<p>Objevte p\u0159\u00edrodn\u00ed kr\u00e1sy Dominik\u00e1nsk\u00e9 republiky b\u011bhem celodenn\u00edho v\u00fdletu z Barahony. Nav\u0161tivte T\u00fanel Natural de los Olivares, La Casita de Juan Bosch, Pozos de Romeo a Laguna Oviedo. Na z\u00e1v\u011br si odpo\u010di\u0148te na kr\u00e1sn\u00e9 pl\u00e1\u017ei Bah\u00eda de las \u00c1guilas.<\/p>\n<p>Prohl\u00eddku za\u010dn\u011bte n\u00e1v\u0161t\u011bvou T\u00fanel Natural de los Olivares, p\u0159\u00edrodn\u00edho divu tvo\u0159en\u00e9ho v\u00e1pencem, kter\u00fd byl erodov\u00e1n vodou. D\u00e1le se zastavte v La Casita de Juan Bosch, kde se m\u016f\u017eete sezn\u00e1mit s \u017eivotem a d\u00edlem zn\u00e1m\u00e9ho dominik\u00e1nsk\u00e9ho spisovatele a politika.<\/p>\n<p>Pokra\u010dujte k Pozos de Romeo, p\u016fsobiv\u00e9mu souboru k\u0159i\u0161\u0165\u00e1lov\u011b \u010dist\u00fdch vodn\u00edch baz\u00e9n\u016f obklopen\u00fdch tropickou vegetac\u00ed. Osv\u011b\u017ete se a kochejte se krajinou. D\u00e1le nav\u0161tivte Lagunu Oviedo, chr\u00e1n\u011bn\u00fd mok\u0159ad, kde \u017eij\u00ed r\u016fzn\u00e9 druhy pt\u00e1k\u016f a krokod\u00fdl\u016f.<\/p>\n<p>Proje\u010fte se lod\u00ed a pozorujte m\u00edstn\u00ed faunu a fl\u00f3ru. V Lagun\u011b de Oviedo se m\u016f\u017eete vykoupat v p\u0159\u00edrodn\u00edm bahn\u011b. Bahno v lagun\u011b je bohat\u00e9 na miner\u00e1ly a \u017eiviny, kter\u00e9 jsou prosp\u011b\u0161n\u00e9 pro poko\u017eku.<\/p>\n<p>Mezi v\u00fdhody bahenn\u00ed koupele v Lagun\u011b de Oviedo pat\u0159\u00ed hloubkov\u00e9 \u010di\u0161t\u011bn\u00ed poko\u017eky, odstran\u011bn\u00ed toxin\u016f, zlep\u0161en\u00ed krevn\u00edho ob\u011bhu a zm\u00edrn\u011bn\u00ed z\u00e1n\u011bt\u016f. Bahno tak\u00e9 pom\u00e1h\u00e1 zjemnit poko\u017eku a zlep\u0161it jej\u00ed strukturu.<\/p>\n<div class=\"toggle-content__content toggle-content__content--expanded toggle-content__content--packable\" data-v-59485d64=\"\">\n<div data-test-id=\"activity-full-description-text\" data-v-5835c99c=\"\">Nakonec doraz\u00edte do hlavn\u00edho c\u00edle, do Bah\u00eda de las \u00c1guilas. Tato z\u00e1toka je pova\u017eov\u00e1na za jednu z nejkr\u00e1sn\u011bj\u0161\u00edch pl\u00e1\u017e\u00ed na sv\u011bt\u011b, m\u00e1 rozs\u00e1hlou pl\u00e1\u017e s b\u00edl\u00fdm p\u00edskem a k\u0159i\u0161\u0165\u00e1lov\u011b \u010distou tyrkysovou vodou. U\u017eijte si den na pl\u00e1\u017ei, \u0161norchlujte nebo jen relaxujte pod karibsk\u00fdm sluncem.<\/div>\n<\/div>\n<div class=\"toggle-content__label-placeholder\" data-v-59485d64=\"\"><\/div>","protected":false},"excerpt":{"rendered":"<div data-track=\"overview\" data-v-83a2b402=\"\">\n<section id=\"activity-overview\" class=\"activity-overview\" data-component=\"overview\" data-v-83a2b402=\"\" data-v-f3236c42=\"\">\n<p class=\"activity-overview__content\" data-test-id=\"activity-overview-content\" data-v-f3236c42=\"\">Objevte p\u0159\u00edrodn\u00ed kr\u00e1sy Dominik\u00e1nsk\u00e9 republiky b\u011bhem jednodenn\u00edho v\u00fdletu do Bahia de las Aguilas a laguny Oviedo.<\/p>\n<\/section>\n<\/div>\n<div data-track=\"key-details\" data-v-83a2b402=\"\"><\/div>","protected":false},"featured_media":11859,"template":"","meta":[],"product_brand":[],"product_cat":[97],"product_tag":[101,102],"class_list":{"0":"post-11542","1":"product","2":"type-product","3":"status-publish","4":"has-post-thumbnail","6":"product_cat-dominican-republic","7":"product_tag-excursion","8":"product_tag-tour","10":"first","11":"instock","12":"shipping-taxable","13":"product-type-external"},"_links":{"self":[{"href":"https:\/\/sabanadelamartours.com\/cs\/wp-json\/wp\/v2\/product\/11542","targetHints":{"allow":["GET"]}}],"collection":[{"href":"https:\/\/sabanadelamartours.com\/cs\/wp-json\/wp\/v2\/product"}],"about":[{"href":"https:\/\/sabanadelamartours.com\/cs\/wp-json\/wp\/v2\/types\/product"}],"version-history":[{"count":1,"href":"https:\/\/sabanadelamartours.com\/cs\/wp-json\/wp\/v2\/product\/11542\/revisions"}],"predecessor-version":[{"id":18501,"href":"https:\/\/sabanadelamartours.com\/cs\/wp-json\/wp\/v2\/product\/11542\/revisions\/18501"}],"wp:featuredmedia":[{"embeddable":true,"href":"https:\/\/sabanadelamartours.com\/cs\/wp-json\/wp\/v2\/media\/11859"}],"wp:attachment":[{"href":"https:\/\/sabanadelamartours.com\/cs\/wp-json\/wp\/v2\/media?parent=11542"}],"wp:term":[{"taxonomy":"product_brand","embeddable":true,"href":"https:\/\/sabanadelamartours.com\/cs\/wp-json\/wp\/v2\/product_brand?post=11542"},{"taxonomy":"product_cat","embeddable":true,"href":"https:\/\/sabanadelamartours.com\/cs\/wp-json\/wp\/v2\/product_cat?post=11542"},{"taxonomy":"product_tag","embeddable":true,"href":"https:\/\/sabanadelamartours.com\/cs\/wp-json\/wp\/v2\/product_tag?post=11542"}],"curies":[{"name":"wp","href":"https:\/\/api.w.org\/{rel}","templated":true}]}}