{"id":11554,"date":"2025-12-18T10:16:35","date_gmt":"2025-12-18T10:16:35","guid":{"rendered":"https:\/\/sabanadelamartours.com\/?post_type=product&#038;p=11554"},"modified":"2026-01-06T10:52:56","modified_gmt":"2026-01-06T10:52:56","slug":"-101","status":"publish","type":"product","link":"https:\/\/sabanadelamartours.com\/cs\/prohlidka\/-101\/","title":{"rendered":"Samana: Pozorov\u00e1n\u00ed velryb v Samansk\u00e9m z\u00e1livu"},"content":{"rendered":"<p>Vychutnejte si z\u00e1\u017eitek z pozorov\u00e1n\u00ed velryb v z\u00e1toce Saman\u00e1, kam keporkaci ka\u017edoro\u010dn\u011b zav\u00edtaj\u00ed, a pod\u00edvejte se na tyto n\u00e1dhern\u00e9 tvory zbl\u00edzka b\u011bhem tohoto jedine\u010dn\u00e9ho v\u00fdletu za pozorov\u00e1n\u00edm velryb.<\/p>\n<p>Prozkoumejte z\u00e1toku Saman\u00e1, kter\u00e1 v zimn\u00edm obdob\u00ed p\u00e1\u0159en\u00ed host\u00ed tis\u00edce keporkak\u016f. Vychutnejte si tento \u00fa\u017easn\u00fd z\u00e1\u017eitek ve spole\u010dnosti specializovan\u00e9ho pr\u016fvodce a ob\u010derstven\u00ed na palub\u011b (voda, limon\u00e1da, kokos).<\/p>\n<p>Sejdeme se v kancel\u00e1\u0159i z\u00e1jezdu, v p\u0159\u00edstavu se sejdeme s ostatn\u00edmi \u010dleny z\u00e1jezdu a odborn\u00fdm person\u00e1lem a v 9:30 odplujeme ze soukrom\u00e9ho p\u0159\u00edstavu v Saman\u011b.<\/p>\n<p>Vydejte se do Samansk\u00e9ho z\u00e1livu za keporkaky, a to a\u017e do rezervace mo\u0159sk\u00fdch savc\u016f. Obdivujte vodn\u00ed faunu a fl\u00f3ru a n\u00e1dhernou scen\u00e9rii v z\u00e1toce Saman\u00e1 a za\u017eijte jedine\u010dnou a vzru\u0161uj\u00edc\u00ed prohl\u00eddku s pozorov\u00e1n\u00edm velryb, ne\u017e se kolem 13:30 vr\u00e1t\u00edte zp\u011bt do p\u0159\u00edstavu.<\/p>","protected":false},"excerpt":{"rendered":"<div data-track=\"overview\" data-v-83a2b402=\"\">\n<section id=\"activity-overview\" class=\"activity-overview\" data-component=\"overview\" data-v-83a2b402=\"\" data-v-f3236c42=\"\">\n<p class=\"activity-overview__content\" data-test-id=\"activity-overview-content\" data-v-f3236c42=\"\">Poznejte mo\u0159sk\u00e9 obry, keporkaky, na v\u00fdlet\u011b za velrybami v Samansk\u00e9m z\u00e1livu. Vychutnejte si nezapomenuteln\u00fd z\u00e1\u017eitek z bl\u00edzk\u00e9 prohl\u00eddky t\u011bchto krasavc\u016f na palub\u011b bezpe\u010dn\u00fdch katamar\u00e1n\u016f.<\/p>\n<\/section>\n<\/div>\n<div data-track=\"key-details\" data-v-83a2b402=\"\"><\/div>","protected":false},"featured_media":11885,"template":"","meta":[],"product_brand":[],"product_cat":[97],"product_tag":[101,102],"class_list":{"0":"post-11554","1":"product","2":"type-product","3":"status-publish","4":"has-post-thumbnail","6":"product_cat-dominican-republic","7":"product_tag-excursion","8":"product_tag-tour","10":"first","11":"instock","12":"shipping-taxable","13":"product-type-external"},"_links":{"self":[{"href":"https:\/\/sabanadelamartours.com\/cs\/wp-json\/wp\/v2\/product\/11554","targetHints":{"allow":["GET"]}}],"collection":[{"href":"https:\/\/sabanadelamartours.com\/cs\/wp-json\/wp\/v2\/product"}],"about":[{"href":"https:\/\/sabanadelamartours.com\/cs\/wp-json\/wp\/v2\/types\/product"}],"version-history":[{"count":1,"href":"https:\/\/sabanadelamartours.com\/cs\/wp-json\/wp\/v2\/product\/11554\/revisions"}],"predecessor-version":[{"id":18503,"href":"https:\/\/sabanadelamartours.com\/cs\/wp-json\/wp\/v2\/product\/11554\/revisions\/18503"}],"wp:featuredmedia":[{"embeddable":true,"href":"https:\/\/sabanadelamartours.com\/cs\/wp-json\/wp\/v2\/media\/11885"}],"wp:attachment":[{"href":"https:\/\/sabanadelamartours.com\/cs\/wp-json\/wp\/v2\/media?parent=11554"}],"wp:term":[{"taxonomy":"product_brand","embeddable":true,"href":"https:\/\/sabanadelamartours.com\/cs\/wp-json\/wp\/v2\/product_brand?post=11554"},{"taxonomy":"product_cat","embeddable":true,"href":"https:\/\/sabanadelamartours.com\/cs\/wp-json\/wp\/v2\/product_cat?post=11554"},{"taxonomy":"product_tag","embeddable":true,"href":"https:\/\/sabanadelamartours.com\/cs\/wp-json\/wp\/v2\/product_tag?post=11554"}],"curies":[{"name":"wp","href":"https:\/\/api.w.org\/{rel}","templated":true}]}}