{"id":11614,"date":"2025-12-18T10:18:36","date_gmt":"2025-12-18T10:18:36","guid":{"rendered":"https:\/\/sabanadelamartours.com\/?post_type=product&#038;p=11614"},"modified":"2026-02-09T05:31:40","modified_gmt":"2026-02-09T05:31:40","slug":"-104","status":"publish","type":"product","link":"https:\/\/sabanadelamartours.com\/cs\/prohlidka\/-104\/","title":{"rendered":"Celodenn\u00ed v\u00fdlet z Punta Cany do Los Haitises"},"content":{"rendered":"<p>Los Haitises Day Trip We&#8217;ll pick you up at your hotel in Punta Cana from 6:30 am onwards and set off for Los Haitises National Park, a unique karst landscape bathed by the waters of Saman\u00e1 Bay.<\/p>\n<p>Po p\u0159\u00edjezdu se nalod\u00edme na lo\u010f a poplujeme pod\u00e9l \u0159eky Ca\u00f1o Hondo sm\u011brem k z\u00e1livu San Lorenzo, p\u0159i\u010dem\u017e budeme d\u00e1vat pozor na sple\u0165 \u010derven\u00fdch mangrovn\u00edk\u016f na pob\u0159e\u017e\u00ed. Na voln\u00e9m mo\u0159i budeme moci pozorovat skalnat\u00e9 mogoty pln\u00e9 pelik\u00e1n\u016f a vidloroh\u016f.<\/p>\n<p>Expedice pokra\u010duje do jeskyn\u00ed Arena a Linea, kter\u00e9 kdysi vyu\u017e\u00edvali domorod\u00ed obyvatel\u00e9 kmene Ta\u00edno. Uvnit\u0159 si prohl\u00e9dneme tyto jeskyn\u011b zdoben\u00e9 domorod\u00fdmi piktogramy a petroglyfy.<\/p>\n<p>Na\u0161\u00ed dal\u0161\u00ed zast\u00e1vkou bude hotel Ca\u00f1o Hondo Paradise, kde vystoup\u00edme z lodi a prohl\u00e9dneme si kr\u00e1sn\u00e9 p\u0159\u00edrodn\u00ed baz\u00e9ny v are\u00e1lu hotelu. P\u0159ed tradi\u010dn\u00edm dominik\u00e1nsk\u00fdm ob\u011bdem, kter\u00fd si d\u00e1me na tomto idylick\u00e9m m\u00edst\u011b, se budete moci osv\u011b\u017eit v \u0159ece Jivales.<\/p>\n<p>S na\u010derpanou energi\u00ed nasedneme do d\u017e\u00edpu a vyd\u00e1me se na vrchol hory Redonda, kter\u00e1 se nach\u00e1z\u00ed mezi dv\u011bma lagunami: Lim\u00f3n a Redonda. Z vrcholu se n\u00e1m naskytne v\u00fdhled do d\u017eungle jako z poh\u00e1dky.<\/p>\n<p>Nakonec se vr\u00e1t\u00edme na pevninu a zam\u00ed\u0159\u00edme zp\u011bt do Punta Cany, kam doraz\u00edme do va\u0161eho hotelu mezi 16:30 a 18:30.<\/p>","protected":false},"excerpt":{"rendered":"<p>Day Trip the natural wonders of Los Haitises National Park on an excursion from Punta Cana. River on a boat, visit natural caves and pools, and ride a jeep to the top of Monta\u00f1a Redonda.<\/p>\n<div data-track=\"key-details\" data-v-83a2b402=\"\"><\/div>","protected":false},"featured_media":11924,"template":"","meta":[],"product_brand":[],"product_cat":[97],"product_tag":[101,102],"class_list":{"0":"post-11614","1":"product","2":"type-product","3":"status-publish","4":"has-post-thumbnail","6":"product_cat-dominican-republic","7":"product_tag-excursion","8":"product_tag-tour","10":"first","11":"instock","12":"shipping-taxable","13":"product-type-external"},"_links":{"self":[{"href":"https:\/\/sabanadelamartours.com\/cs\/wp-json\/wp\/v2\/product\/11614","targetHints":{"allow":["GET"]}}],"collection":[{"href":"https:\/\/sabanadelamartours.com\/cs\/wp-json\/wp\/v2\/product"}],"about":[{"href":"https:\/\/sabanadelamartours.com\/cs\/wp-json\/wp\/v2\/types\/product"}],"version-history":[{"count":2,"href":"https:\/\/sabanadelamartours.com\/cs\/wp-json\/wp\/v2\/product\/11614\/revisions"}],"predecessor-version":[{"id":18864,"href":"https:\/\/sabanadelamartours.com\/cs\/wp-json\/wp\/v2\/product\/11614\/revisions\/18864"}],"wp:featuredmedia":[{"embeddable":true,"href":"https:\/\/sabanadelamartours.com\/cs\/wp-json\/wp\/v2\/media\/11924"}],"wp:attachment":[{"href":"https:\/\/sabanadelamartours.com\/cs\/wp-json\/wp\/v2\/media?parent=11614"}],"wp:term":[{"taxonomy":"product_brand","embeddable":true,"href":"https:\/\/sabanadelamartours.com\/cs\/wp-json\/wp\/v2\/product_brand?post=11614"},{"taxonomy":"product_cat","embeddable":true,"href":"https:\/\/sabanadelamartours.com\/cs\/wp-json\/wp\/v2\/product_cat?post=11614"},{"taxonomy":"product_tag","embeddable":true,"href":"https:\/\/sabanadelamartours.com\/cs\/wp-json\/wp\/v2\/product_tag?post=11614"}],"curies":[{"name":"wp","href":"https:\/\/api.w.org\/{rel}","templated":true}]}}