{"id":11713,"date":"2025-12-18T10:22:17","date_gmt":"2025-12-18T10:22:17","guid":{"rendered":"https:\/\/sabanadelamartours.com\/?post_type=product&#038;p=11713"},"modified":"2025-12-18T10:37:00","modified_gmt":"2025-12-18T10:37:00","slug":"-114","status":"publish","type":"product","link":"https:\/\/sabanadelamartours.com\/cs\/prohlidka\/-114\/","title":{"rendered":"Punta Cana: Soukrom\u00fd transfer na leti\u0161t\u011b Punta Cana nebo z n\u011bj"},"content":{"rendered":"<p>Enjoy an excellent and elegant transportation service, from which you can choose between our private service and our vip service.<\/p>\n<p>Our transport covers routes throughout the Dominican territory, Santo Domingo, La Romana, Cap Cana, Punta Cana, Cabeza de Toro, B\u00e1varo, Uvero Alto, you decide where you should go and we offer you the service you need.<\/p>\n<p>Our representative will pick you up at the place established by you, which will be duly identified with the company logo and with your name written on a sign. We will take you to your destination, while you enjoy your tour and the beautiful view of the Caribbean.<\/p>\n<p>You can also choose from a wide variety of drinks which you can optionally include in the service at an additional cost.<\/p>\n<div class=\"toggle-content__content toggle-content__content--expanded toggle-content__content--packable\" data-v-59485d64=\"\">\n<div data-test-id=\"activity-full-description-text\" data-v-5835c99c=\"\">It operates every day, 24 hours a day.<\/div>\n<\/div>\n<div class=\"toggle-content__label-placeholder\" data-v-59485d64=\"\"><\/div>","protected":false},"excerpt":{"rendered":"<div data-track=\"overview\" data-v-83a2b402=\"\">\n<section id=\"activity-overview\" class=\"activity-overview\" data-component=\"overview\" data-v-83a2b402=\"\" data-v-f3236c42=\"\">\n<p class=\"activity-overview__content\" data-test-id=\"activity-overview-content\" data-v-f3236c42=\"\">P\u0159edem si rezervujte soukrom\u00fd jednosm\u011brn\u00fd transfer z va\u0161\u00ed adresy v Punta Can\u011b na mezin\u00e1rodn\u00ed leti\u0161t\u011b Punta Cana nebo naopak. U\u017eijte si maxim\u00e1ln\u00ed pohodl\u00ed s p\u0159\u00edm\u00fdm transferem a vlastn\u00edm \u0159idi\u010dem.<\/p>\n<\/section>\n<\/div>\n<div data-track=\"key-details\" data-v-83a2b402=\"\"><\/div>","protected":false},"featured_media":12053,"template":"","meta":[],"product_brand":[],"product_cat":[97],"product_tag":[101,102],"class_list":{"0":"post-11713","1":"product","2":"type-product","3":"status-publish","4":"has-post-thumbnail","6":"product_cat-dominican-republic","7":"product_tag-excursion","8":"product_tag-tour","10":"first","11":"instock","12":"shipping-taxable","13":"product-type-external"},"_links":{"self":[{"href":"https:\/\/sabanadelamartours.com\/cs\/wp-json\/wp\/v2\/product\/11713","targetHints":{"allow":["GET"]}}],"collection":[{"href":"https:\/\/sabanadelamartours.com\/cs\/wp-json\/wp\/v2\/product"}],"about":[{"href":"https:\/\/sabanadelamartours.com\/cs\/wp-json\/wp\/v2\/types\/product"}],"version-history":[{"count":0,"href":"https:\/\/sabanadelamartours.com\/cs\/wp-json\/wp\/v2\/product\/11713\/revisions"}],"wp:featuredmedia":[{"embeddable":true,"href":"https:\/\/sabanadelamartours.com\/cs\/wp-json\/wp\/v2\/media\/12053"}],"wp:attachment":[{"href":"https:\/\/sabanadelamartours.com\/cs\/wp-json\/wp\/v2\/media?parent=11713"}],"wp:term":[{"taxonomy":"product_brand","embeddable":true,"href":"https:\/\/sabanadelamartours.com\/cs\/wp-json\/wp\/v2\/product_brand?post=11713"},{"taxonomy":"product_cat","embeddable":true,"href":"https:\/\/sabanadelamartours.com\/cs\/wp-json\/wp\/v2\/product_cat?post=11713"},{"taxonomy":"product_tag","embeddable":true,"href":"https:\/\/sabanadelamartours.com\/cs\/wp-json\/wp\/v2\/product_tag?post=11713"}],"curies":[{"name":"wp","href":"https:\/\/api.w.org\/{rel}","templated":true}]}}