{"id":11740,"date":"2025-12-18T10:23:14","date_gmt":"2025-12-18T10:23:14","guid":{"rendered":"https:\/\/sabanadelamartours.com\/?post_type=product&#038;p=11740"},"modified":"2026-01-06T11:56:56","modified_gmt":"2026-01-06T11:56:56","slug":"-116","status":"publish","type":"product","link":"https:\/\/sabanadelamartours.com\/cs\/prohlidka\/-116\/","title":{"rendered":"Puerto Plata ATV N Zip Adventure | V\u00fdlet na pob\u0159e\u017e\u00ed a hotel"},"content":{"rendered":"<div class=\"toggle-content__content toggle-content__content--expanded toggle-content__content--packable\" data-v-59485d64=\"\">\n<div data-test-id=\"activity-full-description-text\" data-v-5835c99c=\"\">After your arrival, all basic driving instructions will be provided before heading out for the adventure! Drive off-road on your own Four Wheeler along riverbeds, fertile farms and the lush countryside. Feel the adrenaline on 8 ACCT certified zip lines, with a total length of more than 7900 feet of double, galvanized aircraft steel cable. The longest ride is 2,460 feet! Explore our tropical garden and get to know our lovely parrots. Finish your day dropping from the pool zip line into the pool! The ATVs can be seated by 1 single or 2 (shared) passengers. A home-cooked dominincan meal is included at the end of the day!<\/div>\n<\/div>\n<div class=\"toggle-content__label-placeholder\" data-v-59485d64=\"\"><\/div>","protected":false},"excerpt":{"rendered":"<div data-track=\"overview\" data-v-83a2b402=\"\">\n<section id=\"activity-overview\" class=\"activity-overview\" data-component=\"overview\" data-v-83a2b402=\"\" data-v-f3236c42=\"\">\n<p class=\"activity-overview__content\" data-test-id=\"activity-overview-content\" data-v-f3236c42=\"\">Poznejte dominik\u00e1nsk\u00fd venkov na vlastn\u00ed k\u016f\u017ei! Proj\u00ed\u017ed\u011bjte ter\u00e9nn\u00edmi vozy koryty \u0159ek a m\u00edstn\u00edmi vesnicemi na \u010dty\u0159kolce o objemu 300 ccm a vzn\u00e1\u0161ejte se v oblac\u00edch a nad korunami strom\u016f na 8 lanech s certifikac\u00ed ACCT.<\/p>\n<\/section>\n<\/div>\n<div data-track=\"key-details\" data-v-83a2b402=\"\"><\/div>","protected":false},"featured_media":12067,"template":"","meta":[],"product_brand":[],"product_cat":[97],"product_tag":[101,102],"class_list":{"0":"post-11740","1":"product","2":"type-product","3":"status-publish","4":"has-post-thumbnail","6":"product_cat-dominican-republic","7":"product_tag-excursion","8":"product_tag-tour","10":"first","11":"instock","12":"shipping-taxable","13":"product-type-external"},"_links":{"self":[{"href":"https:\/\/sabanadelamartours.com\/cs\/wp-json\/wp\/v2\/product\/11740","targetHints":{"allow":["GET"]}}],"collection":[{"href":"https:\/\/sabanadelamartours.com\/cs\/wp-json\/wp\/v2\/product"}],"about":[{"href":"https:\/\/sabanadelamartours.com\/cs\/wp-json\/wp\/v2\/types\/product"}],"version-history":[{"count":1,"href":"https:\/\/sabanadelamartours.com\/cs\/wp-json\/wp\/v2\/product\/11740\/revisions"}],"predecessor-version":[{"id":18520,"href":"https:\/\/sabanadelamartours.com\/cs\/wp-json\/wp\/v2\/product\/11740\/revisions\/18520"}],"wp:featuredmedia":[{"embeddable":true,"href":"https:\/\/sabanadelamartours.com\/cs\/wp-json\/wp\/v2\/media\/12067"}],"wp:attachment":[{"href":"https:\/\/sabanadelamartours.com\/cs\/wp-json\/wp\/v2\/media?parent=11740"}],"wp:term":[{"taxonomy":"product_brand","embeddable":true,"href":"https:\/\/sabanadelamartours.com\/cs\/wp-json\/wp\/v2\/product_brand?post=11740"},{"taxonomy":"product_cat","embeddable":true,"href":"https:\/\/sabanadelamartours.com\/cs\/wp-json\/wp\/v2\/product_cat?post=11740"},{"taxonomy":"product_tag","embeddable":true,"href":"https:\/\/sabanadelamartours.com\/cs\/wp-json\/wp\/v2\/product_tag?post=11740"}],"curies":[{"name":"wp","href":"https:\/\/api.w.org\/{rel}","templated":true}]}}