{"id":11753,"date":"2025-12-18T10:23:43","date_gmt":"2025-12-18T10:23:43","guid":{"rendered":"https:\/\/sabanadelamartours.com\/?post_type=product&#038;p=11753"},"modified":"2026-02-09T05:36:01","modified_gmt":"2026-02-09T05:36:01","slug":"-118","status":"publish","type":"product","link":"https:\/\/sabanadelamartours.com\/cs\/prohlidka\/-118\/","title":{"rendered":"Punta Cana: Rychlostn\u00ed \u010dlun a \u0161norchlov\u00e1n\u00ed s vyzvednut\u00edm"},"content":{"rendered":"<p>Pono\u0159te se do nezapomenuteln\u00e9ho oce\u00e1nsk\u00e9ho dobrodru\u017estv\u00ed v Punta Can\u011b, kter\u00e9 dokonale spojuje vzru\u0161en\u00ed z rychl\u00e9ho \u010dlunu s kr\u00e1sou \u0161norchlov\u00e1n\u00ed. Va\u0161e cesta za\u010d\u00edn\u00e1 vzru\u0161uj\u00edc\u00edm v\u00fdletem na motorov\u00e9m \u010dlunu s pr\u016fvodcem, p\u0159i kter\u00e9m se ujmete kormidla vlastn\u00edho \u010dlunu a budete br\u00e1zdit \u00fachvatn\u00e9 pob\u0159e\u017en\u00ed vody. P\u0159i plavb\u011b malebn\u00fdmi mo\u0159sk\u00fdmi scen\u00e9riemi budete sledovat sv\u00e9ho odborn\u00e9ho pr\u016fvodce, kter\u00fd v\u00e1m zajist\u00ed, \u017ee si j\u00edzdu u\u017eijete bez jak\u00fdchkoli obav.<\/p>\n<p>Po skon\u010den\u00ed dobrodru\u017estv\u00ed ve vysok\u00e9 rychlosti pokra\u010dujte v z\u00e1bav\u011b na \u0161pi\u010dkov\u00e9m m\u00edst\u011b pro \u0161norchlov\u00e1n\u00ed, kter\u00e9 je zn\u00e1m\u00e9 sv\u00fdmi \u017eiv\u00fdmi kor\u00e1lov\u00fdmi \u00fatesy a bohat\u00fdm podmo\u0159sk\u00fdm \u017eivotem. S prvot\u0159\u00eddn\u00edm \u0161norchlem se pono\u0159te do k\u0159i\u0161\u0165\u00e1lov\u011b \u010dist\u00e9 vody a prozkoumejte podmo\u0159sk\u00fd r\u00e1j. V tomto okouzluj\u00edc\u00edm vodn\u00edm prost\u0159ed\u00ed si zaplavte vedle pestrobarevn\u00fdch tropick\u00fdch ryb a obdivujte velkolep\u00e9 kor\u00e1lov\u00e9 \u00fatvary.<\/p>\n<div class=\"toggle-content__content toggle-content__content--expanded toggle-content__content--packable\" data-v-59485d64=\"\">\n<div data-test-id=\"activity-full-description-text\" data-v-5835c99c=\"\">A\u0165 u\u017e jste zku\u0161en\u00ed \u0161norchla\u0159i, nebo to zkou\u0161\u00edte poprv\u00e9, tato t\u00fara kombinuje vzru\u0161en\u00ed a p\u0159\u00edrodn\u00ed kr\u00e1sy a p\u0159in\u00e1\u0161\u00ed skute\u010dn\u011b nezapomenuteln\u00fd den na vod\u011b.<\/div>\n<\/div>\n<div class=\"toggle-content__label-placeholder\" data-v-59485d64=\"\"><\/div>","protected":false},"excerpt":{"rendered":"<div data-track=\"overview\" data-v-83a2b402=\"\">\n<section id=\"activity-overview\" class=\"activity-overview\" data-component=\"overview\" data-v-83a2b402=\"\" data-v-f3236c42=\"\">\n<p class=\"activity-overview__content\" data-test-id=\"activity-overview-content\" data-v-f3236c42=\"\">Pono\u0159te se do nezapomenuteln\u00e9ho oce\u00e1nsk\u00e9ho dobrodru\u017estv\u00ed v Punta Can\u011b, kter\u00e9 dokonale spojuje vzru\u0161en\u00ed z rychl\u00e9ho \u010dlunu s kr\u00e1sou \u0161norchlov\u00e1n\u00ed.<\/p>\n<\/section>\n<\/div>\n<div data-track=\"key-details\" data-v-83a2b402=\"\"><\/div>","protected":false},"featured_media":12089,"template":"","meta":[],"product_brand":[],"product_cat":[97],"product_tag":[101,102],"class_list":{"0":"post-11753","1":"product","2":"type-product","3":"status-publish","4":"has-post-thumbnail","6":"product_cat-dominican-republic","7":"product_tag-excursion","8":"product_tag-tour","10":"first","11":"instock","12":"shipping-taxable","13":"product-type-external"},"_links":{"self":[{"href":"https:\/\/sabanadelamartours.com\/cs\/wp-json\/wp\/v2\/product\/11753","targetHints":{"allow":["GET"]}}],"collection":[{"href":"https:\/\/sabanadelamartours.com\/cs\/wp-json\/wp\/v2\/product"}],"about":[{"href":"https:\/\/sabanadelamartours.com\/cs\/wp-json\/wp\/v2\/types\/product"}],"version-history":[{"count":1,"href":"https:\/\/sabanadelamartours.com\/cs\/wp-json\/wp\/v2\/product\/11753\/revisions"}],"predecessor-version":[{"id":18865,"href":"https:\/\/sabanadelamartours.com\/cs\/wp-json\/wp\/v2\/product\/11753\/revisions\/18865"}],"wp:featuredmedia":[{"embeddable":true,"href":"https:\/\/sabanadelamartours.com\/cs\/wp-json\/wp\/v2\/media\/12089"}],"wp:attachment":[{"href":"https:\/\/sabanadelamartours.com\/cs\/wp-json\/wp\/v2\/media?parent=11753"}],"wp:term":[{"taxonomy":"product_brand","embeddable":true,"href":"https:\/\/sabanadelamartours.com\/cs\/wp-json\/wp\/v2\/product_brand?post=11753"},{"taxonomy":"product_cat","embeddable":true,"href":"https:\/\/sabanadelamartours.com\/cs\/wp-json\/wp\/v2\/product_cat?post=11753"},{"taxonomy":"product_tag","embeddable":true,"href":"https:\/\/sabanadelamartours.com\/cs\/wp-json\/wp\/v2\/product_tag?post=11753"}],"curies":[{"name":"wp","href":"https:\/\/api.w.org\/{rel}","templated":true}]}}