{"id":11812,"date":"2025-12-18T10:25:51","date_gmt":"2025-12-18T10:25:51","guid":{"rendered":"https:\/\/sabanadelamartours.com\/?post_type=product&#038;p=11812"},"modified":"2026-01-06T12:01:58","modified_gmt":"2026-01-06T12:01:58","slug":"-120","status":"publish","type":"product","link":"https:\/\/sabanadelamartours.com\/cs\/prohlidka\/-120\/","title":{"rendered":"N\u00e1rodn\u00ed park Los Haitises: Hitesises: Plavba lod\u00ed a p\u011b\u0161\u00ed prohl\u00eddka s ob\u011bdem"},"content":{"rendered":"<p>Embark on a full-day trip from Saman\u00e1 to Los Haitises National park, and explore the park&#8217;s natural beauty. See the park&#8217;s beautiful scenery, and look for a variety of species while you explore. Enjoy a typical Dominican lunch buffet on Cayo Levantado.<\/p>\n<p>Slalom kolem mnoha ostr\u016fvk\u016f, kter\u00e9 tvo\u0159\u00ed tento \u00fa\u017easn\u00fd n\u00e1rodn\u00ed park. Prohl\u00e9dn\u011bte si p\u0159\u00edrodn\u00ed zaj\u00edmavosti parku, jako jsou mangrovov\u00e9 porosty, a n\u011bkter\u00e9 z r\u016fzn\u00fdch druh\u016f pt\u00e1k\u016f, jako jsou pelik\u00e1ni, volavky a jest\u0159\u00e1b Ridgway\u016fv.<\/p>\n<p>Ud\u011blejte si \u010das na prohl\u00eddku historick\u00fdch jeskyn\u00ed a n\u00e1dhern\u00fdch scen\u00e9ri\u00ed. Obdivujte jeskyn\u011b, v nich\u017e se nach\u00e1z\u00ed jeden z nejv\u011bt\u0161\u00edch po\u010dt\u016f domorod\u00fdch petroglyf\u016f a piktogram\u016f v zemi.<\/p>\n<div class=\"toggle-content__content toggle-content__content--expanded toggle-content__content--packable\" data-v-59485d64=\"\">\n<div data-test-id=\"activity-full-description-text\" data-v-5835c99c=\"\">Vydejte se na ostrov Cayo Levantado, zn\u00e1m\u00fd tak\u00e9 jako ostrov Bacardi, a vychutnejte si tepl\u00e9 pl\u00e1\u017ee t\u00e9to malebn\u00e9 destinace a ob\u011bd formou bufetu s typick\u00fdmi dominik\u00e1nsk\u00fdmi pokrmy.<\/div>\n<\/div>\n<div class=\"toggle-content__label-placeholder\" data-v-59485d64=\"\"><\/div>","protected":false},"excerpt":{"rendered":"<div data-track=\"overview\" data-v-83a2b402=\"\">\n<section id=\"activity-overview\" class=\"activity-overview\" data-component=\"overview\" data-v-83a2b402=\"\" data-v-f3236c42=\"\">\n<p class=\"activity-overview__content\" data-test-id=\"activity-overview-content\" data-v-f3236c42=\"\">Nav\u0161tivte n\u00e1rodn\u00ed park Los Haitises na lodi s pr\u016fvodcem b\u011bhem celodenn\u00edho v\u00fdletu ze Saman\u00e1. Prozkoumejte p\u011b\u0161ky jeskyn\u011b a vychutnejte si typick\u00fd dominik\u00e1nsk\u00fd ob\u011bd formou bufetu na malebn\u00e9m ostrov\u011b Cayo Levantado.<\/p>\n<\/section>\n<\/div>\n<div data-track=\"key-details\" data-v-83a2b402=\"\"><\/div>","protected":false},"featured_media":12106,"template":"","meta":[],"product_brand":[],"product_cat":[97],"product_tag":[101,102],"class_list":{"0":"post-11812","1":"product","2":"type-product","3":"status-publish","4":"has-post-thumbnail","6":"product_cat-dominican-republic","7":"product_tag-excursion","8":"product_tag-tour","10":"first","11":"instock","12":"shipping-taxable","13":"product-type-external"},"_links":{"self":[{"href":"https:\/\/sabanadelamartours.com\/cs\/wp-json\/wp\/v2\/product\/11812","targetHints":{"allow":["GET"]}}],"collection":[{"href":"https:\/\/sabanadelamartours.com\/cs\/wp-json\/wp\/v2\/product"}],"about":[{"href":"https:\/\/sabanadelamartours.com\/cs\/wp-json\/wp\/v2\/types\/product"}],"version-history":[{"count":1,"href":"https:\/\/sabanadelamartours.com\/cs\/wp-json\/wp\/v2\/product\/11812\/revisions"}],"predecessor-version":[{"id":18523,"href":"https:\/\/sabanadelamartours.com\/cs\/wp-json\/wp\/v2\/product\/11812\/revisions\/18523"}],"wp:featuredmedia":[{"embeddable":true,"href":"https:\/\/sabanadelamartours.com\/cs\/wp-json\/wp\/v2\/media\/12106"}],"wp:attachment":[{"href":"https:\/\/sabanadelamartours.com\/cs\/wp-json\/wp\/v2\/media?parent=11812"}],"wp:term":[{"taxonomy":"product_brand","embeddable":true,"href":"https:\/\/sabanadelamartours.com\/cs\/wp-json\/wp\/v2\/product_brand?post=11812"},{"taxonomy":"product_cat","embeddable":true,"href":"https:\/\/sabanadelamartours.com\/cs\/wp-json\/wp\/v2\/product_cat?post=11812"},{"taxonomy":"product_tag","embeddable":true,"href":"https:\/\/sabanadelamartours.com\/cs\/wp-json\/wp\/v2\/product_tag?post=11812"}],"curies":[{"name":"wp","href":"https:\/\/api.w.org\/{rel}","templated":true}]}}