{"id":11956,"date":"2025-12-18T10:32:40","date_gmt":"2025-12-18T10:32:40","guid":{"rendered":"https:\/\/sabanadelamartours.com\/?post_type=product&#038;p=11956"},"modified":"2026-02-14T05:55:37","modified_gmt":"2026-02-14T05:55:37","slug":"-132","status":"publish","type":"product","link":"https:\/\/sabanadelamartours.com\/cs\/prohlidka\/-132\/","title":{"rendered":"Bavaro Adventure: Bavaroro: Buggy, k\u016f\u0148, \u0161plouch\u00e1n\u00ed, zip line &amp; Polaris"},"content":{"rendered":"<p>P\u0159ipravte se na den pln\u00fd z\u00e1bavy a adrenalinu! Vyzvedneme v\u00e1s z hotelu a zah\u00e1j\u00edme va\u0161e dobrodru\u017estv\u00ed v nejlep\u0161\u00edm z\u00e1bavn\u00edm parku v Punta Can\u011b.<\/p>\n<p>Pokud m\u00e1te r\u00e1di adrenalin a v\u00fdzvy, je pro v\u00e1s tento venkovn\u00ed dobrodru\u017en\u00fd park jako stvo\u0159en\u00fd. Park se nach\u00e1z\u00ed v p\u0159\u00edrodn\u00edm, ekologicky \u0161etrn\u00e9m prost\u0159ed\u00ed a rozkl\u00e1d\u00e1 se na v\u00edce ne\u017e 44 hektarech s 5,5 kilometry tras, odpo\u010d\u00edvadly, prostorem pro \u00fapravu fotografi\u00ed, d\u011btskou hern\u00ed z\u00f3nou, sprchami a uzamykateln\u00fdmi sk\u0159\u00ed\u0148kami.<\/p>\n<p>A\u0165 u\u017e jste zku\u0161en\u00ed dobrodruzi, nebo hled\u00e1te klidn\u011bj\u0161\u00ed aktivity, m\u016f\u017eete se t\u011b\u0161it na mo\u017enosti pro rodiny, jako jsou j\u00edzda na kole, lanov\u00e9 hry a d\u011btsk\u00e9 koutky.<\/p>\n<p>Pono\u0159te se do osv\u011b\u017euj\u00edc\u00edch p\u0159\u00edrodn\u00edch baz\u00e9n\u016f a u\u017eijte si relaxa\u010dn\u00ed koupel uprost\u0159ed p\u0159\u00edrody. Pro\u017eijte den pln\u00fd nezapomenuteln\u00fdch okam\u017eik\u016f, sm\u00edchu, z\u00e1bavy a v\u00fdzev.<\/p>\n<div class=\"toggle-content__content toggle-content__content--expanded toggle-content__content--packable\" data-v-59485d64=\"\">\n<div data-test-id=\"activity-full-description-text\" data-v-5835c99c=\"\">Ka\u017ed\u00e1 mo\u017enost nab\u00edz\u00ed jin\u00e9 aktivity. Nezapome\u0148te na\u010derpat s\u00edly lahodnou sn\u00eddan\u00ed a pokra\u010dovat v objevov\u00e1n\u00ed t\u00e9to vzru\u0161uj\u00edc\u00ed destinace v d\u017eungli.<\/div>\n<\/div>\n<div class=\"toggle-content__label-placeholder\" data-v-59485d64=\"\"><\/div>","protected":false},"excerpt":{"rendered":"<div data-track=\"overview\" data-v-83a2b402=\"\">\n<section id=\"activity-overview\" class=\"activity-overview\" data-component=\"overview\" data-v-83a2b402=\"\" data-v-f3236c42=\"\">\n<p class=\"activity-overview__content\" data-test-id=\"activity-overview-content\" data-v-f3236c42=\"\">Dobrodru\u017en\u00fd park Bavaro je ide\u00e1ln\u00edm m\u00edstem pro milovn\u00edky adrenalinu a p\u0159\u00edrody. Park se nach\u00e1z\u00ed uprost\u0159ed sv\u011b\u017e\u00ed krajiny a nab\u00edz\u00ed \u0161irokou \u0161k\u00e1lu z\u00e1bavn\u00fdch aktivit.<\/p>\n<\/section>\n<\/div>\n<div data-track=\"key-details\" data-v-83a2b402=\"\"><\/div>","protected":false},"featured_media":12285,"template":"","meta":[],"product_brand":[],"product_cat":[97],"product_tag":[101,102],"class_list":{"0":"post-11956","1":"product","2":"type-product","3":"status-publish","4":"has-post-thumbnail","6":"product_cat-dominican-republic","7":"product_tag-excursion","8":"product_tag-tour","10":"first","11":"instock","12":"shipping-taxable","13":"product-type-external"},"_links":{"self":[{"href":"https:\/\/sabanadelamartours.com\/cs\/wp-json\/wp\/v2\/product\/11956","targetHints":{"allow":["GET"]}}],"collection":[{"href":"https:\/\/sabanadelamartours.com\/cs\/wp-json\/wp\/v2\/product"}],"about":[{"href":"https:\/\/sabanadelamartours.com\/cs\/wp-json\/wp\/v2\/types\/product"}],"version-history":[{"count":1,"href":"https:\/\/sabanadelamartours.com\/cs\/wp-json\/wp\/v2\/product\/11956\/revisions"}],"predecessor-version":[{"id":19261,"href":"https:\/\/sabanadelamartours.com\/cs\/wp-json\/wp\/v2\/product\/11956\/revisions\/19261"}],"wp:featuredmedia":[{"embeddable":true,"href":"https:\/\/sabanadelamartours.com\/cs\/wp-json\/wp\/v2\/media\/12285"}],"wp:attachment":[{"href":"https:\/\/sabanadelamartours.com\/cs\/wp-json\/wp\/v2\/media?parent=11956"}],"wp:term":[{"taxonomy":"product_brand","embeddable":true,"href":"https:\/\/sabanadelamartours.com\/cs\/wp-json\/wp\/v2\/product_brand?post=11956"},{"taxonomy":"product_cat","embeddable":true,"href":"https:\/\/sabanadelamartours.com\/cs\/wp-json\/wp\/v2\/product_cat?post=11956"},{"taxonomy":"product_tag","embeddable":true,"href":"https:\/\/sabanadelamartours.com\/cs\/wp-json\/wp\/v2\/product_tag?post=11956"}],"curies":[{"name":"wp","href":"https:\/\/api.w.org\/{rel}","templated":true}]}}