{"id":11966,"date":"2025-12-18T10:33:02","date_gmt":"2025-12-18T10:33:02","guid":{"rendered":"https:\/\/sabanadelamartours.com\/?post_type=product&#038;p=11966"},"modified":"2026-02-09T05:42:51","modified_gmt":"2026-02-09T05:42:51","slug":"-134","status":"publish","type":"product","link":"https:\/\/sabanadelamartours.com\/cs\/prohlidka\/-134\/","title":{"rendered":"M\u011bsto Santo Domingo - \u201cPatrimonio colonial\u201d - celodenn\u00ed prohl\u00eddka"},"content":{"rendered":"<p>Objevte okouzluj\u00edc\u00ed p\u016fvab Santo Dominga, m\u011bsta s bohatou histori\u00ed, kulturou a \u00fachvatnou krajinou. Vydejte se na podmanivou cestu nejstar\u0161\u00edm hlavn\u00edm m\u011bstem \u201cNov\u00e9ho\u201d sv\u011bta, kde ka\u017ed\u00e1 dla\u017eebn\u00ed kostka vypr\u00e1v\u00ed p\u0159\u00edb\u011bh z minul\u00fdch stalet\u00ed.<\/p>\n<p>P\u0159ipojte se k na\u0161\u00ed prohl\u00eddce a za\u017eijte z\u00e1\u017eitek, na kter\u00fd bude vzpom\u00ednat cel\u00e1 rodina. V\u00e1\u0161 den za\u010d\u00edn\u00e1 bezprobl\u00e9mov\u00fdm vyzvednut\u00edm v hotelu, kde v\u00e1s doprovod\u00ed odborn\u00fd pr\u016fvodce, kter\u00fd v\u00e1s sezn\u00e1m\u00ed s poutavou histori\u00ed Dominik\u00e1nsk\u00e9 republiky.<\/p>\n<p>A\u017e se vyd\u00e1te do Santo Dominga, obdivujte \u00fachvatn\u00e9 cenoty v n\u00e1rodn\u00edm parku Los Tres Ojos, kter\u00fd je p\u0159\u00edrodn\u00edm z\u00e1zrakem \u010dekaj\u00edc\u00edm na prozkoum\u00e1n\u00ed. Pono\u0159te se do srdce m\u011bstsk\u00e9ho d\u011bdictv\u00ed a nav\u0161tivte ikonick\u00e9 pam\u00e1tky, jako je prvn\u00ed katedr\u00e1la v Americe, majest\u00e1tn\u00ed Palacio de Col\u00f3n a uct\u00edvan\u00fd N\u00e1rodn\u00ed Pantheon.<\/p>\n<p>Projd\u011bte se p\u016fvabn\u00fdmi dl\u00e1\u017ed\u011bn\u00fdmi uli\u010dkami \u201cD\u00e1msk\u00e9 \u010dtvrti\u201d, kter\u00e1 je nejstar\u0161\u00ed v Americe, a kochejte se panoramatick\u00fdmi v\u00fdhledy na koloni\u00e1ln\u00ed architekturu pod\u00e9l t\u0159\u00eddy Avenida Malec\u00f3n. Svou cestu zakon\u010dete n\u00e1v\u0161t\u011bvou v\u011b\u017eovit\u00e9ho Faro de Col\u00f3n, kter\u00e1 je dokladem trval\u00e9ho odkazu Santo Dominga.<\/p>\n<div class=\"toggle-content__content toggle-content__content--expanded toggle-content__content--packable\" data-v-59485d64=\"\">\n<div data-test-id=\"activity-full-description-text\" data-v-5835c99c=\"\">Poznejte kouzlo Santo Dominga - m\u011bsta, kde historie o\u017e\u00edv\u00e1 a dobrodru\u017estv\u00ed \u010dek\u00e1 na ka\u017ed\u00e9m kroku. Nenechte si uj\u00edt p\u0159\u00edle\u017eitost vydat se na tento nezapomenuteln\u00fd v\u00fdlet do srdce dominik\u00e1nsk\u00e9 kultury a d\u011bdictv\u00ed.<\/div>\n<\/div>\n<div class=\"toggle-content__label-placeholder\" data-v-59485d64=\"\"><\/div>","protected":false},"excerpt":{"rendered":"<div data-track=\"overview\" data-v-83a2b402=\"\">\n<section id=\"activity-overview\" class=\"activity-overview\" data-component=\"overview\" data-v-83a2b402=\"\" data-v-f3236c42=\"\">\n<p class=\"activity-overview__content\" data-test-id=\"activity-overview-content\" data-v-f3236c42=\"\">Objevte kouzlo m\u011bsta Santo Domingo: b\u011bhem tohoto v\u00fdletu na v\u00e1s \u010dek\u00e1 bohat\u00e1 historie, kultura a n\u00e1dhern\u00e1 krajina. Nezapomenuteln\u00e9 rodinn\u00e9 dobrodru\u017estv\u00ed! Nezapome\u0148te, \u017ee je to prvn\u00ed m\u011bsto v Americe.<\/p>\n<\/section>\n<\/div>\n<div data-track=\"key-details\" data-v-83a2b402=\"\"><\/div>","protected":false},"featured_media":12298,"template":"","meta":[],"product_brand":[],"product_cat":[97],"product_tag":[101,102],"class_list":{"0":"post-11966","1":"product","2":"type-product","3":"status-publish","4":"has-post-thumbnail","6":"product_cat-dominican-republic","7":"product_tag-excursion","8":"product_tag-tour","10":"first","11":"instock","12":"shipping-taxable","13":"product-type-external"},"_links":{"self":[{"href":"https:\/\/sabanadelamartours.com\/cs\/wp-json\/wp\/v2\/product\/11966","targetHints":{"allow":["GET"]}}],"collection":[{"href":"https:\/\/sabanadelamartours.com\/cs\/wp-json\/wp\/v2\/product"}],"about":[{"href":"https:\/\/sabanadelamartours.com\/cs\/wp-json\/wp\/v2\/types\/product"}],"version-history":[{"count":1,"href":"https:\/\/sabanadelamartours.com\/cs\/wp-json\/wp\/v2\/product\/11966\/revisions"}],"predecessor-version":[{"id":18870,"href":"https:\/\/sabanadelamartours.com\/cs\/wp-json\/wp\/v2\/product\/11966\/revisions\/18870"}],"wp:featuredmedia":[{"embeddable":true,"href":"https:\/\/sabanadelamartours.com\/cs\/wp-json\/wp\/v2\/media\/12298"}],"wp:attachment":[{"href":"https:\/\/sabanadelamartours.com\/cs\/wp-json\/wp\/v2\/media?parent=11966"}],"wp:term":[{"taxonomy":"product_brand","embeddable":true,"href":"https:\/\/sabanadelamartours.com\/cs\/wp-json\/wp\/v2\/product_brand?post=11966"},{"taxonomy":"product_cat","embeddable":true,"href":"https:\/\/sabanadelamartours.com\/cs\/wp-json\/wp\/v2\/product_cat?post=11966"},{"taxonomy":"product_tag","embeddable":true,"href":"https:\/\/sabanadelamartours.com\/cs\/wp-json\/wp\/v2\/product_tag?post=11966"}],"curies":[{"name":"wp","href":"https:\/\/api.w.org\/{rel}","templated":true}]}}