{"id":11967,"date":"2025-12-18T10:33:02","date_gmt":"2025-12-18T10:33:02","guid":{"rendered":"https:\/\/sabanadelamartours.com\/?post_type=product&#038;p=11967"},"modified":"2026-02-09T05:41:18","modified_gmt":"2026-02-09T05:41:18","slug":"-135","status":"publish","type":"product","link":"https:\/\/sabanadelamartours.com\/cs\/prohlidka\/-135\/","title":{"rendered":"Bayahibe La Romana: Prohl\u00eddka na bugin\u00e1ch + rivi\u00e9ra s dopravou"},"content":{"rendered":"<p>Prvn\u00ed sm\u011bna: 8:00 - 12:00 hod.<\/p>\n<p>Vyzvednut\u00ed v 8:00: Za\u010dn\u011bte sv\u016fj den vzru\u0161uj\u00edc\u00edm v\u00fdletem v bugin\u00e1ch v Bayahibe, kde v\u00e1s vyzvedneme, abyste za\u017eili tento jedine\u010dn\u00fd z\u00e1\u017eitek.<\/p>\n<p>Prozkoumejte a objevujte:<\/p>\n<p>Bateyes a cukrov\u00e1 t\u0159tina: Pono\u0159te se do m\u00edstn\u00ed kultury p\u0159i prohl\u00eddce bateyes a ochutn\u00e1vce prav\u00e9 cukrov\u00e9 t\u0159tiny.<\/p>\n<p>Dobrodru\u017estv\u00ed na \u0159ece Chav\u00f3n: Za\u017eijte vzru\u0161uj\u00edc\u00ed vody \u0159eky Chav\u00f3n s osv\u011b\u017euj\u00edc\u00edm koup\u00e1n\u00edm a vodn\u00edmi aktivitami.<\/p>\n<p>N\u00e1v\u0161t\u011bva ran\u010de a ochutn\u00e1vka: Vychutnejte si hostinu z \u010derstv\u00e9ho ovoce, k\u00e1vy a \u010dokol\u00e1dy na m\u00edstn\u00edm ran\u010di a z\u00e1rove\u0148 si prohl\u00e9dn\u011bte tropick\u00e9 plant\u00e1\u017ee.<\/p>\n<p>N\u00e1vrat ve 12:00 hodin: Po dopoledni pln\u00e9m objev\u016f se v poledne vr\u00e1t\u00edme do v\u00fdchoz\u00edho bodu.<\/p>\n<p>Druh\u00e1 sm\u011bna: 14:00 - 17:30 hod.<\/p>\n<p>Vyzvednut\u00ed ve 14:00: P\u0159ipravte se na vzru\u0161uj\u00edc\u00ed odpoledne s dal\u0161\u00edm v\u00fdletem s ko\u010d\u00e1rem.<\/p>\n<p>Dal\u0161\u00ed dobrodru\u017estv\u00ed:<\/p>\n<p>Pr\u016fzkum v Bateyes a cukrov\u00e9 t\u0159tin\u011b: Vydejte se na cestu do bateyes a pronikn\u011bte hloub\u011bji do m\u00edstn\u00ed kultury.<\/p>\n<p>Nov\u00e9 dobrodru\u017estv\u00ed na \u0159ece Chav\u00f3n: Pono\u0159te se znovu do vod \u0159eky a u\u017eijte si vodn\u00ed aktivity.<\/p>\n<p>Druh\u00e1 degustace na ran\u010di: Vra\u0165te se na ran\u010d a vychutnejte si dal\u0161\u00ed m\u00edstn\u00ed pochoutky a kulturn\u00ed z\u00e1\u017eitek.<\/p>\n<div class=\"toggle-content__content toggle-content__content--expanded toggle-content__content--packable\" data-v-59485d64=\"\">\n<div data-test-id=\"activity-full-description-text\" data-v-5835c99c=\"\">N\u00e1vrat v 17:30: Exkurzi ukon\u010d\u00edme p\u0159i z\u00e1padu slunce a na m\u00edsto se vr\u00e1t\u00edme v 17:30.<\/div>\n<\/div>\n<div class=\"toggle-content__label-placeholder\" data-v-59485d64=\"\"><\/div>","protected":false},"excerpt":{"rendered":"<div data-track=\"overview\" data-v-83a2b402=\"\">\n<section id=\"activity-overview\" class=\"activity-overview\" data-component=\"overview\" data-v-83a2b402=\"\" data-v-f3236c42=\"\">\n<p class=\"activity-overview__content\" data-test-id=\"activity-overview-content\" data-v-f3236c42=\"\">\u201cProzkoumejte La Romanu \u010dty\u0159kolkou nebo buginou 4\u00d74 z Bayahibe. Proj\u00ed\u017ed\u011bjte velkolepou krajinou, objevujte nedot\u010den\u00e9 pl\u00e1\u017ee a pono\u0159te se do m\u00edstn\u00ed kultury b\u011bhem tohoto vzru\u0161uj\u00edc\u00edho pob\u0159e\u017en\u00edho dobrodru\u017estv\u00ed.\u201d<\/p>\n<\/section>\n<\/div>\n<div data-track=\"key-details\" data-v-83a2b402=\"\"><\/div>","protected":false},"featured_media":12306,"template":"","meta":[],"product_brand":[],"product_cat":[97],"product_tag":[101,102],"class_list":{"0":"post-11967","1":"product","2":"type-product","3":"status-publish","4":"has-post-thumbnail","6":"product_cat-dominican-republic","7":"product_tag-excursion","8":"product_tag-tour","10":"first","11":"instock","12":"shipping-taxable","13":"product-type-external"},"_links":{"self":[{"href":"https:\/\/sabanadelamartours.com\/cs\/wp-json\/wp\/v2\/product\/11967","targetHints":{"allow":["GET"]}}],"collection":[{"href":"https:\/\/sabanadelamartours.com\/cs\/wp-json\/wp\/v2\/product"}],"about":[{"href":"https:\/\/sabanadelamartours.com\/cs\/wp-json\/wp\/v2\/types\/product"}],"version-history":[{"count":1,"href":"https:\/\/sabanadelamartours.com\/cs\/wp-json\/wp\/v2\/product\/11967\/revisions"}],"predecessor-version":[{"id":18869,"href":"https:\/\/sabanadelamartours.com\/cs\/wp-json\/wp\/v2\/product\/11967\/revisions\/18869"}],"wp:featuredmedia":[{"embeddable":true,"href":"https:\/\/sabanadelamartours.com\/cs\/wp-json\/wp\/v2\/media\/12306"}],"wp:attachment":[{"href":"https:\/\/sabanadelamartours.com\/cs\/wp-json\/wp\/v2\/media?parent=11967"}],"wp:term":[{"taxonomy":"product_brand","embeddable":true,"href":"https:\/\/sabanadelamartours.com\/cs\/wp-json\/wp\/v2\/product_brand?post=11967"},{"taxonomy":"product_cat","embeddable":true,"href":"https:\/\/sabanadelamartours.com\/cs\/wp-json\/wp\/v2\/product_cat?post=11967"},{"taxonomy":"product_tag","embeddable":true,"href":"https:\/\/sabanadelamartours.com\/cs\/wp-json\/wp\/v2\/product_tag?post=11967"}],"curies":[{"name":"wp","href":"https:\/\/api.w.org\/{rel}","templated":true}]}}