{"id":12006,"date":"2025-12-18T10:34:58","date_gmt":"2025-12-18T10:34:58","guid":{"rendered":"https:\/\/sabanadelamartours.com\/?post_type=product&#038;p=12006"},"modified":"2026-01-06T12:16:02","modified_gmt":"2026-01-06T12:16:02","slug":"-137","status":"publish","type":"product","link":"https:\/\/sabanadelamartours.com\/cs\/prohlidka\/-137\/","title":{"rendered":"Puerto Plata: Sv\u011bt oce\u00e1n\u016f: Denn\u00ed vstupenka do dobrodru\u017en\u00e9ho parku Ocean World"},"content":{"rendered":"<p>Discover the largest manmade dolphin habitat in the world at Ocean World Puerto Plata, a must-see attraction for any visit to the Dominican Republic.<\/p>\n<p>With a full-day pass, you can snorkel in a tropical reef aquarium, learn more about marine mammals from expert handlers, get up-close to feed tropical birds and walk through a tropical rainforest, Bird Exhibit and Habitat of Iguanas.<\/p>\n<p>The pass also includes access to some of the animal shows. Have fun with the playful sea lions, watch the skill of the dolphins, and see all the drama of the shark show. Then, relax on Dolphin Beach and soak up some Caribbean rays.<\/p>\n<p>With lunch and lounge chairs included as part of the package, this is your passport to a world of marine adventures.<\/p>","protected":false},"excerpt":{"rendered":"<div data-track=\"overview\" data-v-83a2b402=\"\">\n<section id=\"activity-overview\" class=\"activity-overview\" data-component=\"overview\" data-v-83a2b402=\"\" data-v-f3236c42=\"\">\n<p class=\"activity-overview__content\" data-test-id=\"activity-overview-content\" data-v-f3236c42=\"\">Vychutnejte si sv\u011bt vodn\u00edch dobrodru\u017estv\u00ed v Ocean World Puerto Plata s celodenn\u00ed vstupenkou, kter\u00e1 umo\u017e\u0148uje vstup na v\u0161echna p\u0159edstaven\u00ed a tropick\u00e9 \u00fatesy. Nakrmte exotick\u00e9 pt\u00e1ky, projd\u011bte se de\u0161tn\u00fdm pralesem, pozorujte delf\u00edny, \u017eraloky a lachtany a mnoho dal\u0161\u00edho.<\/p>\n<\/section>\n<\/div>\n<div data-track=\"key-details\" data-v-83a2b402=\"\"><\/div>","protected":false},"featured_media":12336,"template":"","meta":[],"product_brand":[],"product_cat":[97],"product_tag":[101,102],"class_list":{"0":"post-12006","1":"product","2":"type-product","3":"status-publish","4":"has-post-thumbnail","6":"product_cat-dominican-republic","7":"product_tag-excursion","8":"product_tag-tour","10":"first","11":"instock","12":"shipping-taxable","13":"product-type-external"},"_links":{"self":[{"href":"https:\/\/sabanadelamartours.com\/cs\/wp-json\/wp\/v2\/product\/12006","targetHints":{"allow":["GET"]}}],"collection":[{"href":"https:\/\/sabanadelamartours.com\/cs\/wp-json\/wp\/v2\/product"}],"about":[{"href":"https:\/\/sabanadelamartours.com\/cs\/wp-json\/wp\/v2\/types\/product"}],"version-history":[{"count":1,"href":"https:\/\/sabanadelamartours.com\/cs\/wp-json\/wp\/v2\/product\/12006\/revisions"}],"predecessor-version":[{"id":18529,"href":"https:\/\/sabanadelamartours.com\/cs\/wp-json\/wp\/v2\/product\/12006\/revisions\/18529"}],"wp:featuredmedia":[{"embeddable":true,"href":"https:\/\/sabanadelamartours.com\/cs\/wp-json\/wp\/v2\/media\/12336"}],"wp:attachment":[{"href":"https:\/\/sabanadelamartours.com\/cs\/wp-json\/wp\/v2\/media?parent=12006"}],"wp:term":[{"taxonomy":"product_brand","embeddable":true,"href":"https:\/\/sabanadelamartours.com\/cs\/wp-json\/wp\/v2\/product_brand?post=12006"},{"taxonomy":"product_cat","embeddable":true,"href":"https:\/\/sabanadelamartours.com\/cs\/wp-json\/wp\/v2\/product_cat?post=12006"},{"taxonomy":"product_tag","embeddable":true,"href":"https:\/\/sabanadelamartours.com\/cs\/wp-json\/wp\/v2\/product_tag?post=12006"}],"curies":[{"name":"wp","href":"https:\/\/api.w.org\/{rel}","templated":true}]}}